{"id":102,"date":"2013-08-06T10:53:44","date_gmt":"2013-08-06T10:53:44","guid":{"rendered":"http:\/\/mattarlaw.com\/?page_id=102"},"modified":"2026-02-24T11:15:00","modified_gmt":"2026-02-24T09:15:00","slug":"avocat-liban","status":"publish","type":"page","link":"https:\/\/mattarlaw.com\/fr\/avocat-liban\/","title":{"rendered":"Qui Sommes Nous"},"content":{"rendered":"<h1>Qui Sommes Nous<\/h1>\n<p>Plus de 60 ans d&rsquo;exp\u00e9rience dans tous les domaines l\u00e9gaux.<\/p>\n<p>Notre bureau offre ses services juridiques depuis 1963.<br \/>Notre professionnel, honn\u00eate et dur travail durant notre carri\u00e8re nous a donn\u00e9 une r\u00e9putation excellente en traitant de cas et d&rsquo;affaires localement et au niveau international.<\/p>\n<p>Vous pouvez voir quelques cas dans la section des<a href=\"https:\/\/mattarlaw.com\/fr\/cabinet-avocats-au-liban-affaires\/\">\u00a0Affaires.<\/a><\/p>\n<p>Nous nous contentons de deux t\u00e9moignages de deux fameux avocats dans l&rsquo;histoire l\u00e9gale du Liban.<\/p>\n<p>Apr\u00e8s un proc\u00e8s r\u00e9ussi devant la cour criminelle de Beyrouth alors qu&rsquo;il \u00e9tait jeune avocat l&rsquo;avocat Abdallah Lahoud f\u00e9licita Me Salah Mattar et lui pr\u00e9dit un futur brillant,que ce soit en lettres ou en Droit.<\/p>\n<p>\u00ab\u00a0Peu d&rsquo;avocats sont comme Salah Mattar<br \/>capable de mette langage et litt\u00e9rature au service du barreau\u00a0\u00bb<\/p>\n<p><strong>Feu Edward Hnein, Parlementaire, Avocat \u00e0 la cour et \u00e9crivain.<\/strong><\/p>\n<p>\u00ab\u00a0Pas tous les avocats fameux sont d&rsquo;un grand \u00e2ge<br \/>mon ami Salah Mattar est un d&rsquo;eux et je suis fier de lui\u00a0\u00bb<\/p>\n<p><strong>Feu Mohsen Slim, Avocat \u00e0 la cour.<\/strong><\/p>\n","protected":false},"excerpt":{"rendered":"<p>Qui Sommes Nous Plus de 60 ans d&rsquo;exp\u00e9rience dans tous les domaines l\u00e9gaux. Notre bureau offre ses services juridiques depuis 1963.Notre professionnel, honn\u00eate et dur travail durant notre carri\u00e8re nous a donn\u00e9 une r\u00e9putation excellente en traitant de cas et d&rsquo;affaires localement et au niveau international. Vous pouvez voir quelques cas dans la section des\u00a0Affaires. [&hellip;]<\/p>\n","protected":false},"author":2,"featured_media":0,"parent":0,"menu_order":0,"comment_status":"closed","ping_status":"closed","template":"","meta":{"_joinchat":[],"footnotes":""},"class_list":["post-102","page","type-page","status-publish","hentry"],"yoast_head":"<!-- This site is optimized with the Yoast SEO plugin v24.4 - https:\/\/yoast.com\/wordpress\/plugins\/seo\/ -->\n<title>Qui Sommes Nous | Cabinet d&#039;avocats Mattar | Liban | Beyrouth<\/title>\n<meta name=\"description\" content=\"Le Cabinet d&#039;avocats Mattar est un Cabinet au Liban avec plus de 60 ans d&#039;exp\u00e9rience et de Pratique Juridique.\" \/>\n<meta name=\"robots\" content=\"index, follow, max-snippet:-1, max-image-preview:large, max-video-preview:-1\" \/>\n<link rel=\"canonical\" href=\"https:\/\/mattarlaw.com\/fr\/avocat-liban\/\" \/>\n<meta property=\"og:locale\" content=\"fr_FR\" \/>\n<meta property=\"og:locale:alternate\" content=\"en_US\" \/>\n<meta property=\"og:locale:alternate\" content=\"ar\" \/>\n<meta property=\"og:type\" content=\"article\" \/>\n<meta property=\"og:title\" content=\"Qui Sommes Nous | Cabinet d&#039;avocats Mattar | Liban | Beyrouth\" \/>\n<meta property=\"og:description\" content=\"Le Cabinet d&#039;avocats Mattar est un Cabinet au Liban avec plus de 60 ans d&#039;exp\u00e9rience et de Pratique Juridique.\" \/>\n<meta property=\"og:url\" content=\"https:\/\/mattarlaw.com\/fr\/avocat-liban\/\" \/>\n<meta property=\"og:site_name\" content=\"Mattar Law Firm, Beirut.\" \/>\n<meta property=\"article:publisher\" content=\"https:\/\/www.facebook.com\/mattarlaw\/\" \/>\n<meta property=\"article:modified_time\" content=\"2026-02-24T09:15:00+00:00\" \/>\n<meta property=\"og:image\" content=\"https:\/\/mattarlaw.com\/wp-content\/uploads\/2023\/08\/Untitled-design-96.png\" \/>\n\t<meta property=\"og:image:width\" content=\"512\" \/>\n\t<meta property=\"og:image:height\" content=\"512\" \/>\n\t<meta property=\"og:image:type\" content=\"image\/png\" \/>\n<meta name=\"twitter:card\" content=\"summary_large_image\" \/>\n<meta name=\"twitter:site\" content=\"@MattarLawFirm\" \/>\n<meta name=\"twitter:label1\" content=\"Dur\u00e9e de lecture estim\u00e9e\" \/>\n\t<meta name=\"twitter:data1\" content=\"1 minute\" \/>\n<script type=\"application\/ld+json\" class=\"yoast-schema-graph\">{\"@context\":\"https:\/\/schema.org\",\"@graph\":[{\"@type\":\"WebPage\",\"@id\":\"https:\/\/mattarlaw.com\/ar\/\u0645\u062d\u0627\u0645\u0648\u0646-\u0641\u064a-\u0644\u0628\u0646\u0627\u0646-\u062a\u0639\u0631\u064a\u0641\/\",\"url\":\"https:\/\/mattarlaw.com\/ar\/\u0645\u062d\u0627\u0645\u0648\u0646-\u0641\u064a-\u0644\u0628\u0646\u0627\u0646-\u062a\u0639\u0631\u064a\u0641\/\",\"name\":\"Qui Sommes Nous | Cabinet d'avocats Mattar | Liban | Beyrouth\",\"isPartOf\":{\"@id\":\"https:\/\/mattarlaw.com\/#website\"},\"datePublished\":\"2013-08-06T10:53:44+00:00\",\"dateModified\":\"2026-02-24T09:15:00+00:00\",\"description\":\"Le Cabinet d'avocats Mattar est un Cabinet au Liban avec plus de 60 ans d'exp\u00e9rience et de Pratique Juridique.\",\"breadcrumb\":{\"@id\":\"https:\/\/mattarlaw.com\/ar\/\u0645\u062d\u0627\u0645\u0648\u0646-\u0641\u064a-\u0644\u0628\u0646\u0627\u0646-\u062a\u0639\u0631\u064a\u0641\/#breadcrumb\"},\"inLanguage\":\"fr-FR\",\"potentialAction\":[{\"@type\":\"ReadAction\",\"target\":[\"https:\/\/mattarlaw.com\/ar\/\u0645\u062d\u0627\u0645\u0648\u0646-\u0641\u064a-\u0644\u0628\u0646\u0627\u0646-\u062a\u0639\u0631\u064a\u0641\/\"]}]},{\"@type\":\"BreadcrumbList\",\"@id\":\"https:\/\/mattarlaw.com\/ar\/\u0645\u062d\u0627\u0645\u0648\u0646-\u0641\u064a-\u0644\u0628\u0646\u0627\u0646-\u062a\u0639\u0631\u064a\u0641\/#breadcrumb\",\"itemListElement\":[{\"@type\":\"ListItem\",\"position\":1,\"name\":\"Home\",\"item\":\"https:\/\/mattarlaw.com\/\"},{\"@type\":\"ListItem\",\"position\":2,\"name\":\"\u0645\u0646 \u0646\u062d\u0646\"}]},{\"@type\":\"WebSite\",\"@id\":\"https:\/\/mattarlaw.com\/#website\",\"url\":\"https:\/\/mattarlaw.com\/\",\"name\":\"Mattar Law Firm\",\"description\":\"Mattar Law Firm, A Tradition of Legal Excellence Throughout Generations.\",\"publisher\":{\"@id\":\"https:\/\/mattarlaw.com\/#organization\"},\"alternateName\":\"Mattarlaw\",\"potentialAction\":[{\"@type\":\"SearchAction\",\"target\":{\"@type\":\"EntryPoint\",\"urlTemplate\":\"https:\/\/mattarlaw.com\/?s={search_term_string}\"},\"query-input\":{\"@type\":\"PropertyValueSpecification\",\"valueRequired\":true,\"valueName\":\"search_term_string\"}}],\"inLanguage\":\"fr-FR\"},{\"@type\":\"Organization\",\"@id\":\"https:\/\/mattarlaw.com\/fr\/#organization\",\"name\":\"Mattar Law Firm - Cabinet D'avocats Mattar - \u0645\u0643\u062a\u0628 \u0645\u0637\u0631 \u0644\u0644\u0645\u062d\u0627\u0645\u0627\u0629\",\"url\":\"https:\/\/mattarlaw.com\/\",\"logo\":{\"@type\":\"ImageObject\",\"url\":\"https:\/\/mattarlaw.com\/wp-content\/uploads\/2023\/08\/Logo-7.png\"},\"image\":{\"@id\":\"https:\/\/mattarlaw.com\/#\/schema\/logo\/image\/\"},\"sameAs\":[\"https:\/\/www.facebook.com\/mattarlaw\/\",\"https:\/\/x.com\/MattarLawFirm\",\"https:\/\/www.instagram.com\/mattarlawfirm\/\",\"https:\/\/www.linkedin.com\/company\/mattar-law-firm\"],\"alternateName\":[\"Mattar Law Firm\",\"Cabinet D'avocats Mattar\",\"\u0645\u0643\u062a\u0628 \u0645\u0637\u0631 \u0644\u0644\u0645\u062d\u0627\u0645\u0627\u0629\"],\"foundingDate\":\"1963\",\"founder\":{\"@type\":\"Person\",\"name\":\"Salah A. Mattar\"},\"memberOf\":[{\"@type\":\"Organization\",\"name\":\"Beirut Bar Association\"}],\"award\":[\"Golden Medal \u2013 Beirut Bar Association of Lawyers in Beirut (2013)\"],\"address\":{\"@type\":\"PostalAddress\",\"streetAddress\":\"Badaro, Sami El Solh Street, Fakih Bldg, 7th Floor\",\"addressLocality\":\"Beirut\",\"addressCountry\":\"LB\"},\"contactPoint\":[{\"@type\":\"ContactPoint\",\"telephone\":\"+961 3 359 646\",\"contactType\":\"customer service\",\"areaServed\":[\"LB\",\"Worldwide\"],\"availableLanguage\":[\"English\",\"Arabic\",\"French\"]}],\"subOrganization\":[{\"@type\":\"Organization\",\"name\":\"Mattar Law Firm Dubai (Associate Office)\",\"address\":{\"@type\":\"PostalAddress\",\"addressLocality\":\"Dubai\",\"addressCountry\":\"AE\"}},{\"@type\":\"Organization\",\"name\":\"Mattar Law Firm London (Associate Office)\",\"address\":{\"@type\":\"PostalAddress\",\"addressLocality\":\"London\",\"addressCountry\":\"GB\"}},{\"@type\":\"Organization\",\"name\":\"Mattar Law Firm Paris (Associate Office)\",\"address\":{\"@type\":\"PostalAddress\",\"addressLocality\":\"Paris\",\"addressCountry\":\"FR\"}},{\"@type\":\"Organization\",\"name\":\"Mattar Law Firm Rome (Associate Office)\",\"address\":{\"@type\":\"PostalAddress\",\"addressLocality\":\"Rome\",\"addressCountry\":\"IT\"}}]}]}<\/script>\n<!-- \/ Yoast SEO plugin. -->","yoast_head_json":{"title":"Qui Sommes Nous | Cabinet d'avocats Mattar | Liban | Beyrouth","description":"Le Cabinet d'avocats Mattar est un Cabinet au Liban avec plus de 60 ans d'exp\u00e9rience et de Pratique Juridique.","robots":{"index":"index","follow":"follow","max-snippet":"max-snippet:-1","max-image-preview":"max-image-preview:large","max-video-preview":"max-video-preview:-1"},"canonical":"https:\/\/mattarlaw.com\/fr\/avocat-liban\/","og_locale":"fr_FR","og_type":"article","og_title":"[:en]About Us | Mattar Law Firm | Attorneys in Lebanon | Beirut Lawyers[:fr]Qui Sommes Nous | Cabinet d'avocats Mattar | Liban | Beyrouth[:ar]\u0645\u0646 \u0646\u062d\u0646 | \u0645\u0643\u062a\u0628 \u0645\u0637\u0631 \u0644\u0644\u0645\u062d\u0627\u0645\u0627\u0629 \u0644\u0628\u0646\u0627\u0646 | \u0645\u062d\u0627\u0645\u0648\u0646 \u0641\u064a \u0628\u064a\u0631\u0648\u062a[:]","og_description":"[:en]Mattar Law Firm is a law firm in Lebanon composed of expert attorneys with over 60 years of experience and legal practice.[:fr]Le Cabinet d'avocats Mattar est un Cabinet au Liban avec plus de 60 ans d'exp\u00e9rience et de Pratique Juridique.[:ar]\u0645\u0643\u062a\u0628 \u0645\u0637\u0631 \u0644\u0644\u0645\u062d\u0627\u0645\u0627\u0629 \u0645\u0643\u062a\u0628 \u0645\u062d\u0627\u0645\u0627\u0629 \u0641\u064a \u0644\u0628\u0646\u0627\u0646 \u0645\u0624\u0644\u0641 \u0645\u0646 \u0645\u062d\u0627\u0645\u064a\u0646 \u0630\u0648\u064a \u062e\u0628\u0631\u0629 \u064a\u062a\u0645\u062a\u0639 \u0628\u062e\u0628\u0631\u0629 \u0648\u0645\u0645\u0627\u0631\u0633\u0629 \u0642\u0627\u0646\u0648\u0646\u064a\u0629 \u062a\u0632\u064a\u062f \u0639\u0646 60 \u0639\u0627\u0645\u064b\u0627[:]","og_url":"https:\/\/mattarlaw.com\/fr\/avocat-liban\/","og_site_name":"Mattar Law Firm, Beirut.","article_publisher":"https:\/\/www.facebook.com\/mattarlaw\/","article_modified_time":"2026-02-24T09:15:00+00:00","og_image":[{"width":512,"height":512,"url":"https:\/\/mattarlaw.com\/wp-content\/uploads\/2023\/08\/Untitled-design-96.png","type":"image\/png"}],"twitter_card":"summary_large_image","twitter_site":"@MattarLawFirm","twitter_misc":{"Dur\u00e9e de lecture estim\u00e9e":"1 minute"},"schema":{"@context":"https:\/\/schema.org","@graph":[{"@type":"WebPage","@id":"https:\/\/mattarlaw.com\/ar\/\u0645\u062d\u0627\u0645\u0648\u0646-\u0641\u064a-\u0644\u0628\u0646\u0627\u0646-\u062a\u0639\u0631\u064a\u0641\/","url":"https:\/\/mattarlaw.com\/ar\/\u0645\u062d\u0627\u0645\u0648\u0646-\u0641\u064a-\u0644\u0628\u0646\u0627\u0646-\u062a\u0639\u0631\u064a\u0641\/","name":"Qui Sommes Nous | Cabinet d'avocats Mattar | Liban | Beyrouth","isPartOf":{"@id":"https:\/\/mattarlaw.com\/#website"},"datePublished":"2013-08-06T10:53:44+00:00","dateModified":"2026-02-24T09:15:00+00:00","description":"Le Cabinet d'avocats Mattar est un Cabinet au Liban avec plus de 60 ans d'exp\u00e9rience et de Pratique Juridique.","breadcrumb":{"@id":"https:\/\/mattarlaw.com\/ar\/\u0645\u062d\u0627\u0645\u0648\u0646-\u0641\u064a-\u0644\u0628\u0646\u0627\u0646-\u062a\u0639\u0631\u064a\u0641\/#breadcrumb"},"inLanguage":"fr-FR","potentialAction":[{"@type":"ReadAction","target":["https:\/\/mattarlaw.com\/ar\/\u0645\u062d\u0627\u0645\u0648\u0646-\u0641\u064a-\u0644\u0628\u0646\u0627\u0646-\u062a\u0639\u0631\u064a\u0641\/"]}]},{"@type":"BreadcrumbList","@id":"https:\/\/mattarlaw.com\/ar\/\u0645\u062d\u0627\u0645\u0648\u0646-\u0641\u064a-\u0644\u0628\u0646\u0627\u0646-\u062a\u0639\u0631\u064a\u0641\/#breadcrumb","itemListElement":[{"@type":"ListItem","position":1,"name":"Home","item":"https:\/\/mattarlaw.com\/"},{"@type":"ListItem","position":2,"name":"\u0645\u0646 \u0646\u062d\u0646"}]},{"@type":"WebSite","@id":"https:\/\/mattarlaw.com\/#website","url":"https:\/\/mattarlaw.com\/","name":"Mattar Law Firm","description":"Mattar Law Firm, A Tradition of Legal Excellence Throughout Generations.","publisher":{"@id":"https:\/\/mattarlaw.com\/#organization"},"alternateName":"Mattarlaw","potentialAction":[{"@type":"SearchAction","target":{"@type":"EntryPoint","urlTemplate":"https:\/\/mattarlaw.com\/?s={search_term_string}"},"query-input":{"@type":"PropertyValueSpecification","valueRequired":true,"valueName":"search_term_string"}}],"inLanguage":"fr-FR"},{"@type":"Organization","@id":"https:\/\/mattarlaw.com\/fr\/#organization","name":"Mattar Law Firm - Cabinet D'avocats Mattar - \u0645\u0643\u062a\u0628 \u0645\u0637\u0631 \u0644\u0644\u0645\u062d\u0627\u0645\u0627\u0629","url":"https:\/\/mattarlaw.com\/","logo":{"@type":"ImageObject","url":"https:\/\/mattarlaw.com\/wp-content\/uploads\/2023\/08\/Logo-7.png"},"image":{"@id":"https:\/\/mattarlaw.com\/#\/schema\/logo\/image\/"},"sameAs":["https:\/\/www.facebook.com\/mattarlaw\/","https:\/\/x.com\/MattarLawFirm","https:\/\/www.instagram.com\/mattarlawfirm\/","https:\/\/www.linkedin.com\/company\/mattar-law-firm"],"alternateName":["Mattar Law Firm","Cabinet D'avocats Mattar","\u0645\u0643\u062a\u0628 \u0645\u0637\u0631 \u0644\u0644\u0645\u062d\u0627\u0645\u0627\u0629"],"foundingDate":"1963","founder":{"@type":"Person","name":"Salah A. Mattar"},"memberOf":[{"@type":"Organization","name":"Beirut Bar Association"}],"award":["Golden Medal \u2013 Beirut Bar Association of Lawyers in Beirut (2013)"],"address":{"@type":"PostalAddress","streetAddress":"Badaro, Sami El Solh Street, Fakih Bldg, 7th Floor","addressLocality":"Beirut","addressCountry":"LB"},"contactPoint":[{"@type":"ContactPoint","telephone":"+961 3 359 646","contactType":"customer service","areaServed":["LB","Worldwide"],"availableLanguage":["English","Arabic","French"]}],"subOrganization":[{"@type":"Organization","name":"Mattar Law Firm Dubai (Associate Office)","address":{"@type":"PostalAddress","addressLocality":"Dubai","addressCountry":"AE"}},{"@type":"Organization","name":"Mattar Law Firm London (Associate Office)","address":{"@type":"PostalAddress","addressLocality":"London","addressCountry":"GB"}},{"@type":"Organization","name":"Mattar Law Firm Paris (Associate Office)","address":{"@type":"PostalAddress","addressLocality":"Paris","addressCountry":"FR"}},{"@type":"Organization","name":"Mattar Law Firm Rome (Associate Office)","address":{"@type":"PostalAddress","addressLocality":"Rome","addressCountry":"IT"}}]}]}},"_links":{"self":[{"href":"https:\/\/mattarlaw.com\/fr\/wp-json\/wp\/v2\/pages\/102","targetHints":{"allow":["GET"]}}],"collection":[{"href":"https:\/\/mattarlaw.com\/fr\/wp-json\/wp\/v2\/pages"}],"about":[{"href":"https:\/\/mattarlaw.com\/fr\/wp-json\/wp\/v2\/types\/page"}],"author":[{"embeddable":true,"href":"https:\/\/mattarlaw.com\/fr\/wp-json\/wp\/v2\/users\/2"}],"replies":[{"embeddable":true,"href":"https:\/\/mattarlaw.com\/fr\/wp-json\/wp\/v2\/comments?post=102"}],"version-history":[{"count":3,"href":"https:\/\/mattarlaw.com\/fr\/wp-json\/wp\/v2\/pages\/102\/revisions"}],"predecessor-version":[{"id":7756,"href":"https:\/\/mattarlaw.com\/fr\/wp-json\/wp\/v2\/pages\/102\/revisions\/7756"}],"wp:attachment":[{"href":"https:\/\/mattarlaw.com\/fr\/wp-json\/wp\/v2\/media?parent=102"}],"curies":[{"name":"wp","href":"https:\/\/api.w.org\/{rel}","templated":true}]}}