{"id":134,"date":"2013-08-06T12:25:55","date_gmt":"2013-08-06T12:25:55","guid":{"rendered":"http:\/\/mattarlaw.com\/?page_id=134"},"modified":"2025-08-24T18:49:56","modified_gmt":"2025-08-24T16:49:56","slug":"immobilier-proprietes-liban-avocats","status":"publish","type":"page","link":"https:\/\/mattarlaw.com\/fr\/immobilier-proprietes-liban-avocats\/","title":{"rendered":"Immobilier au Liban"},"content":{"rendered":"<p><!--:en--><\/p>\n<h1><span style=\"font-size: 15px;\">Immobilier au Liban<\/span><\/h1>\n<p><span style=\"font-size: 15px;\">Nos Avocats vous aideront en ce qui concerne l&rsquo;acquisition de biens immobiliers au Liban, \u00e0 Beyrouth ou ailleurs&#8230;<\/span><\/p>\n<p>Notre d\u00e9partement sp\u00e9cialis\u00e9 dans l&rsquo;immobilier et constitu\u00e9 de nombreux avocats exp\u00e9riment\u00e9s est pr\u00eat \u00e0 tout service.<\/p>\n<p class=\"bigt\">Des Records dans les investissements et de grandes incitations pour investir dans le march\u00e9 des biens immobiliers au Liban<\/p>\n<p>Le 20 mars 2001, le Parlement<br \/>\na apport\u00e9 des changements<br \/>\net des amendements sur la loi au sujet de l&rsquo;acquisition \u00e9trang\u00e8re de la propri\u00e9t\u00e9 au Liban, qui a \u00e9t\u00e9 propos\u00e9e par le Cabinet le 13 d\u00e9cembre 2000.<br \/>\n<a href=\"http:\/\/mattarlaw.com\/wp-content\/uploads\/2013\/08\/lebanon-real-estate-map.gif\"><img fetchpriority=\"high\" decoding=\"async\" class=\"size-full wp-image-135 alignright\" src=\"http:\/\/mattarlaw.com\/wp-content\/uploads\/2013\/08\/lebanon-real-estate-map.gif\" alt=\"lebanon-real-estate-map\" width=\"356\" height=\"327\" \/><\/a><br \/>\nLa loi No. 296 fournit la motivation et les incitations pour l&rsquo;investissement \u00e9tranger en faisant deux \u00e9tapes importantes :<\/p>\n<p>1 simplifiant et soulageant les limites l\u00e9gales sur l&rsquo;acquistion \u00e9trang\u00e8re de la propri\u00e9t\u00e9.<\/p>\n<p>2 diminuant les taxes d&rsquo;enregistrement de propri\u00e9t\u00e9s \u00e0 5% pour les investisseurs libanais et \u00e9trangers.<\/p>\n<p><a href=\"#law1\"> La loi 360 \u00ab d&rsquo;acquisition \u00e9trang\u00e8re de propri\u00e9t\u00e9 au Liban\u00a0<\/a><\/p>\n<p><a href=\"#law2\">Statistiques au sujet du march\u00e9 immobilier au Liban<\/a><\/p>\n<p id=\"law1\" class=\"bigt\">Loi 360 \u00abd&rsquo;acquisition \u00e9trang\u00e8re de propri\u00e9t\u00e9 au Liban \u00bb<\/p>\n<p>Consid\u00e9rant que la loi ancienne avait limit\u00e9 l&rsquo;acquisition de la propri\u00e9t\u00e9 par des \u00e9trangers \u00e0 5% dans chaque Mohafaza, la loi actuelle permet \u00e0 des \u00e9trangers d&rsquo;acqu\u00e9rir 3% de la surface totale du Liban ind\u00e9pendamment de l&rsquo;endroit g\u00e9ographique \u00e0 une condition : les \u00e9trangers ne peuvent acqu\u00e9rir plus de 3% de la surface totale d&rsquo;un caza.<\/p>\n<p>Une exception \u00e0 cette condition estBeyrouth, o\u00f9 on permet aux \u00e9trangers d&rsquo;acqu\u00e9rir jusqu&rsquo;\u00e0 10% de la surface totale du capital.<\/p>\n<p>Les \u00c9trangers peuvent maintenant acqu\u00e9rir 3,000m2 de terre sans passage par un d\u00e9cret du Conseil des Ministres.<br \/>\nL&rsquo;autorisation d&rsquo;acqu\u00e9rir une parcelle de terrain pour un projet sp\u00e9cifique doit \u00eatre ex\u00e9cut\u00e9e au cours d&rsquo;une p\u00e9riode de cinq ans (prolong\u00e9e seulement une fois pour cinq ann\u00e9es additionnelles si demand\u00e9).<br \/>\nLes \u00e9trangers peuvent acheter plus que 3,000m2 sujet \u00e0 un d\u00e9cret du Conseils des Ministres.<\/p>\n<p>La loi a abaiss\u00e9 les frais d&rsquo;enregistrement immobiliers \u00e0 5.8% pour les investisseurs libanais et \u00e9trangers. Ces honoraires d&rsquo;enregistrement 5.8% incluent les honoraires de municipalit\u00e9 de 0.25%, le droit de timbre de 0.3%, les honoraires de syndicat des avocats de 0.1%, et un 0.1% additionnel si l&rsquo;enregistrement a lieu devant notaire.<br \/>\nAinsi, les honoraires d&rsquo;enregistrement,, ont \u00e9t\u00e9 r\u00e9duits de 1% pour les investisseurs libanais et 11% pour les investisseurs \u00e9trangers.<\/p>\n<p id=\"law2\" class=\"bigt\">Statistiques et faits concernant le secteur immobilier au Liban<\/p>\n<p>BEYROUTH: Le march\u00e9 immobilier du Liban a v\u00e9cu une \u00e9l\u00e9vation spectaculaire en ce qui concerne aux investissements qui ont \u00e9t\u00e9 inject\u00e9s sur le march\u00e9 immobilier libanais.<br \/>\nCes investissements proviennent d&rsquo; Arabes, expatri\u00e9s, et des investisseurs d&rsquo;\u00e9trangers.<br \/>\nVous pouvez jeter un coup d&rsquo;oeil \u00e0 quelques nombres pour avoir une id\u00e9e au sujet des investissements int\u00e9ressants sur le march\u00e9 immobilier libanais.<\/p>\n<p>Les investissements arabes sont \u00e9valu\u00e9s \u00e0 $3.35billion en 2007, en hausse de 47.5 pour cent de $2.3 milliards de 2006, et une \u00e9l\u00e9vation de 88 pour cent de $1.8 milliards de 2005.<\/p>\n<p>Les investissements arabes ont atteint un record depuis 1995, \u00e0 24 pour cent en 2007 , compar\u00e9s \u00e0 13.7 pour cent en 2006, 4.8 pour cent en 2005, et 17.6 pour cent en 2004.<\/p>\n<p>Le Liban \u00e9tait le deuxi\u00e8me plus grand destinataire de capital arabe parmi d&rsquo;autres pays arabes,en 2007 et le plus grand destinataire du capital arabe en 2003.<\/p>\n<p>Le Liban \u00e9tait le deuxi\u00e8me destinataire d&rsquo;investissements en 2007, en d\u00e9pit de quelques instabilit\u00e9s dans le pays.<br \/>\nDe l&rsquo;autre c\u00f4t\u00e9 les investissements arabes ont diminu\u00e9 en Egypte, en Jordanie, en Tunisie, et au Y\u00e9men.<\/p>\n<p>Les investissements arabes au Liban \u00e9taient fondamentalement dans le secteur immobilier.<br \/>\nCeux-ci ont compos\u00e9 60 pour cent d&rsquo;investissements totaux dans le pays.<\/p>\n<p>Dans toute r\u00e9gion, le secteur immobilierau Liban a re\u00e7u la majorit\u00e9 de capitaaux arabes et \u00e9trangers, avec une grande pouss\u00e9e dans la demande sur le secteur immobilier libanais.<\/p>\n<p>Le march\u00e9 immobilier du Liban \u00e9tait le destinataire primaire de tous les investissements arabes et a constitu\u00e9 80 pour cent de tels investissements.<\/p>\n<p>Les transactions immobili\u00e8res de ventes au Liban dans les cinq premiers mois de 2008, ont mont\u00e9 par 20 pour cent compar\u00e9s \u00e0 la m\u00eame p\u00e9riode de l&rsquo;ann\u00e9e pr\u00e9c\u00e9dente (2007)<\/p>\n<p>Les imp\u00f4ts fonciers ont \u00e9galement su une \u00e9l\u00e9vation de 55 pour cent pour atteindre LL 205 milliards.<\/p>\n<p>Le minist\u00e8re libanais des finances a \u00e9valu\u00e9 l&rsquo;\u00e9l\u00e9vation au cours des derniers mois de par 72 pour cent pour atteindre $1.993 milliards.<\/p>\n<p>L&rsquo;\u00e9l\u00e9vation du march\u00e9 immobilierau Liban m\u00e8ne \u00e0 penser un int\u00e9r\u00eat certain pourle secteur immobilier du Liban.<\/p>\n<p>Les investissements ont \u00e9t\u00e9 distribu\u00e9s entre Beyrouth la capitale et les autres r\u00e9gionsdu Liban.<br \/>\nLa majorit\u00e9 d&rsquo;imp\u00f4ts fonciers rassembl\u00e9s en cinq premiers mois de 2008 \u00e9taient dans :<\/p>\n<p>\u00b7 Beyrouth avec 30.3 pour cent du montant total.<\/p>\n<p>\u00b7 Baabda avec 22.2 pour cent,<\/p>\n<p>\u00b7 Metn avec 19.1 pour cent,<\/p>\n<p>\u00b7 Keserwan avec 11.0 pour cent,<\/p>\n<p>\u00b7 Nord avec 7.1 pour cent,<\/p>\n<p>\u00b7 Sud avec 5.5 pour cent,<\/p>\n<p>\u00b7 et la vall\u00e9e de Bekaa avec 4.0 pour cent.<!--:--><\/p>\n","protected":false},"excerpt":{"rendered":"<p>Immobilier au Liban Nos Avocats vous aideront en ce qui concerne l&rsquo;acquisition de biens immobiliers au Liban, \u00e0 Beyrouth ou ailleurs&#8230; Notre d\u00e9partement sp\u00e9cialis\u00e9 dans l&rsquo;immobilier et constitu\u00e9 de nombreux avocats exp\u00e9riment\u00e9s est pr\u00eat \u00e0 tout service. Des Records dans les investissements et de grandes incitations pour investir dans le march\u00e9 des biens immobiliers au [&hellip;]<\/p>\n","protected":false},"author":2,"featured_media":0,"parent":0,"menu_order":0,"comment_status":"closed","ping_status":"closed","template":"","meta":{"_joinchat":[],"footnotes":""},"class_list":["post-134","page","type-page","status-publish","hentry"],"yoast_head":"<!-- This site is optimized with the Yoast SEO plugin v24.4 - https:\/\/yoast.com\/wordpress\/plugins\/seo\/ -->\n<title>Real Estate Lawyers in Lebanon | Property Lawyers in Beirut<\/title>\n<meta name=\"description\" content=\"Mattar Law Firm provides expert real estate legal services in Lebanon. We advise on property investments, foreign ownership and all services.\" \/>\n<meta name=\"robots\" content=\"index, follow, max-snippet:-1, max-image-preview:large, max-video-preview:-1\" \/>\n<link rel=\"canonical\" href=\"https:\/\/mattarlaw.com\/fr\/immobilier-proprietes-liban-avocats\/\" \/>\n<meta property=\"og:locale\" content=\"fr_FR\" \/>\n<meta property=\"og:locale:alternate\" content=\"en_US\" \/>\n<meta property=\"og:locale:alternate\" content=\"ar\" \/>\n<meta property=\"og:type\" content=\"article\" \/>\n<meta property=\"og:title\" content=\"Real Estate Lawyers in Lebanon | Property Lawyers in Beirut\" \/>\n<meta property=\"og:description\" content=\"Mattar Law Firm provides expert real estate legal services in Lebanon. We advise on property investments, foreign ownership and all services.\" \/>\n<meta property=\"og:url\" content=\"https:\/\/mattarlaw.com\/fr\/immobilier-proprietes-liban-avocats\/\" \/>\n<meta property=\"og:site_name\" content=\"Mattar Law Firm, Beirut.\" \/>\n<meta property=\"article:publisher\" content=\"https:\/\/www.facebook.com\/mattarlaw\/\" \/>\n<meta property=\"article:modified_time\" content=\"2025-08-24T16:49:56+00:00\" \/>\n<meta property=\"og:image\" content=\"http:\/\/mattarlaw.com\/wp-content\/uploads\/2013\/08\/lebanon-real-estate-map.gif\" \/>\n<meta name=\"twitter:card\" content=\"summary_large_image\" \/>\n<meta name=\"twitter:site\" content=\"@MattarLawFirm\" \/>\n<meta name=\"twitter:label1\" content=\"Dur\u00e9e de lecture estim\u00e9e\" \/>\n\t<meta name=\"twitter:data1\" content=\"6 minutes\" \/>\n<script type=\"application\/ld+json\" class=\"yoast-schema-graph\">{\"@context\":\"https:\/\/schema.org\",\"@graph\":[{\"@type\":\"WebPage\",\"@id\":\"https:\/\/mattarlaw.com\/real-estate-lebanon-beirut\/\",\"url\":\"https:\/\/mattarlaw.com\/real-estate-lebanon-beirut\/\",\"name\":\"Real Estate Lawyers in Lebanon | Property Lawyers in Beirut\",\"isPartOf\":{\"@id\":\"https:\/\/mattarlaw.com\/#website\"},\"primaryImageOfPage\":{\"@id\":\"https:\/\/mattarlaw.com\/real-estate-lebanon-beirut\/#primaryimage\"},\"image\":{\"@id\":\"https:\/\/mattarlaw.com\/real-estate-lebanon-beirut\/#primaryimage\"},\"thumbnailUrl\":\"http:\/\/mattarlaw.com\/wp-content\/uploads\/2013\/08\/lebanon-real-estate-map.gif\",\"datePublished\":\"2013-08-06T12:25:55+00:00\",\"dateModified\":\"2025-08-24T16:49:56+00:00\",\"description\":\"Mattar Law Firm provides expert real estate legal services in Lebanon. We advise on property investments, foreign ownership and all services.\",\"breadcrumb\":{\"@id\":\"https:\/\/mattarlaw.com\/real-estate-lebanon-beirut\/#breadcrumb\"},\"inLanguage\":\"fr-FR\",\"potentialAction\":[{\"@type\":\"ReadAction\",\"target\":[\"https:\/\/mattarlaw.com\/real-estate-lebanon-beirut\/\"]}]},{\"@type\":\"ImageObject\",\"inLanguage\":\"fr-FR\",\"@id\":\"https:\/\/mattarlaw.com\/real-estate-lebanon-beirut\/#primaryimage\",\"url\":\"http:\/\/mattarlaw.com\/wp-content\/uploads\/2013\/08\/lebanon-real-estate-map.gif\",\"contentUrl\":\"http:\/\/mattarlaw.com\/wp-content\/uploads\/2013\/08\/lebanon-real-estate-map.gif\"},{\"@type\":\"BreadcrumbList\",\"@id\":\"https:\/\/mattarlaw.com\/real-estate-lebanon-beirut\/#breadcrumb\",\"itemListElement\":[{\"@type\":\"ListItem\",\"position\":1,\"name\":\"Home\",\"item\":\"https:\/\/mattarlaw.com\/\"},{\"@type\":\"ListItem\",\"position\":2,\"name\":\"Real Estate in Lebanon\"}]},{\"@type\":\"WebSite\",\"@id\":\"https:\/\/mattarlaw.com\/#website\",\"url\":\"https:\/\/mattarlaw.com\/\",\"name\":\"Mattar Law Firm\",\"description\":\"Mattar Law Firm, A Tradition of Legal Excellence Throughout Generations.\",\"publisher\":{\"@id\":\"https:\/\/mattarlaw.com\/#organization\"},\"alternateName\":\"Mattarlaw\",\"potentialAction\":[{\"@type\":\"SearchAction\",\"target\":{\"@type\":\"EntryPoint\",\"urlTemplate\":\"https:\/\/mattarlaw.com\/?s={search_term_string}\"},\"query-input\":{\"@type\":\"PropertyValueSpecification\",\"valueRequired\":true,\"valueName\":\"search_term_string\"}}],\"inLanguage\":\"fr-FR\"},{\"@type\":\"Organization\",\"@id\":\"https:\/\/mattarlaw.com\/fr\/#organization\",\"name\":\"Mattar Law Firm - Cabinet D'avocats Mattar - \u0645\u0643\u062a\u0628 \u0645\u0637\u0631 \u0644\u0644\u0645\u062d\u0627\u0645\u0627\u0629\",\"url\":\"https:\/\/mattarlaw.com\/\",\"logo\":{\"@type\":\"ImageObject\",\"url\":\"https:\/\/mattarlaw.com\/wp-content\/uploads\/2023\/08\/Logo-7.png\"},\"image\":{\"@id\":\"https:\/\/mattarlaw.com\/#\/schema\/logo\/image\/\"},\"sameAs\":[\"https:\/\/www.facebook.com\/mattarlaw\/\",\"https:\/\/x.com\/MattarLawFirm\",\"https:\/\/www.instagram.com\/mattarlawfirm\/\",\"https:\/\/www.linkedin.com\/company\/mattar-law-firm\"],\"alternateName\":[\"Mattar Law Firm\",\"Cabinet D'avocats Mattar\",\"\u0645\u0643\u062a\u0628 \u0645\u0637\u0631 \u0644\u0644\u0645\u062d\u0627\u0645\u0627\u0629\"],\"foundingDate\":\"1963\",\"founder\":{\"@type\":\"Person\",\"name\":\"Salah A. Mattar\"},\"memberOf\":[{\"@type\":\"Organization\",\"name\":\"Beirut Bar Association\"}],\"award\":[\"Golden Medal \u2013 Beirut Bar Association of Lawyers in Beirut (2013)\"],\"address\":{\"@type\":\"PostalAddress\",\"streetAddress\":\"Badaro, Sami El Solh Street, Fakih Bldg, 7th Floor\",\"addressLocality\":\"Beirut\",\"addressCountry\":\"LB\"},\"contactPoint\":[{\"@type\":\"ContactPoint\",\"telephone\":\"+961 3 359 646\",\"contactType\":\"customer service\",\"areaServed\":[\"LB\",\"Worldwide\"],\"availableLanguage\":[\"English\",\"Arabic\",\"French\"]}],\"subOrganization\":[{\"@type\":\"Organization\",\"name\":\"Mattar Law Firm Dubai (Associate Office)\",\"address\":{\"@type\":\"PostalAddress\",\"addressLocality\":\"Dubai\",\"addressCountry\":\"AE\"}},{\"@type\":\"Organization\",\"name\":\"Mattar Law Firm London (Associate Office)\",\"address\":{\"@type\":\"PostalAddress\",\"addressLocality\":\"London\",\"addressCountry\":\"GB\"}},{\"@type\":\"Organization\",\"name\":\"Mattar Law Firm Paris (Associate Office)\",\"address\":{\"@type\":\"PostalAddress\",\"addressLocality\":\"Paris\",\"addressCountry\":\"FR\"}},{\"@type\":\"Organization\",\"name\":\"Mattar Law Firm Rome (Associate Office)\",\"address\":{\"@type\":\"PostalAddress\",\"addressLocality\":\"Rome\",\"addressCountry\":\"IT\"}}]}]}<\/script>\n<!-- \/ Yoast SEO plugin. -->","yoast_head_json":{"title":"Real Estate Lawyers in Lebanon | Property Lawyers in Beirut","description":"Mattar Law Firm provides expert real estate legal services in Lebanon. We advise on property investments, foreign ownership and all services.","robots":{"index":"index","follow":"follow","max-snippet":"max-snippet:-1","max-image-preview":"max-image-preview:large","max-video-preview":"max-video-preview:-1"},"canonical":"https:\/\/mattarlaw.com\/fr\/immobilier-proprietes-liban-avocats\/","og_locale":"fr_FR","og_type":"article","og_title":"[:en]Real Estate Lawyers in Lebanon | Property Lawyers in Beirut[:]","og_description":"[:en]Mattar Law Firm provides expert real estate legal services in Lebanon. We advise on property investments, foreign ownership and all services.[:]","og_url":"https:\/\/mattarlaw.com\/fr\/immobilier-proprietes-liban-avocats\/","og_site_name":"Mattar Law Firm, Beirut.","article_publisher":"https:\/\/www.facebook.com\/mattarlaw\/","article_modified_time":"2025-08-24T16:49:56+00:00","og_image":[{"url":"http:\/\/mattarlaw.com\/wp-content\/uploads\/2013\/08\/lebanon-real-estate-map.gif","type":"","width":"","height":""}],"twitter_card":"summary_large_image","twitter_site":"@MattarLawFirm","twitter_misc":{"Dur\u00e9e de lecture estim\u00e9e":"6 minutes"},"schema":{"@context":"https:\/\/schema.org","@graph":[{"@type":"WebPage","@id":"https:\/\/mattarlaw.com\/real-estate-lebanon-beirut\/","url":"https:\/\/mattarlaw.com\/real-estate-lebanon-beirut\/","name":"Real Estate Lawyers in Lebanon | Property Lawyers in Beirut","isPartOf":{"@id":"https:\/\/mattarlaw.com\/#website"},"primaryImageOfPage":{"@id":"https:\/\/mattarlaw.com\/real-estate-lebanon-beirut\/#primaryimage"},"image":{"@id":"https:\/\/mattarlaw.com\/real-estate-lebanon-beirut\/#primaryimage"},"thumbnailUrl":"http:\/\/mattarlaw.com\/wp-content\/uploads\/2013\/08\/lebanon-real-estate-map.gif","datePublished":"2013-08-06T12:25:55+00:00","dateModified":"2025-08-24T16:49:56+00:00","description":"Mattar Law Firm provides expert real estate legal services in Lebanon. We advise on property investments, foreign ownership and all services.","breadcrumb":{"@id":"https:\/\/mattarlaw.com\/real-estate-lebanon-beirut\/#breadcrumb"},"inLanguage":"fr-FR","potentialAction":[{"@type":"ReadAction","target":["https:\/\/mattarlaw.com\/real-estate-lebanon-beirut\/"]}]},{"@type":"ImageObject","inLanguage":"fr-FR","@id":"https:\/\/mattarlaw.com\/real-estate-lebanon-beirut\/#primaryimage","url":"http:\/\/mattarlaw.com\/wp-content\/uploads\/2013\/08\/lebanon-real-estate-map.gif","contentUrl":"http:\/\/mattarlaw.com\/wp-content\/uploads\/2013\/08\/lebanon-real-estate-map.gif"},{"@type":"BreadcrumbList","@id":"https:\/\/mattarlaw.com\/real-estate-lebanon-beirut\/#breadcrumb","itemListElement":[{"@type":"ListItem","position":1,"name":"Home","item":"https:\/\/mattarlaw.com\/"},{"@type":"ListItem","position":2,"name":"Real Estate in Lebanon"}]},{"@type":"WebSite","@id":"https:\/\/mattarlaw.com\/#website","url":"https:\/\/mattarlaw.com\/","name":"Mattar Law Firm","description":"Mattar Law Firm, A Tradition of Legal Excellence Throughout Generations.","publisher":{"@id":"https:\/\/mattarlaw.com\/#organization"},"alternateName":"Mattarlaw","potentialAction":[{"@type":"SearchAction","target":{"@type":"EntryPoint","urlTemplate":"https:\/\/mattarlaw.com\/?s={search_term_string}"},"query-input":{"@type":"PropertyValueSpecification","valueRequired":true,"valueName":"search_term_string"}}],"inLanguage":"fr-FR"},{"@type":"Organization","@id":"https:\/\/mattarlaw.com\/fr\/#organization","name":"Mattar Law Firm - Cabinet D'avocats Mattar - \u0645\u0643\u062a\u0628 \u0645\u0637\u0631 \u0644\u0644\u0645\u062d\u0627\u0645\u0627\u0629","url":"https:\/\/mattarlaw.com\/","logo":{"@type":"ImageObject","url":"https:\/\/mattarlaw.com\/wp-content\/uploads\/2023\/08\/Logo-7.png"},"image":{"@id":"https:\/\/mattarlaw.com\/#\/schema\/logo\/image\/"},"sameAs":["https:\/\/www.facebook.com\/mattarlaw\/","https:\/\/x.com\/MattarLawFirm","https:\/\/www.instagram.com\/mattarlawfirm\/","https:\/\/www.linkedin.com\/company\/mattar-law-firm"],"alternateName":["Mattar Law Firm","Cabinet D'avocats Mattar","\u0645\u0643\u062a\u0628 \u0645\u0637\u0631 \u0644\u0644\u0645\u062d\u0627\u0645\u0627\u0629"],"foundingDate":"1963","founder":{"@type":"Person","name":"Salah A. Mattar"},"memberOf":[{"@type":"Organization","name":"Beirut Bar Association"}],"award":["Golden Medal \u2013 Beirut Bar Association of Lawyers in Beirut (2013)"],"address":{"@type":"PostalAddress","streetAddress":"Badaro, Sami El Solh Street, Fakih Bldg, 7th Floor","addressLocality":"Beirut","addressCountry":"LB"},"contactPoint":[{"@type":"ContactPoint","telephone":"+961 3 359 646","contactType":"customer service","areaServed":["LB","Worldwide"],"availableLanguage":["English","Arabic","French"]}],"subOrganization":[{"@type":"Organization","name":"Mattar Law Firm Dubai (Associate Office)","address":{"@type":"PostalAddress","addressLocality":"Dubai","addressCountry":"AE"}},{"@type":"Organization","name":"Mattar Law Firm London (Associate Office)","address":{"@type":"PostalAddress","addressLocality":"London","addressCountry":"GB"}},{"@type":"Organization","name":"Mattar Law Firm Paris (Associate Office)","address":{"@type":"PostalAddress","addressLocality":"Paris","addressCountry":"FR"}},{"@type":"Organization","name":"Mattar Law Firm Rome (Associate Office)","address":{"@type":"PostalAddress","addressLocality":"Rome","addressCountry":"IT"}}]}]}},"_links":{"self":[{"href":"https:\/\/mattarlaw.com\/fr\/wp-json\/wp\/v2\/pages\/134","targetHints":{"allow":["GET"]}}],"collection":[{"href":"https:\/\/mattarlaw.com\/fr\/wp-json\/wp\/v2\/pages"}],"about":[{"href":"https:\/\/mattarlaw.com\/fr\/wp-json\/wp\/v2\/types\/page"}],"author":[{"embeddable":true,"href":"https:\/\/mattarlaw.com\/fr\/wp-json\/wp\/v2\/users\/2"}],"replies":[{"embeddable":true,"href":"https:\/\/mattarlaw.com\/fr\/wp-json\/wp\/v2\/comments?post=134"}],"version-history":[{"count":2,"href":"https:\/\/mattarlaw.com\/fr\/wp-json\/wp\/v2\/pages\/134\/revisions"}],"predecessor-version":[{"id":7692,"href":"https:\/\/mattarlaw.com\/fr\/wp-json\/wp\/v2\/pages\/134\/revisions\/7692"}],"wp:attachment":[{"href":"https:\/\/mattarlaw.com\/fr\/wp-json\/wp\/v2\/media?parent=134"}],"curies":[{"name":"wp","href":"https:\/\/api.w.org\/{rel}","templated":true}]}}