{"id":151,"date":"2013-08-06T12:40:22","date_gmt":"2013-08-06T12:40:22","guid":{"rendered":"http:\/\/mattarlaw.com\/?page_id=151"},"modified":"2025-07-28T12:22:56","modified_gmt":"2025-07-28T10:22:56","slug":"adoption-au-liban","status":"publish","type":"page","link":"https:\/\/mattarlaw.com\/fr\/adoption-au-liban\/","title":{"rendered":"Adoption au Liban"},"content":{"rendered":"<p><!--:en--><\/p>\n<h1 class=\"bigt\">Lois d&rsquo;adoption au Liban<\/h1>\n<p>L&rsquo;adoption au Liban est donn\u00e9e par les tribunaux eccl\u00e9siastique au Liban:<\/p>\n<p>Nos avocats vous aiderONT si vous etes int\u00e9resses A l&rsquo;adoption<br \/>\nCliquez ici!<\/p>\n<p>L&rsquo;adoption est un c\u00e9r\u00e9monial judiciaire conclu entre deux personnes et cr\u00e9e entre elles des relations de paternit\u00e9 et de filiation l\u00e9gitime.<\/p>\n<p>L&rsquo;adoption n&rsquo;est autoris\u00e9e que pour le bien-fond\u00e9 et pour le b\u00e9n\u00e9fice de l&rsquo;adoptant, apr\u00e8s la confirmationde la bonne discipline de l&rsquo;adoptant, sous r\u00e9serve des dispositions de ce qui suit:<\/p>\n<p>Chaque personne s\u00e9culaire, un homme ou une femme a le droit d&rsquo;adoption.<\/p>\n<p>La personne adopt\u00e9e ne peut \u00eatre adopt\u00e9 par plus d&rsquo;un adoptant, sauf s&rsquo;il est adopt\u00e9 par un couple.<\/p>\n<p>1-Pour le bien de l&rsquo;adoption du mineur, il doit approuver, de m\u00eame ses parents ou l&rsquo;un d&rsquo;entre eux vivant ou le tuteur du mineur en cas de s\u00e9paration de parents ou en raison d&rsquo;abandon d\u00e9finitif ou d&rsquo;annulation du mariage.<\/p>\n<p>2-Dans le cas o\u00f9 ils sont morts ou qu&rsquo;ils ne peuvent pas manifester leur opinion,dans ce cas le Metropolite de l&rsquo;\u00e9parchie doit les remplacer.<\/p>\n<p>3-Dans tous les cas, la personne adopt\u00e9e \u00e9tant un mineur a le droit de demander au Tribunal, au cours d&rsquo;une ann\u00e9e lorsqu&rsquo;elle devient adulte, d&rsquo;annuler son adoption, et le Tribunal doit r\u00e9pondre \u00e0 sa demande<br \/>\n.<br \/>\nEst nul et sans valeur:<\/p>\n<p>A-L&rsquo;adoption des parents \u00e0 leurs enfants naturels.<\/p>\n<p>B-L&rsquo;adoption du tuteur \u00e0 la personne sous tutelle&#8230;<\/p>\n<p>La personne adopt\u00e9e aura le nom de famille de ses parents adoptifs, et il doit \u00e9galement avoir les droits et les obligations en mati\u00e8re de son p\u00e8re comme s&rsquo;il \u00e9tait son fils avec la r\u00e9serve l\u00e9gale pour quelques dispositions.<\/p>\n<p>La personne adopt\u00e9e doit rester un membre de sa famille d&rsquo;origine, avec tous les droits et les obligations.<br \/>\nToutefois, les droits de l&rsquo;autorit\u00e9 des parents doit \u00eatre limit\u00e9 \u00e0 l&rsquo;adoptant s&rsquo; il est encore en vie ou jouissant de la capacit\u00e9 l\u00e9gale<\/p>\n<p>A sa mort, ou si il a perdu sa capacit\u00e9, il est remplac\u00e9 par le p\u00e8re de l&rsquo;adoptant ou son agent.<\/p>\n<p>Les parents d&rsquo;origine ne sont pas tenus de payer la pension de leur fils adopt\u00e9, sauf si l&rsquo;adoptant ne peut pas la fournir.<\/p>\n<p>1 &#8211; Si l&rsquo;adoptant est mort sans descendance, alors la personne adopt\u00e9e doit h\u00e9riter, comme s&rsquo;il \u00e9tait le fils juridique de l&rsquo;adoptant.<\/p>\n<p>2 &#8211; Si l&rsquo;adoptant a des descendants ou des descendants ou des s\u0153urs, alors la personne adopt\u00e9e doit h\u00e9riter de la moiti\u00e9 de l&rsquo;h\u00e9ritage juridique du fils biologique.<\/p>\n<p>1 &#8211; Si la personne adopt\u00e9e est mort sans descendants juridique, il doit restituer ce qu&rsquo;il a re\u00e7u de l&rsquo;adoptant \u00e0 lui ou \u00e0 ses h\u00e9ritiers. Les autres fonds sont distribu\u00e9s \u00e0 ses h\u00e9ritiers l\u00e9gaux en vertu du droit public.<\/p>\n<p>2 &#8211; L&rsquo;adoption du droit en ce qui concerne l&rsquo;h\u00e9ritage de l&rsquo;adoptant doit \u00eatre transf\u00e9r\u00e9 \u00e0 ses descendants seulement et doit \u00eatre limit\u00e9 \u00e0 l&rsquo;h\u00e9ritage personnel de l&rsquo;adoptant. L&rsquo;adopt\u00e9 et ses descendants n&rsquo;ont pas de droit \u00e0 l&rsquo;h\u00e9ritage des parents ou de la famille de l&rsquo;adopt\u00e9, .<\/p>\n<p>Le droit d&rsquo;adoption cr\u00e9e une relation de famille qui interdie le mariage entre:<\/p>\n<p>A-L&rsquo;adoptant et l&rsquo;adopt\u00e9 et ses descendants.<\/p>\n<p>B-L&rsquo;adoptant et ses enfants n\u00e9s apr\u00e8s le processus d&rsquo;adoption.<\/p>\n<p>C-L&rsquo;adoptant et son conjoint, et entre l&rsquo;adoptant et le conjoint de la personne adopt\u00e9e.<\/p>\n<p>D-Les enfants adopt\u00e9s par un adoptant.<\/p>\n<p>L&rsquo;adoption ne peut \u00eatre ex\u00e9cut\u00e9 qu&rsquo; en vertu d&rsquo;une r\u00e9solution adopt\u00e9e par le Tribunal eccl\u00e9siastique ratifi\u00e9 par le M\u00e9tropolite de l&rsquo;\u00e9parchie.<\/p>\n<p>Le Tribunal l\u00e9gitime habilit\u00e9 \u00e0 d\u00e9cider de l&rsquo;adoption est le tribunal de la r\u00e9sidence de l&rsquo;adoptant.<\/p>\n<p>Toutefois, si la personne adopt\u00e9e est mineure, le Tribunal de sa r\u00e9sidence a le droit de le faire aussi. Dans tous les cas, le Tribunal et avant de d\u00e9livrer sa r\u00e9solution \u00e9coute la d\u00e9claration de l&rsquo;agent de justice, et prend en consid\u00e9ration l&rsquo;avis de l&rsquo;adopt\u00e9, des parents.<\/p>\n<p>1 &#8211; L&rsquo;adoption est annul\u00e9e pour des raisons dangereuses et judiciaires d\u00e9livr\u00e9es par le Tribunal apr\u00e8s l&rsquo;\u00e9coute de l&rsquo;agent de justice.<\/p>\n<p>Doivent \u00eatre consid\u00e9r\u00e9es comme dangereuses comme raisons permettant l&rsquo;annulation de l&rsquo;adoption:<\/p>\n<p>La situation lorsque l&rsquo;adoptant maltraite la personne adopt\u00e9e ou vice-versa, quand l&rsquo;un d&rsquo;eux forme une grande cause morale ou financi\u00e8re de dommages, ou lorsque l&rsquo;un d&rsquo;entre eux se comporte mal.<\/p>\n<p>Le droit de d\u00e9p\u00f4t de l&rsquo;adoption d&rsquo;annulation en justice doit \u00eatre limit\u00e9 \u00e0 la personne adopt\u00e9e et l&rsquo;adoptant.<\/p>\n<p>Toutefois, si l&rsquo;agent de justice a d\u00e9cid\u00e9 que l&rsquo;un d&rsquo;entre eux peut causer des dommages \u00e0 l&rsquo;autre ou \u00e0 sa famille, ou que l&rsquo;un d&rsquo;eux abstient de l&rsquo;usage de la libert\u00e9 de l&rsquo;autre, alors il doit \u00e9galement avoir le droit de d\u00e9poser la m\u00eame.<\/p>\n<p>1 &#8211; La d\u00e9cision d&rsquo;annuler l&rsquo;adoption est d&rsquo;\u00e9liminer tous les effets li\u00e9s \u00e0 cette situation \u00e0 partir de la date de son ex\u00e9cution.<\/p>\n<p>2 &#8211; Dans les deux cas de la d\u00e9livrance et l&rsquo;annulation de l&rsquo;adoption, le Tribunal notifie ce qui n\u00e9cessaire pour enregistrer le n\u00e9cessaire en ce qui concerne la personne adopt\u00e9e dans le registre du bapt\u00eame et les registres de recensement.<\/p>\n<p>L&rsquo;adoption dans des pays n&rsquo;ayant pas de sp\u00e9cialisation pour les tribunaux eccl\u00e9siastiques, sera r\u00e8glement\u00e9e s&rsquo;agissant de sa justesse ou son annulation, conform\u00e9ment aux lois de ces pays.<!--:--><br \/>\n<!--:--><br \/>\n<!--:--><!--:ar--><\/p>\n<p dir=\"RTL\">\n","protected":false},"excerpt":{"rendered":"<p>Lois d&rsquo;adoption au Liban L&rsquo;adoption au Liban est donn\u00e9e par les tribunaux eccl\u00e9siastique au Liban: Nos avocats vous aiderONT si vous etes int\u00e9resses A l&rsquo;adoption Cliquez ici! L&rsquo;adoption est un c\u00e9r\u00e9monial judiciaire conclu entre deux personnes et cr\u00e9e entre elles des relations de paternit\u00e9 et de filiation l\u00e9gitime. L&rsquo;adoption n&rsquo;est autoris\u00e9e que pour le bien-fond\u00e9 [&hellip;]<\/p>\n","protected":false},"author":2,"featured_media":0,"parent":0,"menu_order":0,"comment_status":"closed","ping_status":"closed","template":"","meta":{"_joinchat":[],"footnotes":""},"class_list":["post-151","page","type-page","status-publish","hentry"],"yoast_head":"<!-- This site is optimized with the Yoast SEO plugin v24.4 - https:\/\/yoast.com\/wordpress\/plugins\/seo\/ -->\n<title>Adoption au Liban | Avocats \u00e0 Beyrouth | Cabinet d&#039;avocats Mattar<\/title>\n<meta name=\"description\" content=\"Le cabinet d&#039;avocats Mattar fournit des services juridiques pour l&#039;adoption d&#039;enfants au Liban avec une \u00e9quipe d&#039;avocats exp\u00e9riment\u00e9s.\" \/>\n<meta name=\"robots\" content=\"index, follow, max-snippet:-1, max-image-preview:large, max-video-preview:-1\" \/>\n<link rel=\"canonical\" href=\"https:\/\/mattarlaw.com\/fr\/adoption-au-liban\/\" \/>\n<meta property=\"og:locale\" content=\"fr_FR\" \/>\n<meta property=\"og:locale:alternate\" content=\"en_US\" \/>\n<meta property=\"og:locale:alternate\" content=\"ar\" \/>\n<meta property=\"og:type\" content=\"article\" \/>\n<meta property=\"og:title\" content=\"Adoption au Liban | Avocats \u00e0 Beyrouth | Cabinet d&#039;avocats Mattar\" \/>\n<meta property=\"og:description\" content=\"Le cabinet d&#039;avocats Mattar fournit des services juridiques pour l&#039;adoption d&#039;enfants au Liban avec une \u00e9quipe d&#039;avocats exp\u00e9riment\u00e9s.\" \/>\n<meta property=\"og:url\" content=\"https:\/\/mattarlaw.com\/fr\/adoption-au-liban\/\" \/>\n<meta property=\"og:site_name\" content=\"Mattar Law Firm, Beirut.\" \/>\n<meta property=\"article:publisher\" content=\"https:\/\/www.facebook.com\/mattarlaw\/\" \/>\n<meta property=\"article:modified_time\" content=\"2025-07-28T10:22:56+00:00\" \/>\n<meta property=\"og:image\" content=\"https:\/\/mattarlaw.com\/wp-content\/uploads\/2023\/08\/Untitled-design-96.png\" \/>\n\t<meta property=\"og:image:width\" content=\"512\" \/>\n\t<meta property=\"og:image:height\" content=\"512\" \/>\n\t<meta property=\"og:image:type\" content=\"image\/png\" \/>\n<meta name=\"twitter:card\" content=\"summary_large_image\" \/>\n<meta name=\"twitter:site\" content=\"@MattarLawFirm\" \/>\n<meta name=\"twitter:label1\" content=\"Dur\u00e9e de lecture estim\u00e9e\" \/>\n\t<meta name=\"twitter:data1\" content=\"3 minutes\" \/>\n<script type=\"application\/ld+json\" class=\"yoast-schema-graph\">{\"@context\":\"https:\/\/schema.org\",\"@graph\":[{\"@type\":\"WebPage\",\"@id\":\"https:\/\/mattarlaw.com\/ar\/\u062a\u0628\u0646\u064a-\u0644\u0628\u0646\u0627\u0646\/\",\"url\":\"https:\/\/mattarlaw.com\/ar\/\u062a\u0628\u0646\u064a-\u0644\u0628\u0646\u0627\u0646\/\",\"name\":\"Adoption au Liban | Avocats \u00e0 Beyrouth | Cabinet d'avocats Mattar\",\"isPartOf\":{\"@id\":\"https:\/\/mattarlaw.com\/#website\"},\"datePublished\":\"2013-08-06T12:40:22+00:00\",\"dateModified\":\"2025-07-28T10:22:56+00:00\",\"description\":\"Le cabinet d'avocats Mattar fournit des services juridiques pour l'adoption d'enfants au Liban avec une \u00e9quipe d'avocats exp\u00e9riment\u00e9s.\",\"breadcrumb\":{\"@id\":\"https:\/\/mattarlaw.com\/ar\/\u062a\u0628\u0646\u064a-\u0644\u0628\u0646\u0627\u0646\/#breadcrumb\"},\"inLanguage\":\"fr-FR\",\"potentialAction\":[{\"@type\":\"ReadAction\",\"target\":[\"https:\/\/mattarlaw.com\/ar\/\u062a\u0628\u0646\u064a-\u0644\u0628\u0646\u0627\u0646\/\"]}]},{\"@type\":\"BreadcrumbList\",\"@id\":\"https:\/\/mattarlaw.com\/ar\/\u062a\u0628\u0646\u064a-\u0644\u0628\u0646\u0627\u0646\/#breadcrumb\",\"itemListElement\":[{\"@type\":\"ListItem\",\"position\":1,\"name\":\"Home\",\"item\":\"https:\/\/mattarlaw.com\/\"},{\"@type\":\"ListItem\",\"position\":2,\"name\":\"\u0627\u0644\u062a\u0628\u0646\u064a \u0641\u064a \u0644\u0628\u0646\u0627\u0646\"}]},{\"@type\":\"WebSite\",\"@id\":\"https:\/\/mattarlaw.com\/#website\",\"url\":\"https:\/\/mattarlaw.com\/\",\"name\":\"Mattar Law Firm\",\"description\":\"Mattar Law Firm, A Tradition of Legal Excellence Throughout Generations.\",\"publisher\":{\"@id\":\"https:\/\/mattarlaw.com\/#organization\"},\"alternateName\":\"Mattarlaw\",\"potentialAction\":[{\"@type\":\"SearchAction\",\"target\":{\"@type\":\"EntryPoint\",\"urlTemplate\":\"https:\/\/mattarlaw.com\/?s={search_term_string}\"},\"query-input\":{\"@type\":\"PropertyValueSpecification\",\"valueRequired\":true,\"valueName\":\"search_term_string\"}}],\"inLanguage\":\"fr-FR\"},{\"@type\":\"Organization\",\"@id\":\"https:\/\/mattarlaw.com\/fr\/#organization\",\"name\":\"Mattar Law Firm - Cabinet D'avocats Mattar - \u0645\u0643\u062a\u0628 \u0645\u0637\u0631 \u0644\u0644\u0645\u062d\u0627\u0645\u0627\u0629\",\"url\":\"https:\/\/mattarlaw.com\/\",\"logo\":{\"@type\":\"ImageObject\",\"url\":\"https:\/\/mattarlaw.com\/wp-content\/uploads\/2023\/08\/Logo-7.png\"},\"image\":{\"@id\":\"https:\/\/mattarlaw.com\/#\/schema\/logo\/image\/\"},\"sameAs\":[\"https:\/\/www.facebook.com\/mattarlaw\/\",\"https:\/\/x.com\/MattarLawFirm\",\"https:\/\/www.instagram.com\/mattarlawfirm\/\",\"https:\/\/www.linkedin.com\/company\/mattar-law-firm\"],\"alternateName\":[\"Mattar Law Firm\",\"Cabinet D'avocats Mattar\",\"\u0645\u0643\u062a\u0628 \u0645\u0637\u0631 \u0644\u0644\u0645\u062d\u0627\u0645\u0627\u0629\"],\"foundingDate\":\"1963\",\"founder\":{\"@type\":\"Person\",\"name\":\"Salah A. Mattar\"},\"memberOf\":[{\"@type\":\"Organization\",\"name\":\"Beirut Bar Association\"}],\"award\":[\"Golden Medal \u2013 Beirut Bar Association of Lawyers in Beirut (2013)\"],\"address\":{\"@type\":\"PostalAddress\",\"streetAddress\":\"Badaro, Sami El Solh Street, Fakih Bldg, 7th Floor\",\"addressLocality\":\"Beirut\",\"addressCountry\":\"LB\"},\"contactPoint\":[{\"@type\":\"ContactPoint\",\"telephone\":\"+961 3 359 646\",\"contactType\":\"customer service\",\"areaServed\":[\"LB\",\"Worldwide\"],\"availableLanguage\":[\"English\",\"Arabic\",\"French\"]}],\"subOrganization\":[{\"@type\":\"Organization\",\"name\":\"Mattar Law Firm Dubai (Associate Office)\",\"address\":{\"@type\":\"PostalAddress\",\"addressLocality\":\"Dubai\",\"addressCountry\":\"AE\"}},{\"@type\":\"Organization\",\"name\":\"Mattar Law Firm London (Associate Office)\",\"address\":{\"@type\":\"PostalAddress\",\"addressLocality\":\"London\",\"addressCountry\":\"GB\"}},{\"@type\":\"Organization\",\"name\":\"Mattar Law Firm Paris (Associate Office)\",\"address\":{\"@type\":\"PostalAddress\",\"addressLocality\":\"Paris\",\"addressCountry\":\"FR\"}},{\"@type\":\"Organization\",\"name\":\"Mattar Law Firm Rome (Associate Office)\",\"address\":{\"@type\":\"PostalAddress\",\"addressLocality\":\"Rome\",\"addressCountry\":\"IT\"}}]}]}<\/script>\n<!-- \/ Yoast SEO plugin. -->","yoast_head_json":{"title":"Adoption au Liban | Avocats \u00e0 Beyrouth | Cabinet d'avocats Mattar","description":"Le cabinet d'avocats Mattar fournit des services juridiques pour l'adoption d'enfants au Liban avec une \u00e9quipe d'avocats exp\u00e9riment\u00e9s.","robots":{"index":"index","follow":"follow","max-snippet":"max-snippet:-1","max-image-preview":"max-image-preview:large","max-video-preview":"max-video-preview:-1"},"canonical":"https:\/\/mattarlaw.com\/fr\/adoption-au-liban\/","og_locale":"fr_FR","og_type":"article","og_title":"[:en]Adoption in Lebanon | Lawyers in Beirut | Mattar Law Firm[:fr]Adoption au Liban | Avocats \u00e0 Beyrouth | Cabinet d'avocats Mattar[:ar]\u062a\u0628\u0646\u064a \u0641\u064a \u0644\u0628\u0646\u0627\u0646 | \u0645\u062d\u0627\u0645\u064a \u0641\u064a \u0628\u064a\u0631\u0648\u062a | \u0645\u0643\u062a\u0628 \u0645\u0637\u0631 \u0644\u0644\u0645\u062d\u0627\u0645\u0627\u0629[:]","og_description":"[:en]Mattar Law Firm provides legal services for the children adoption in Lebanon with a team of experienced attorneys.[:fr]Le cabinet d'avocats Mattar fournit des services juridiques pour l'adoption d'enfants au Liban avec une \u00e9quipe d'avocats exp\u00e9riment\u00e9s.[:ar]\u064a\u0642\u062f\u0645 \u0645\u0643\u062a\u0628 \u0645\u0637\u0631 \u0644\u0644\u0645\u062d\u0627\u0645\u0627\u0629 \u0627\u0644\u062e\u062f\u0645\u0627\u062a \u0627\u0644\u0642\u0627\u0646\u0648\u0646\u064a\u0629 \u0627\u0644\u0645\u062a\u0639\u0644\u0642\u0629 \u0628\u062a\u0628\u0646\u064a \u0627\u0644\u0623\u0637\u0641\u0627\u0644 \u0641\u064a \u0644\u0628\u0646\u0627\u0646 \u0645\u0646 \u062e\u0644\u0627\u0644 \u0641\u0631\u064a\u0642 \u0645\u0646 \u0627\u0644\u0645\u062d\u0627\u0645\u064a\u0646 \u0630\u0648\u064a \u0627\u0644\u062e\u0628\u0631\u0629[:]","og_url":"https:\/\/mattarlaw.com\/fr\/adoption-au-liban\/","og_site_name":"Mattar Law Firm, Beirut.","article_publisher":"https:\/\/www.facebook.com\/mattarlaw\/","article_modified_time":"2025-07-28T10:22:56+00:00","og_image":[{"width":512,"height":512,"url":"https:\/\/mattarlaw.com\/wp-content\/uploads\/2023\/08\/Untitled-design-96.png","type":"image\/png"}],"twitter_card":"summary_large_image","twitter_site":"@MattarLawFirm","twitter_misc":{"Dur\u00e9e de lecture estim\u00e9e":"3 minutes"},"schema":{"@context":"https:\/\/schema.org","@graph":[{"@type":"WebPage","@id":"https:\/\/mattarlaw.com\/ar\/\u062a\u0628\u0646\u064a-\u0644\u0628\u0646\u0627\u0646\/","url":"https:\/\/mattarlaw.com\/ar\/\u062a\u0628\u0646\u064a-\u0644\u0628\u0646\u0627\u0646\/","name":"Adoption au Liban | Avocats \u00e0 Beyrouth | Cabinet d'avocats Mattar","isPartOf":{"@id":"https:\/\/mattarlaw.com\/#website"},"datePublished":"2013-08-06T12:40:22+00:00","dateModified":"2025-07-28T10:22:56+00:00","description":"Le cabinet d'avocats Mattar fournit des services juridiques pour l'adoption d'enfants au Liban avec une \u00e9quipe d'avocats exp\u00e9riment\u00e9s.","breadcrumb":{"@id":"https:\/\/mattarlaw.com\/ar\/\u062a\u0628\u0646\u064a-\u0644\u0628\u0646\u0627\u0646\/#breadcrumb"},"inLanguage":"fr-FR","potentialAction":[{"@type":"ReadAction","target":["https:\/\/mattarlaw.com\/ar\/\u062a\u0628\u0646\u064a-\u0644\u0628\u0646\u0627\u0646\/"]}]},{"@type":"BreadcrumbList","@id":"https:\/\/mattarlaw.com\/ar\/\u062a\u0628\u0646\u064a-\u0644\u0628\u0646\u0627\u0646\/#breadcrumb","itemListElement":[{"@type":"ListItem","position":1,"name":"Home","item":"https:\/\/mattarlaw.com\/"},{"@type":"ListItem","position":2,"name":"\u0627\u0644\u062a\u0628\u0646\u064a \u0641\u064a \u0644\u0628\u0646\u0627\u0646"}]},{"@type":"WebSite","@id":"https:\/\/mattarlaw.com\/#website","url":"https:\/\/mattarlaw.com\/","name":"Mattar Law Firm","description":"Mattar Law Firm, A Tradition of Legal Excellence Throughout Generations.","publisher":{"@id":"https:\/\/mattarlaw.com\/#organization"},"alternateName":"Mattarlaw","potentialAction":[{"@type":"SearchAction","target":{"@type":"EntryPoint","urlTemplate":"https:\/\/mattarlaw.com\/?s={search_term_string}"},"query-input":{"@type":"PropertyValueSpecification","valueRequired":true,"valueName":"search_term_string"}}],"inLanguage":"fr-FR"},{"@type":"Organization","@id":"https:\/\/mattarlaw.com\/fr\/#organization","name":"Mattar Law Firm - Cabinet D'avocats Mattar - \u0645\u0643\u062a\u0628 \u0645\u0637\u0631 \u0644\u0644\u0645\u062d\u0627\u0645\u0627\u0629","url":"https:\/\/mattarlaw.com\/","logo":{"@type":"ImageObject","url":"https:\/\/mattarlaw.com\/wp-content\/uploads\/2023\/08\/Logo-7.png"},"image":{"@id":"https:\/\/mattarlaw.com\/#\/schema\/logo\/image\/"},"sameAs":["https:\/\/www.facebook.com\/mattarlaw\/","https:\/\/x.com\/MattarLawFirm","https:\/\/www.instagram.com\/mattarlawfirm\/","https:\/\/www.linkedin.com\/company\/mattar-law-firm"],"alternateName":["Mattar Law Firm","Cabinet D'avocats Mattar","\u0645\u0643\u062a\u0628 \u0645\u0637\u0631 \u0644\u0644\u0645\u062d\u0627\u0645\u0627\u0629"],"foundingDate":"1963","founder":{"@type":"Person","name":"Salah A. Mattar"},"memberOf":[{"@type":"Organization","name":"Beirut Bar Association"}],"award":["Golden Medal \u2013 Beirut Bar Association of Lawyers in Beirut (2013)"],"address":{"@type":"PostalAddress","streetAddress":"Badaro, Sami El Solh Street, Fakih Bldg, 7th Floor","addressLocality":"Beirut","addressCountry":"LB"},"contactPoint":[{"@type":"ContactPoint","telephone":"+961 3 359 646","contactType":"customer service","areaServed":["LB","Worldwide"],"availableLanguage":["English","Arabic","French"]}],"subOrganization":[{"@type":"Organization","name":"Mattar Law Firm Dubai (Associate Office)","address":{"@type":"PostalAddress","addressLocality":"Dubai","addressCountry":"AE"}},{"@type":"Organization","name":"Mattar Law Firm London (Associate Office)","address":{"@type":"PostalAddress","addressLocality":"London","addressCountry":"GB"}},{"@type":"Organization","name":"Mattar Law Firm Paris (Associate Office)","address":{"@type":"PostalAddress","addressLocality":"Paris","addressCountry":"FR"}},{"@type":"Organization","name":"Mattar Law Firm Rome (Associate Office)","address":{"@type":"PostalAddress","addressLocality":"Rome","addressCountry":"IT"}}]}]}},"_links":{"self":[{"href":"https:\/\/mattarlaw.com\/fr\/wp-json\/wp\/v2\/pages\/151","targetHints":{"allow":["GET"]}}],"collection":[{"href":"https:\/\/mattarlaw.com\/fr\/wp-json\/wp\/v2\/pages"}],"about":[{"href":"https:\/\/mattarlaw.com\/fr\/wp-json\/wp\/v2\/types\/page"}],"author":[{"embeddable":true,"href":"https:\/\/mattarlaw.com\/fr\/wp-json\/wp\/v2\/users\/2"}],"replies":[{"embeddable":true,"href":"https:\/\/mattarlaw.com\/fr\/wp-json\/wp\/v2\/comments?post=151"}],"version-history":[{"count":2,"href":"https:\/\/mattarlaw.com\/fr\/wp-json\/wp\/v2\/pages\/151\/revisions"}],"predecessor-version":[{"id":7604,"href":"https:\/\/mattarlaw.com\/fr\/wp-json\/wp\/v2\/pages\/151\/revisions\/7604"}],"wp:attachment":[{"href":"https:\/\/mattarlaw.com\/fr\/wp-json\/wp\/v2\/media?parent=151"}],"curies":[{"name":"wp","href":"https:\/\/api.w.org\/{rel}","templated":true}]}}