{"id":16,"date":"2013-08-05T10:22:58","date_gmt":"2013-08-05T10:22:58","guid":{"rendered":"http:\/\/mattarlaw.com\/?page_id=16"},"modified":"2026-03-22T10:38:25","modified_gmt":"2026-03-22T08:38:25","slug":"expertise","status":"publish","type":"page","link":"https:\/\/mattarlaw.com\/fr\/expertise\/","title":{"rendered":"Expertise"},"content":{"rendered":"<h1>Expertise<\/h1>\n<p><a href=\"\/fr\/avocats-libanais-droit-commercial-affaires\/\">Droit Commercial, Soci\u00e9t\u00e9s &#038; Affaires<\/a><a href=\"\/fr\/formation-societes-liban\/\">Cr\u00e9ation de Soci\u00e9t\u00e9s<\/a><a href=\"\/fr\/societes-offshore-liban\/?\">Formation de Soci\u00e9t\u00e9s Offshore<\/a><a href=\"\/fr\/gouvernement-entreprise-liban\/\">Gouvernement d\u2019Entreprise &#038; Conseil<\/a><a href=\"\/fr\/structuration-entreprises-gerance-biens-liban\/\">Structuration d\u2019Entreprise &#038; G\u00e9rance de Biens<\/a><a href=\"\/fr\/immobilier-proprietes-liban-avocats\/\">Immobilier &#038; Construction<\/a><a href=\"\/fr\/investissements-au-liban\/\">Investissements<\/a><a href=\"\/fr\/avocats-banques-finances-liban\/\">Banques &#038; Finances<\/a><a href=\"\/fr\/avocats-contrats-affaires-liban\/\">Contrats d\u2019Affaires<\/a><a href=\"\/fr\/taxes-taxation-liban\/\">Fiscalit\u00e9 &#038; Taxes<\/a><a href=\"\/fr\/petrole-et-gaz-avocats-liban\/\">Energie, P\u00e9trole &#038; Gaz<\/a><a href=\"\/fr\/avocat-litige-liban\/\">Litige \/ r\u00e9solution de Conflits<\/a><a href=\"\/fr\/recouvrement-creances-dettes-liban\/\">Recouvrement de Dettes<\/a><a href=\"\/fr\/avocat-famille-liban\/\">Droit de Famille<\/a><a href=\"\/fr\/adoption-au-liban\/\">Adoption au Liban<\/a><a href=\"\/fr\/enregistrement-marque-liban\/\">Propri\u00e9t\u00e9 Intellectuelle et Marque D\u00e9pos\u00e9e<\/a><a href=\"\/fr\/avocat-penal-liban\/\">Droit P\u00e9nal<\/a><\/p>\n","protected":false},"excerpt":{"rendered":"<p>Expertise Droit Commercial, Soci\u00e9t\u00e9s &#038; AffairesCr\u00e9ation de Soci\u00e9t\u00e9sFormation de Soci\u00e9t\u00e9s OffshoreGouvernement d\u2019Entreprise &#038; ConseilStructuration d\u2019Entreprise &#038; G\u00e9rance de BiensImmobilier &#038; ConstructionInvestissementsBanques &#038; FinancesContrats d\u2019AffairesFiscalit\u00e9 &#038; TaxesEnergie, P\u00e9trole &#038; GazLitige \/ r\u00e9solution de ConflitsRecouvrement de DettesDroit de FamilleAdoption au LibanPropri\u00e9t\u00e9 Intellectuelle et Marque D\u00e9pos\u00e9eDroit P\u00e9nal<\/p>\n","protected":false},"author":2,"featured_media":0,"parent":0,"menu_order":0,"comment_status":"closed","ping_status":"closed","template":"","meta":{"_joinchat":[],"footnotes":""},"class_list":["post-16","page","type-page","status-publish","hentry"],"yoast_head":"<!-- This site is optimized with the Yoast SEO plugin v24.4 - https:\/\/yoast.com\/wordpress\/plugins\/seo\/ -->\n<title>Expertise<\/title>\n<meta name=\"robots\" content=\"index, follow, max-snippet:-1, max-image-preview:large, max-video-preview:-1\" \/>\n<link rel=\"canonical\" href=\"https:\/\/mattarlaw.com\/fr\/expertise\/\" \/>\n<meta property=\"og:locale\" content=\"fr_FR\" \/>\n<meta property=\"og:locale:alternate\" content=\"en_US\" \/>\n<meta property=\"og:locale:alternate\" content=\"ar\" \/>\n<meta property=\"og:type\" content=\"article\" \/>\n<meta property=\"og:title\" content=\"Expertise\" \/>\n<meta property=\"og:description\" content=\"Expertise Droit Commercial, Soci\u00e9t\u00e9s &amp; AffairesCr\u00e9ation de Soci\u00e9t\u00e9sFormation de Soci\u00e9t\u00e9s OffshoreGouvernement d\u2019Entreprise &amp; ConseilStructuration d\u2019Entreprise &amp; G\u00e9rance de BiensImmobilier &amp; ConstructionInvestissementsBanques &amp; FinancesContrats d\u2019AffairesFiscalit\u00e9 &amp; TaxesEnergie, P\u00e9trole &amp; GazLitige \/ r\u00e9solution de ConflitsRecouvrement de DettesDroit de FamilleAdoption au LibanPropri\u00e9t\u00e9 Intellectuelle et Marque D\u00e9pos\u00e9eDroit P\u00e9nal\" \/>\n<meta property=\"og:url\" content=\"https:\/\/mattarlaw.com\/fr\/expertise\/\" \/>\n<meta property=\"og:site_name\" content=\"Mattar Law Firm, Beirut.\" \/>\n<meta property=\"article:publisher\" content=\"https:\/\/www.facebook.com\/mattarlaw\/\" \/>\n<meta property=\"article:modified_time\" content=\"2026-03-22T08:38:25+00:00\" \/>\n<meta property=\"og:image\" content=\"https:\/\/mattarlaw.com\/wp-content\/uploads\/2013\/08\/lebano1.jpg\" \/>\n<meta name=\"twitter:card\" content=\"summary_large_image\" \/>\n<meta name=\"twitter:site\" content=\"@MattarLawFirm\" \/>\n<meta name=\"twitter:label1\" content=\"Dur\u00e9e de lecture estim\u00e9e\" \/>\n\t<meta name=\"twitter:data1\" content=\"1 minute\" \/>\n<script type=\"application\/ld+json\" class=\"yoast-schema-graph\">{\"@context\":\"https:\/\/schema.org\",\"@graph\":[{\"@type\":\"WebPage\",\"@id\":\"https:\/\/mattarlaw.com\/expertise\/\",\"url\":\"https:\/\/mattarlaw.com\/expertise\/\",\"name\":\"Expertise\",\"isPartOf\":{\"@id\":\"https:\/\/mattarlaw.com\/#website\"},\"primaryImageOfPage\":{\"@id\":\"https:\/\/mattarlaw.com\/expertise\/#primaryimage\"},\"image\":{\"@id\":\"https:\/\/mattarlaw.com\/expertise\/#primaryimage\"},\"thumbnailUrl\":\"https:\/\/mattarlaw.com\/wp-content\/uploads\/2013\/08\/lebano1.jpg\",\"datePublished\":\"2013-08-05T10:22:58+00:00\",\"dateModified\":\"2026-03-22T08:38:25+00:00\",\"breadcrumb\":{\"@id\":\"https:\/\/mattarlaw.com\/expertise\/#breadcrumb\"},\"inLanguage\":\"fr-FR\",\"potentialAction\":[{\"@type\":\"ReadAction\",\"target\":[\"https:\/\/mattarlaw.com\/expertise\/\"]}]},{\"@type\":\"ImageObject\",\"inLanguage\":\"fr-FR\",\"@id\":\"https:\/\/mattarlaw.com\/expertise\/#primaryimage\",\"url\":\"https:\/\/mattarlaw.com\/wp-content\/uploads\/2013\/08\/lebano1.jpg\",\"contentUrl\":\"https:\/\/mattarlaw.com\/wp-content\/uploads\/2013\/08\/lebano1.jpg\"},{\"@type\":\"BreadcrumbList\",\"@id\":\"https:\/\/mattarlaw.com\/expertise\/#breadcrumb\",\"itemListElement\":[{\"@type\":\"ListItem\",\"position\":1,\"name\":\"Home\",\"item\":\"https:\/\/mattarlaw.com\/\"},{\"@type\":\"ListItem\",\"position\":2,\"name\":\"Expertise\"}]},{\"@type\":\"WebSite\",\"@id\":\"https:\/\/mattarlaw.com\/#website\",\"url\":\"https:\/\/mattarlaw.com\/\",\"name\":\"Mattar Law Firm\",\"description\":\"Mattar Law Firm, A Tradition of Legal Excellence Throughout Generations.\",\"publisher\":{\"@id\":\"https:\/\/mattarlaw.com\/#organization\"},\"alternateName\":\"Mattarlaw\",\"potentialAction\":[{\"@type\":\"SearchAction\",\"target\":{\"@type\":\"EntryPoint\",\"urlTemplate\":\"https:\/\/mattarlaw.com\/?s={search_term_string}\"},\"query-input\":{\"@type\":\"PropertyValueSpecification\",\"valueRequired\":true,\"valueName\":\"search_term_string\"}}],\"inLanguage\":\"fr-FR\"},{\"@type\":\"Organization\",\"@id\":\"https:\/\/mattarlaw.com\/fr\/#organization\",\"name\":\"Mattar Law Firm - Cabinet D'avocats Mattar - \u0645\u0643\u062a\u0628 \u0645\u0637\u0631 \u0644\u0644\u0645\u062d\u0627\u0645\u0627\u0629\",\"url\":\"https:\/\/mattarlaw.com\/\",\"logo\":{\"@type\":\"ImageObject\",\"url\":\"https:\/\/mattarlaw.com\/wp-content\/uploads\/2023\/08\/Logo-7.png\"},\"image\":{\"@id\":\"https:\/\/mattarlaw.com\/#\/schema\/logo\/image\/\"},\"sameAs\":[\"https:\/\/www.facebook.com\/mattarlaw\/\",\"https:\/\/x.com\/MattarLawFirm\",\"https:\/\/www.instagram.com\/mattarlawfirm\/\",\"https:\/\/www.linkedin.com\/company\/mattar-law-firm\"],\"alternateName\":[\"Mattar Law Firm\",\"Cabinet D'avocats Mattar\",\"\u0645\u0643\u062a\u0628 \u0645\u0637\u0631 \u0644\u0644\u0645\u062d\u0627\u0645\u0627\u0629\"],\"foundingDate\":\"1963\",\"founder\":{\"@type\":\"Person\",\"name\":\"Salah A. Mattar\"},\"memberOf\":[{\"@type\":\"Organization\",\"name\":\"Beirut Bar Association\"}],\"award\":[\"Golden Medal \u2013 Beirut Bar Association of Lawyers in Beirut (2013)\"],\"address\":{\"@type\":\"PostalAddress\",\"streetAddress\":\"Badaro, Sami El Solh Street, Fakih Bldg, 7th Floor\",\"addressLocality\":\"Beirut\",\"addressCountry\":\"LB\"},\"contactPoint\":[{\"@type\":\"ContactPoint\",\"telephone\":\"+961 3 359 646\",\"contactType\":\"customer service\",\"areaServed\":[\"LB\",\"Worldwide\"],\"availableLanguage\":[\"English\",\"Arabic\",\"French\"]}],\"subOrganization\":[{\"@type\":\"Organization\",\"name\":\"Mattar Law Firm Dubai (Associate Office)\",\"address\":{\"@type\":\"PostalAddress\",\"addressLocality\":\"Dubai\",\"addressCountry\":\"AE\"}},{\"@type\":\"Organization\",\"name\":\"Mattar Law Firm London (Associate Office)\",\"address\":{\"@type\":\"PostalAddress\",\"addressLocality\":\"London\",\"addressCountry\":\"GB\"}},{\"@type\":\"Organization\",\"name\":\"Mattar Law Firm Paris (Associate Office)\",\"address\":{\"@type\":\"PostalAddress\",\"addressLocality\":\"Paris\",\"addressCountry\":\"FR\"}},{\"@type\":\"Organization\",\"name\":\"Mattar Law Firm Rome (Associate Office)\",\"address\":{\"@type\":\"PostalAddress\",\"addressLocality\":\"Rome\",\"addressCountry\":\"IT\"}}]}]}<\/script>\n<!-- \/ Yoast SEO plugin. -->","yoast_head_json":{"title":"Expertise","robots":{"index":"index","follow":"follow","max-snippet":"max-snippet:-1","max-image-preview":"max-image-preview:large","max-video-preview":"max-video-preview:-1"},"canonical":"https:\/\/mattarlaw.com\/fr\/expertise\/","og_locale":"fr_FR","og_type":"article","og_title":"[:en]Expertise[:fr]Expertise[:ar]\u062e\u0628\u0631\u0627\u062a[:] - Mattar Law Firm, Beirut.","og_description":"Expertise Droit Commercial, Soci\u00e9t\u00e9s &#038; AffairesCr\u00e9ation de Soci\u00e9t\u00e9sFormation de Soci\u00e9t\u00e9s OffshoreGouvernement d\u2019Entreprise &#038; ConseilStructuration d\u2019Entreprise &#038; G\u00e9rance de BiensImmobilier &#038; ConstructionInvestissementsBanques &#038; FinancesContrats d\u2019AffairesFiscalit\u00e9 &#038; TaxesEnergie, P\u00e9trole &#038; GazLitige \/ r\u00e9solution de ConflitsRecouvrement de DettesDroit de FamilleAdoption au LibanPropri\u00e9t\u00e9 Intellectuelle et Marque D\u00e9pos\u00e9eDroit P\u00e9nal","og_url":"https:\/\/mattarlaw.com\/fr\/expertise\/","og_site_name":"Mattar Law Firm, Beirut.","article_publisher":"https:\/\/www.facebook.com\/mattarlaw\/","article_modified_time":"2026-03-22T08:38:25+00:00","og_image":[{"url":"https:\/\/mattarlaw.com\/wp-content\/uploads\/2013\/08\/lebano1.jpg","type":"","width":"","height":""}],"twitter_card":"summary_large_image","twitter_site":"@MattarLawFirm","twitter_misc":{"Dur\u00e9e de lecture estim\u00e9e":"1 minute"},"schema":{"@context":"https:\/\/schema.org","@graph":[{"@type":"WebPage","@id":"https:\/\/mattarlaw.com\/expertise\/","url":"https:\/\/mattarlaw.com\/expertise\/","name":"Expertise","isPartOf":{"@id":"https:\/\/mattarlaw.com\/#website"},"primaryImageOfPage":{"@id":"https:\/\/mattarlaw.com\/expertise\/#primaryimage"},"image":{"@id":"https:\/\/mattarlaw.com\/expertise\/#primaryimage"},"thumbnailUrl":"https:\/\/mattarlaw.com\/wp-content\/uploads\/2013\/08\/lebano1.jpg","datePublished":"2013-08-05T10:22:58+00:00","dateModified":"2026-03-22T08:38:25+00:00","breadcrumb":{"@id":"https:\/\/mattarlaw.com\/expertise\/#breadcrumb"},"inLanguage":"fr-FR","potentialAction":[{"@type":"ReadAction","target":["https:\/\/mattarlaw.com\/expertise\/"]}]},{"@type":"ImageObject","inLanguage":"fr-FR","@id":"https:\/\/mattarlaw.com\/expertise\/#primaryimage","url":"https:\/\/mattarlaw.com\/wp-content\/uploads\/2013\/08\/lebano1.jpg","contentUrl":"https:\/\/mattarlaw.com\/wp-content\/uploads\/2013\/08\/lebano1.jpg"},{"@type":"BreadcrumbList","@id":"https:\/\/mattarlaw.com\/expertise\/#breadcrumb","itemListElement":[{"@type":"ListItem","position":1,"name":"Home","item":"https:\/\/mattarlaw.com\/"},{"@type":"ListItem","position":2,"name":"Expertise"}]},{"@type":"WebSite","@id":"https:\/\/mattarlaw.com\/#website","url":"https:\/\/mattarlaw.com\/","name":"Mattar Law Firm","description":"Mattar Law Firm, A Tradition of Legal Excellence Throughout Generations.","publisher":{"@id":"https:\/\/mattarlaw.com\/#organization"},"alternateName":"Mattarlaw","potentialAction":[{"@type":"SearchAction","target":{"@type":"EntryPoint","urlTemplate":"https:\/\/mattarlaw.com\/?s={search_term_string}"},"query-input":{"@type":"PropertyValueSpecification","valueRequired":true,"valueName":"search_term_string"}}],"inLanguage":"fr-FR"},{"@type":"Organization","@id":"https:\/\/mattarlaw.com\/fr\/#organization","name":"Mattar Law Firm - Cabinet D'avocats Mattar - \u0645\u0643\u062a\u0628 \u0645\u0637\u0631 \u0644\u0644\u0645\u062d\u0627\u0645\u0627\u0629","url":"https:\/\/mattarlaw.com\/","logo":{"@type":"ImageObject","url":"https:\/\/mattarlaw.com\/wp-content\/uploads\/2023\/08\/Logo-7.png"},"image":{"@id":"https:\/\/mattarlaw.com\/#\/schema\/logo\/image\/"},"sameAs":["https:\/\/www.facebook.com\/mattarlaw\/","https:\/\/x.com\/MattarLawFirm","https:\/\/www.instagram.com\/mattarlawfirm\/","https:\/\/www.linkedin.com\/company\/mattar-law-firm"],"alternateName":["Mattar Law Firm","Cabinet D'avocats Mattar","\u0645\u0643\u062a\u0628 \u0645\u0637\u0631 \u0644\u0644\u0645\u062d\u0627\u0645\u0627\u0629"],"foundingDate":"1963","founder":{"@type":"Person","name":"Salah A. Mattar"},"memberOf":[{"@type":"Organization","name":"Beirut Bar Association"}],"award":["Golden Medal \u2013 Beirut Bar Association of Lawyers in Beirut (2013)"],"address":{"@type":"PostalAddress","streetAddress":"Badaro, Sami El Solh Street, Fakih Bldg, 7th Floor","addressLocality":"Beirut","addressCountry":"LB"},"contactPoint":[{"@type":"ContactPoint","telephone":"+961 3 359 646","contactType":"customer service","areaServed":["LB","Worldwide"],"availableLanguage":["English","Arabic","French"]}],"subOrganization":[{"@type":"Organization","name":"Mattar Law Firm Dubai (Associate Office)","address":{"@type":"PostalAddress","addressLocality":"Dubai","addressCountry":"AE"}},{"@type":"Organization","name":"Mattar Law Firm London (Associate Office)","address":{"@type":"PostalAddress","addressLocality":"London","addressCountry":"GB"}},{"@type":"Organization","name":"Mattar Law Firm Paris (Associate Office)","address":{"@type":"PostalAddress","addressLocality":"Paris","addressCountry":"FR"}},{"@type":"Organization","name":"Mattar Law Firm Rome (Associate Office)","address":{"@type":"PostalAddress","addressLocality":"Rome","addressCountry":"IT"}}]}]}},"_links":{"self":[{"href":"https:\/\/mattarlaw.com\/fr\/wp-json\/wp\/v2\/pages\/16","targetHints":{"allow":["GET"]}}],"collection":[{"href":"https:\/\/mattarlaw.com\/fr\/wp-json\/wp\/v2\/pages"}],"about":[{"href":"https:\/\/mattarlaw.com\/fr\/wp-json\/wp\/v2\/types\/page"}],"author":[{"embeddable":true,"href":"https:\/\/mattarlaw.com\/fr\/wp-json\/wp\/v2\/users\/2"}],"replies":[{"embeddable":true,"href":"https:\/\/mattarlaw.com\/fr\/wp-json\/wp\/v2\/comments?post=16"}],"version-history":[{"count":2,"href":"https:\/\/mattarlaw.com\/fr\/wp-json\/wp\/v2\/pages\/16\/revisions"}],"predecessor-version":[{"id":7822,"href":"https:\/\/mattarlaw.com\/fr\/wp-json\/wp\/v2\/pages\/16\/revisions\/7822"}],"wp:attachment":[{"href":"https:\/\/mattarlaw.com\/fr\/wp-json\/wp\/v2\/media?parent=16"}],"curies":[{"name":"wp","href":"https:\/\/api.w.org\/{rel}","templated":true}]}}