{"id":161,"date":"2013-08-06T12:55:38","date_gmt":"2013-08-06T12:55:38","guid":{"rendered":"http:\/\/mattarlaw.com\/?page_id=161"},"modified":"2025-07-28T12:37:55","modified_gmt":"2025-07-28T10:37:55","slug":"avocats-liban-beyrouh","status":"publish","type":"page","link":"https:\/\/mattarlaw.com\/fr\/avocats-liban-beyrouh\/","title":{"rendered":"Avocats de Beyrouth"},"content":{"rendered":"<h1>Rencontrez Nos Avocats Libanais au Cabinet Mattar, Liban<\/h1>\n<h2>Avec plus de 60 ans d\u2019exp\u00e9rience, notre bureau d\u2019avocats comprend de nombreux avocats, chacun sp\u00e9cialis\u00e9 dans son domaine.<\/h2>\n<p><img decoding=\"async\" class=\"\" src=\"http:\/\/mattarlaw.com\/wp-content\/uploads\/2013\/08\/salah.jpg\" alt=\"Salah A. Mattar\" width=\"110\" height=\"140\" \/><br \/>\n<strong>Salah A. Mattar<\/strong><\/p>\n<p><b>Partenaire Fondateur du Cabinet Mattar.<\/b><\/p>\n<p><b>Exp\u00e9rience :<\/b> Droit Civil, Affaires, Criminel.<\/p>\n<p><b>Naissance :<\/b> Beyrouth.<\/p>\n<p><b>Langues :<\/b> Arabe, Fran\u00e7ais, Anglais.<\/p>\n<p><a href=\"https:\/\/mattarlaw.com\/fr\/salah-mattar\/\">Lire Plus<\/a><\/p>\n<hr \/>\n<p>&nbsp;<\/p>\n<p><img decoding=\"async\" src=\"http:\/\/mattarlaw.com\/wp-content\/uploads\/2013\/08\/SSM1.jpg\" alt=\"Salah S. Mattar\" width=\"110\" height=\"140\" \/><br \/>\n<strong>Salah S. Mattar<\/p>\n<p>Partenaire G\u00e9rant du Cabinet Mattar.<\/strong><\/p>\n<p><b>Exp\u00e9rience :<\/b> Droit des Affaires, Civil, Foncier.<\/p>\n<p><b>Naissance :<\/b> Beyrouth.<\/p>\n<p><b>\u00c9ducation :<\/b> Licence en Droit (Universit\u00e9 Saint Joseph).<\/p>\n<p><b>Langues :<\/b> Arabe, Fran\u00e7ais, Anglais.<\/p>\n<hr \/>\n<p><img decoding=\"async\" class=\"\" src=\"http:\/\/mattarlaw.com\/wp-content\/uploads\/2013\/08\/Hussein-Alloul.jpg\" alt=\"Hussein M. Alloul\" width=\"110\" height=\"140\" \/><br \/>\n<strong>Hussein M. Alloul<\/strong><\/p>\n<p><b>Exp\u00e9rience :<\/b> Droit Civil, Criminel.<\/p>\n<p><b>Naissance :<\/b> Beyrouth.<\/p>\n<p><b>\u00c9ducation :<\/b> Universit\u00e9 Libanaise.<\/p>\n<p><b>Langues :<\/b> Arabe, Anglais.<\/p>\n<hr \/>\n<p><img loading=\"lazy\" decoding=\"async\" class=\"\" src=\"http:\/\/mattarlaw.com\/wp-content\/uploads\/2013\/08\/MohammadYounes.jpg\" alt=\"Mohammad A. Younes\" width=\"110\" height=\"140\" \/><br \/>\n<strong>Mohammad A. Younes<\/strong><\/p>\n<p><b>Exp\u00e9rience :<\/b> Droit des Soci\u00e9t\u00e9s, Foncier.<\/p>\n<p><b>Naissance :<\/b> Beyrouth.<\/p>\n<p><b>\u00c9ducation :<\/b> Licence (Universit\u00e9 Libanaise).<\/p>\n<p><b>Langues :<\/b> Arabe, Fran\u00e7ais, Anglais.<\/p>\n<hr \/>\n<p><img loading=\"lazy\" decoding=\"async\" src=\"http:\/\/mattarlaw.com\/wp-content\/uploads\/2013\/08\/Lawyer-Ahmad-Nehme.jpg\" alt=\"Ahmad M. Nehme\" width=\"110\" height=\"140\" \/><br \/>\n<strong>Ahmad M. Nehme<\/strong><\/p>\n<p><b>Exp\u00e9rience :<\/b> Droit Civil.<\/p>\n<p><b>Naissance :<\/b> Beyrouth.<\/p>\n<p><b>\u00c9ducation :<\/b> Licence (Universit\u00e9 La Sagesse).<\/p>\n<p><b>Langues :<\/b> Arabe, Fran\u00e7ais, Anglais.<\/p>\n<hr \/>\n<p><img loading=\"lazy\" decoding=\"async\" class=\"\" src=\"http:\/\/mattarlaw.com\/wp-content\/uploads\/2013\/08\/AliM.jpg\" alt=\"Ali K. Mohammad\" width=\"110\" height=\"140\" \/><br \/>\n<strong>Ali K. Mohammad<\/strong><\/p>\n<p><b>Exp\u00e9rience :<\/b> Avocat Stagi\u00e8re.<\/p>\n<p><b>Naissance :<\/b> Beyrouth.<\/p>\n<p><b>\u00c9ducation :<\/b> Licence (Universit\u00e9 Libanaise).<\/p>\n<p><b>Langues :<\/b> Arabe, Fran\u00e7ais, Anglais.<\/p>\n<hr \/>\n<p><img loading=\"lazy\" decoding=\"async\" class=\"\" src=\"http:\/\/mattarlaw.com\/wp-content\/uploads\/2023\/01\/Arahhal-720x1024.jpg\" alt=\"Ahmad H. Rahhal\" width=\"110\" height=\"140\" \/><br \/>\n<strong>Ahmad H. Rahhal<\/strong><\/p>\n<p><b>Exp\u00e9rience :<\/b> Avocat Stagi\u00e8re.<\/p>\n<p><b>Naissance :<\/b> Beyrouth.<\/p>\n<p><b>\u00c9ducation :<\/b> Licence (Universit\u00e9 Libanaise).<\/p>\n<p><b>Langues :<\/b> Arabe, Fran\u00e7ais, Anglais.<\/p>\n<hr \/>\n<p><img loading=\"lazy\" decoding=\"async\" class=\"\" src=\"http:\/\/mattarlaw.com\/wp-content\/uploads\/2023\/01\/Jose-Akl-222x300.jpg\" alt=\"Jose Y. Akl\" width=\"110\" height=\"140\" \/><br \/>\n<strong>Jose Y. Akl<\/strong><\/p>\n<p><b>Exp\u00e9rience :<\/b> Avocat Stagi\u00e8re.<\/p>\n<p><b>Naissance :<\/b> Beyrouth.<\/p>\n<p><b>\u00c9ducation :<\/b> Licence (Universit\u00e9 La Sagesse).<\/p>\n<p><b>Langues :<\/b> Arabe, Fran\u00e7ais, Anglais.<\/p>\n<hr \/>\n<p><!-- Iman A. Younes --><br \/>\n<img loading=\"lazy\" decoding=\"async\" class=\"\" src=\"http:\/\/mattarlaw.com\/wp-content\/uploads\/2023\/01\/ImanY-780x1024.jpg\" alt=\"Iman A. Younes\" width=\"110\" height=\"140\" \/><br \/>\n<strong>Iman A. Younes<\/strong><\/p>\n<p><b>Avocate Stagi\u00e8re.<\/b><\/p>\n<p><b>Exp\u00e9rience :<\/b> Droit Civil, Droit Immobilier.<\/p>\n<p><b>Naissance :<\/b> Beyrouth.<\/p>\n<p><b>\u00c9ducation :<\/b> Licence (Universit\u00e9 Libanaise).<\/p>\n<p><b>Langues :<\/b> Arabe, Fran\u00e7ais, Anglais.<\/p>\n<hr \/>\n<p><!-- Hadi R. Milli --><br \/>\n<img loading=\"lazy\" decoding=\"async\" class=\"\" src=\"http:\/\/mattarlaw.com\/wp-content\/uploads\/2024\/04\/HM.jpg\" alt=\"Hadi R. Milli\" width=\"110\" height=\"140\" \/><br \/>\n<strong>Hadi R. Milli<\/strong><\/p>\n<p><b>Avocat Stagiaire.<\/b><\/p>\n<p><b>Exp\u00e9rience :<\/b> Droit Civil, Droit Familial.<\/p>\n<p><b>Naissance :<\/b> Beyrouth.<\/p>\n<p><b>\u00c9ducation :<\/b> Licence (Universit\u00e9 Libanaise).<\/p>\n<p><b>Langues :<\/b> Arabe, Fran\u00e7ais, Anglais.<\/p>\n<hr \/>\n<p><!-- Antoine G. Kaaikaty --><br \/>\n<img loading=\"lazy\" decoding=\"async\" src=\"http:\/\/mattarlaw.com\/wp-content\/uploads\/2013\/08\/Antoine1.jpg\" alt=\"Antoine G. Kaaikaty\" width=\"110\" height=\"140\" \/><br \/>\n<strong>Antoine G. Kaaikaty<\/strong><\/p>\n<p><b>Assistant L\u00e9gal Exp\u00e9riment\u00e9.<\/b><\/p>\n<p><b>Exp\u00e9rience G\u00e9n\u00e9rale en Mati\u00e8re Juridique.<\/b><\/p>\n<p><b>Naissance :<\/b> Beyrouth.<\/p>\n<p><b>\u00c9ducation :<\/b> Exp\u00e9rience G\u00e9n\u00e9rale en Mati\u00e8re Juridique.<\/p>\n<p><b>Langues :<\/b> Arabe, Fran\u00e7ais, Anglais.<\/p>\n","protected":false},"excerpt":{"rendered":"<p>Rencontrez Nos Avocats Libanais au Cabinet Mattar, Liban Avec plus de 60 ans d\u2019exp\u00e9rience, notre bureau d\u2019avocats comprend de nombreux avocats, chacun sp\u00e9cialis\u00e9 dans son domaine. Salah A. Mattar Partenaire Fondateur du Cabinet Mattar. Exp\u00e9rience : Droit Civil, Affaires, Criminel. Naissance : Beyrouth. Langues : Arabe, Fran\u00e7ais, Anglais. Lire Plus &nbsp; Salah S. Mattar Partenaire [&hellip;]<\/p>\n","protected":false},"author":2,"featured_media":0,"parent":0,"menu_order":0,"comment_status":"closed","ping_status":"closed","template":"","meta":{"_joinchat":[],"footnotes":""},"class_list":["post-161","page","type-page","status-publish","hentry"],"yoast_head":"<!-- This site is optimized with the Yoast SEO plugin v24.4 - https:\/\/yoast.com\/wordpress\/plugins\/seo\/ -->\n<title>Avocats au Liban | Cabinet d&#039;avocats \u00e0 Beyrouth<\/title>\n<meta name=\"description\" content=\"Avec plus de 60 ans d\u2019exp\u00e9rience au Liban, nos avocats \u00e0 Beyrouth offrent les meilleurs services juridiques \u00e0 leurs clients.\" \/>\n<meta name=\"robots\" content=\"index, follow, max-snippet:-1, max-image-preview:large, max-video-preview:-1\" \/>\n<link rel=\"canonical\" href=\"https:\/\/mattarlaw.com\/fr\/avocats-liban-beyrouh\/\" \/>\n<meta property=\"og:locale\" content=\"fr_FR\" \/>\n<meta property=\"og:locale:alternate\" content=\"en_US\" \/>\n<meta property=\"og:locale:alternate\" content=\"ar\" \/>\n<meta property=\"og:type\" content=\"article\" \/>\n<meta property=\"og:title\" content=\"Avocats au Liban | Cabinet d&#039;avocats \u00e0 Beyrouth\" \/>\n<meta property=\"og:description\" content=\"Avec plus de 60 ans d\u2019exp\u00e9rience au Liban, nos avocats \u00e0 Beyrouth offrent les meilleurs services juridiques \u00e0 leurs clients.\" \/>\n<meta property=\"og:url\" content=\"https:\/\/mattarlaw.com\/fr\/avocats-liban-beyrouh\/\" \/>\n<meta property=\"og:site_name\" content=\"Mattar Law Firm, Beirut.\" \/>\n<meta property=\"article:publisher\" content=\"https:\/\/www.facebook.com\/mattarlaw\/\" \/>\n<meta property=\"article:modified_time\" content=\"2025-07-28T10:37:55+00:00\" \/>\n<meta property=\"og:image\" content=\"http:\/\/mattarlaw.com\/wp-content\/uploads\/2013\/08\/salah.jpg\" \/>\n<meta name=\"twitter:card\" content=\"summary_large_image\" \/>\n<meta name=\"twitter:site\" content=\"@MattarLawFirm\" \/>\n<meta name=\"twitter:label1\" content=\"Dur\u00e9e de lecture estim\u00e9e\" \/>\n\t<meta name=\"twitter:data1\" content=\"4 minutes\" \/>\n<script type=\"application\/ld+json\" class=\"yoast-schema-graph\">{\"@context\":\"https:\/\/schema.org\",\"@graph\":[{\"@type\":\"WebPage\",\"@id\":\"https:\/\/mattarlaw.com\/ar\/\u0645\u062d\u0627\u0645\u0648\u0646-\u0644\u0628\u0646\u0627\u0646-\u0628\u064a\u0631\u0648\u062a\/\",\"url\":\"https:\/\/mattarlaw.com\/ar\/\u0645\u062d\u0627\u0645\u0648\u0646-\u0644\u0628\u0646\u0627\u0646-\u0628\u064a\u0631\u0648\u062a\/\",\"name\":\"Avocats au Liban | Cabinet d'avocats \u00e0 Beyrouth\",\"isPartOf\":{\"@id\":\"https:\/\/mattarlaw.com\/#website\"},\"primaryImageOfPage\":{\"@id\":\"https:\/\/mattarlaw.com\/ar\/\u0645\u062d\u0627\u0645\u0648\u0646-\u0644\u0628\u0646\u0627\u0646-\u0628\u064a\u0631\u0648\u062a\/#primaryimage\"},\"image\":{\"@id\":\"https:\/\/mattarlaw.com\/ar\/\u0645\u062d\u0627\u0645\u0648\u0646-\u0644\u0628\u0646\u0627\u0646-\u0628\u064a\u0631\u0648\u062a\/#primaryimage\"},\"thumbnailUrl\":\"http:\/\/mattarlaw.com\/wp-content\/uploads\/2013\/08\/salah.jpg\",\"datePublished\":\"2013-08-06T12:55:38+00:00\",\"dateModified\":\"2025-07-28T10:37:55+00:00\",\"description\":\"Avec plus de 60 ans d\u2019exp\u00e9rience au Liban, nos avocats \u00e0 Beyrouth offrent les meilleurs services juridiques \u00e0 leurs clients.\",\"breadcrumb\":{\"@id\":\"https:\/\/mattarlaw.com\/ar\/\u0645\u062d\u0627\u0645\u0648\u0646-\u0644\u0628\u0646\u0627\u0646-\u0628\u064a\u0631\u0648\u062a\/#breadcrumb\"},\"inLanguage\":\"fr-FR\",\"potentialAction\":[{\"@type\":\"ReadAction\",\"target\":[\"https:\/\/mattarlaw.com\/ar\/\u0645\u062d\u0627\u0645\u0648\u0646-\u0644\u0628\u0646\u0627\u0646-\u0628\u064a\u0631\u0648\u062a\/\"]}]},{\"@type\":\"ImageObject\",\"inLanguage\":\"fr-FR\",\"@id\":\"https:\/\/mattarlaw.com\/ar\/\u0645\u062d\u0627\u0645\u0648\u0646-\u0644\u0628\u0646\u0627\u0646-\u0628\u064a\u0631\u0648\u062a\/#primaryimage\",\"url\":\"http:\/\/mattarlaw.com\/wp-content\/uploads\/2013\/08\/salah.jpg\",\"contentUrl\":\"http:\/\/mattarlaw.com\/wp-content\/uploads\/2013\/08\/salah.jpg\"},{\"@type\":\"BreadcrumbList\",\"@id\":\"https:\/\/mattarlaw.com\/ar\/\u0645\u062d\u0627\u0645\u0648\u0646-\u0644\u0628\u0646\u0627\u0646-\u0628\u064a\u0631\u0648\u062a\/#breadcrumb\",\"itemListElement\":[{\"@type\":\"ListItem\",\"position\":1,\"name\":\"Home\",\"item\":\"https:\/\/mattarlaw.com\/\"},{\"@type\":\"ListItem\",\"position\":2,\"name\":\"\u0645\u062d\u0627\u0645\u0648 \u0628\u064a\u0631\u0648\u062a\"}]},{\"@type\":\"WebSite\",\"@id\":\"https:\/\/mattarlaw.com\/#website\",\"url\":\"https:\/\/mattarlaw.com\/\",\"name\":\"Mattar Law Firm\",\"description\":\"Mattar Law Firm, A Tradition of Legal Excellence Throughout Generations.\",\"publisher\":{\"@id\":\"https:\/\/mattarlaw.com\/#organization\"},\"alternateName\":\"Mattarlaw\",\"potentialAction\":[{\"@type\":\"SearchAction\",\"target\":{\"@type\":\"EntryPoint\",\"urlTemplate\":\"https:\/\/mattarlaw.com\/?s={search_term_string}\"},\"query-input\":{\"@type\":\"PropertyValueSpecification\",\"valueRequired\":true,\"valueName\":\"search_term_string\"}}],\"inLanguage\":\"fr-FR\"},{\"@type\":\"Organization\",\"@id\":\"https:\/\/mattarlaw.com\/fr\/#organization\",\"name\":\"Mattar Law Firm - Cabinet D'avocats Mattar - \u0645\u0643\u062a\u0628 \u0645\u0637\u0631 \u0644\u0644\u0645\u062d\u0627\u0645\u0627\u0629\",\"url\":\"https:\/\/mattarlaw.com\/\",\"logo\":{\"@type\":\"ImageObject\",\"url\":\"https:\/\/mattarlaw.com\/wp-content\/uploads\/2023\/08\/Logo-7.png\"},\"image\":{\"@id\":\"https:\/\/mattarlaw.com\/#\/schema\/logo\/image\/\"},\"sameAs\":[\"https:\/\/www.facebook.com\/mattarlaw\/\",\"https:\/\/x.com\/MattarLawFirm\",\"https:\/\/www.instagram.com\/mattarlawfirm\/\",\"https:\/\/www.linkedin.com\/company\/mattar-law-firm\"],\"alternateName\":[\"Mattar Law Firm\",\"Cabinet D'avocats Mattar\",\"\u0645\u0643\u062a\u0628 \u0645\u0637\u0631 \u0644\u0644\u0645\u062d\u0627\u0645\u0627\u0629\"],\"foundingDate\":\"1963\",\"founder\":{\"@type\":\"Person\",\"name\":\"Salah A. Mattar\"},\"memberOf\":[{\"@type\":\"Organization\",\"name\":\"Beirut Bar Association\"}],\"award\":[\"Golden Medal \u2013 Beirut Bar Association of Lawyers in Beirut (2013)\"],\"address\":{\"@type\":\"PostalAddress\",\"streetAddress\":\"Badaro, Sami El Solh Street, Fakih Bldg, 7th Floor\",\"addressLocality\":\"Beirut\",\"addressCountry\":\"LB\"},\"contactPoint\":[{\"@type\":\"ContactPoint\",\"telephone\":\"+961 3 359 646\",\"contactType\":\"customer service\",\"areaServed\":[\"LB\",\"Worldwide\"],\"availableLanguage\":[\"English\",\"Arabic\",\"French\"]}],\"subOrganization\":[{\"@type\":\"Organization\",\"name\":\"Mattar Law Firm Dubai (Associate Office)\",\"address\":{\"@type\":\"PostalAddress\",\"addressLocality\":\"Dubai\",\"addressCountry\":\"AE\"}},{\"@type\":\"Organization\",\"name\":\"Mattar Law Firm London (Associate Office)\",\"address\":{\"@type\":\"PostalAddress\",\"addressLocality\":\"London\",\"addressCountry\":\"GB\"}},{\"@type\":\"Organization\",\"name\":\"Mattar Law Firm Paris (Associate Office)\",\"address\":{\"@type\":\"PostalAddress\",\"addressLocality\":\"Paris\",\"addressCountry\":\"FR\"}},{\"@type\":\"Organization\",\"name\":\"Mattar Law Firm Rome (Associate Office)\",\"address\":{\"@type\":\"PostalAddress\",\"addressLocality\":\"Rome\",\"addressCountry\":\"IT\"}}]}]}<\/script>\n<!-- \/ Yoast SEO plugin. -->","yoast_head_json":{"title":"Avocats au Liban | Cabinet d'avocats \u00e0 Beyrouth","description":"Avec plus de 60 ans d\u2019exp\u00e9rience au Liban, nos avocats \u00e0 Beyrouth offrent les meilleurs services juridiques \u00e0 leurs clients.","robots":{"index":"index","follow":"follow","max-snippet":"max-snippet:-1","max-image-preview":"max-image-preview:large","max-video-preview":"max-video-preview:-1"},"canonical":"https:\/\/mattarlaw.com\/fr\/avocats-liban-beyrouh\/","og_locale":"fr_FR","og_type":"article","og_title":"[:en]Lawyers in Lebanon | Attorneys in Lebanon | Mattar Law Firm[:fr]Avocats au Liban | Cabinet d'avocats \u00e0 Beyrouth[:ar]\u0645\u062d\u0627\u0645 \u0641\u064a \u0644\u0628\u0646\u0627\u0646 | \u0645\u062d\u0627\u0645\u0648\u0646 \u0641\u064a \u0628\u064a\u0631\u0648\u062a | \u0645\u0643\u062a\u0628 \u0645\u0637\u0631 \u0644\u0644\u0645\u062d\u0627\u0645\u0627\u0629[:]","og_description":"[:en]With more than 60 years of experience in Lebanon, our lawyers in Beirut provide the best legal services to their clients.[:fr]Avec plus de 60 ans d\u2019exp\u00e9rience au Liban, nos avocats \u00e0 Beyrouth offrent les meilleurs services juridiques \u00e0 leurs clients.[:ar]\u0645\u0639 \u0623\u0643\u062b\u0631 \u0645\u0646 \u0666\u0660 \u0639\u0627\u0645\u064b\u0627 \u0645\u0646 \u0627\u0644\u062e\u0628\u0631\u0629 \u0641\u064a \u0644\u0628\u0646\u0627\u0646\u060c \u064a\u0642\u062f\u0645 \u0645\u062d\u0627\u0645\u0648\u0646\u0627 \u0641\u064a \u0628\u064a\u0631\u0648\u062a \u0623\u0641\u0636\u0644 \u0627\u0644\u062e\u062f\u0645\u0627\u062a \u0627\u0644\u0642\u0627\u0646\u0648\u0646\u064a\u0629 \u0644\u0639\u0645\u0644\u0627\u0626\u0647\u0645.[:]","og_url":"https:\/\/mattarlaw.com\/fr\/avocats-liban-beyrouh\/","og_site_name":"Mattar Law Firm, Beirut.","article_publisher":"https:\/\/www.facebook.com\/mattarlaw\/","article_modified_time":"2025-07-28T10:37:55+00:00","og_image":[{"url":"http:\/\/mattarlaw.com\/wp-content\/uploads\/2013\/08\/salah.jpg","type":"","width":"","height":""}],"twitter_card":"summary_large_image","twitter_site":"@MattarLawFirm","twitter_misc":{"Dur\u00e9e de lecture estim\u00e9e":"4 minutes"},"schema":{"@context":"https:\/\/schema.org","@graph":[{"@type":"WebPage","@id":"https:\/\/mattarlaw.com\/ar\/\u0645\u062d\u0627\u0645\u0648\u0646-\u0644\u0628\u0646\u0627\u0646-\u0628\u064a\u0631\u0648\u062a\/","url":"https:\/\/mattarlaw.com\/ar\/\u0645\u062d\u0627\u0645\u0648\u0646-\u0644\u0628\u0646\u0627\u0646-\u0628\u064a\u0631\u0648\u062a\/","name":"Avocats au Liban | Cabinet d'avocats \u00e0 Beyrouth","isPartOf":{"@id":"https:\/\/mattarlaw.com\/#website"},"primaryImageOfPage":{"@id":"https:\/\/mattarlaw.com\/ar\/\u0645\u062d\u0627\u0645\u0648\u0646-\u0644\u0628\u0646\u0627\u0646-\u0628\u064a\u0631\u0648\u062a\/#primaryimage"},"image":{"@id":"https:\/\/mattarlaw.com\/ar\/\u0645\u062d\u0627\u0645\u0648\u0646-\u0644\u0628\u0646\u0627\u0646-\u0628\u064a\u0631\u0648\u062a\/#primaryimage"},"thumbnailUrl":"http:\/\/mattarlaw.com\/wp-content\/uploads\/2013\/08\/salah.jpg","datePublished":"2013-08-06T12:55:38+00:00","dateModified":"2025-07-28T10:37:55+00:00","description":"Avec plus de 60 ans d\u2019exp\u00e9rience au Liban, nos avocats \u00e0 Beyrouth offrent les meilleurs services juridiques \u00e0 leurs clients.","breadcrumb":{"@id":"https:\/\/mattarlaw.com\/ar\/\u0645\u062d\u0627\u0645\u0648\u0646-\u0644\u0628\u0646\u0627\u0646-\u0628\u064a\u0631\u0648\u062a\/#breadcrumb"},"inLanguage":"fr-FR","potentialAction":[{"@type":"ReadAction","target":["https:\/\/mattarlaw.com\/ar\/\u0645\u062d\u0627\u0645\u0648\u0646-\u0644\u0628\u0646\u0627\u0646-\u0628\u064a\u0631\u0648\u062a\/"]}]},{"@type":"ImageObject","inLanguage":"fr-FR","@id":"https:\/\/mattarlaw.com\/ar\/\u0645\u062d\u0627\u0645\u0648\u0646-\u0644\u0628\u0646\u0627\u0646-\u0628\u064a\u0631\u0648\u062a\/#primaryimage","url":"http:\/\/mattarlaw.com\/wp-content\/uploads\/2013\/08\/salah.jpg","contentUrl":"http:\/\/mattarlaw.com\/wp-content\/uploads\/2013\/08\/salah.jpg"},{"@type":"BreadcrumbList","@id":"https:\/\/mattarlaw.com\/ar\/\u0645\u062d\u0627\u0645\u0648\u0646-\u0644\u0628\u0646\u0627\u0646-\u0628\u064a\u0631\u0648\u062a\/#breadcrumb","itemListElement":[{"@type":"ListItem","position":1,"name":"Home","item":"https:\/\/mattarlaw.com\/"},{"@type":"ListItem","position":2,"name":"\u0645\u062d\u0627\u0645\u0648 \u0628\u064a\u0631\u0648\u062a"}]},{"@type":"WebSite","@id":"https:\/\/mattarlaw.com\/#website","url":"https:\/\/mattarlaw.com\/","name":"Mattar Law Firm","description":"Mattar Law Firm, A Tradition of Legal Excellence Throughout Generations.","publisher":{"@id":"https:\/\/mattarlaw.com\/#organization"},"alternateName":"Mattarlaw","potentialAction":[{"@type":"SearchAction","target":{"@type":"EntryPoint","urlTemplate":"https:\/\/mattarlaw.com\/?s={search_term_string}"},"query-input":{"@type":"PropertyValueSpecification","valueRequired":true,"valueName":"search_term_string"}}],"inLanguage":"fr-FR"},{"@type":"Organization","@id":"https:\/\/mattarlaw.com\/fr\/#organization","name":"Mattar Law Firm - Cabinet D'avocats Mattar - \u0645\u0643\u062a\u0628 \u0645\u0637\u0631 \u0644\u0644\u0645\u062d\u0627\u0645\u0627\u0629","url":"https:\/\/mattarlaw.com\/","logo":{"@type":"ImageObject","url":"https:\/\/mattarlaw.com\/wp-content\/uploads\/2023\/08\/Logo-7.png"},"image":{"@id":"https:\/\/mattarlaw.com\/#\/schema\/logo\/image\/"},"sameAs":["https:\/\/www.facebook.com\/mattarlaw\/","https:\/\/x.com\/MattarLawFirm","https:\/\/www.instagram.com\/mattarlawfirm\/","https:\/\/www.linkedin.com\/company\/mattar-law-firm"],"alternateName":["Mattar Law Firm","Cabinet D'avocats Mattar","\u0645\u0643\u062a\u0628 \u0645\u0637\u0631 \u0644\u0644\u0645\u062d\u0627\u0645\u0627\u0629"],"foundingDate":"1963","founder":{"@type":"Person","name":"Salah A. Mattar"},"memberOf":[{"@type":"Organization","name":"Beirut Bar Association"}],"award":["Golden Medal \u2013 Beirut Bar Association of Lawyers in Beirut (2013)"],"address":{"@type":"PostalAddress","streetAddress":"Badaro, Sami El Solh Street, Fakih Bldg, 7th Floor","addressLocality":"Beirut","addressCountry":"LB"},"contactPoint":[{"@type":"ContactPoint","telephone":"+961 3 359 646","contactType":"customer service","areaServed":["LB","Worldwide"],"availableLanguage":["English","Arabic","French"]}],"subOrganization":[{"@type":"Organization","name":"Mattar Law Firm Dubai (Associate Office)","address":{"@type":"PostalAddress","addressLocality":"Dubai","addressCountry":"AE"}},{"@type":"Organization","name":"Mattar Law Firm London (Associate Office)","address":{"@type":"PostalAddress","addressLocality":"London","addressCountry":"GB"}},{"@type":"Organization","name":"Mattar Law Firm Paris (Associate Office)","address":{"@type":"PostalAddress","addressLocality":"Paris","addressCountry":"FR"}},{"@type":"Organization","name":"Mattar Law Firm Rome (Associate Office)","address":{"@type":"PostalAddress","addressLocality":"Rome","addressCountry":"IT"}}]}]}},"_links":{"self":[{"href":"https:\/\/mattarlaw.com\/fr\/wp-json\/wp\/v2\/pages\/161","targetHints":{"allow":["GET"]}}],"collection":[{"href":"https:\/\/mattarlaw.com\/fr\/wp-json\/wp\/v2\/pages"}],"about":[{"href":"https:\/\/mattarlaw.com\/fr\/wp-json\/wp\/v2\/types\/page"}],"author":[{"embeddable":true,"href":"https:\/\/mattarlaw.com\/fr\/wp-json\/wp\/v2\/users\/2"}],"replies":[{"embeddable":true,"href":"https:\/\/mattarlaw.com\/fr\/wp-json\/wp\/v2\/comments?post=161"}],"version-history":[{"count":2,"href":"https:\/\/mattarlaw.com\/fr\/wp-json\/wp\/v2\/pages\/161\/revisions"}],"predecessor-version":[{"id":7609,"href":"https:\/\/mattarlaw.com\/fr\/wp-json\/wp\/v2\/pages\/161\/revisions\/7609"}],"wp:attachment":[{"href":"https:\/\/mattarlaw.com\/fr\/wp-json\/wp\/v2\/media?parent=161"}],"curies":[{"name":"wp","href":"https:\/\/api.w.org\/{rel}","templated":true}]}}