{"id":174,"date":"2013-08-06T13:03:47","date_gmt":"2013-08-06T13:03:47","guid":{"rendered":"http:\/\/mattarlaw.com\/?page_id=174"},"modified":"2025-03-07T13:37:04","modified_gmt":"2025-03-07T11:37:04","slug":"investissements-etrangers-au-liban","status":"publish","type":"page","link":"https:\/\/mattarlaw.com\/fr\/librairie-avocats-beyrouth\/investissements-etrangers-au-liban","title":{"rendered":"Investissements \u00e9trangers au Liban"},"content":{"rendered":"<h1>Investissements Etrangers au Liban<br \/>\n<!--:en--><\/h1>\n<p><!--:--><!--:fr-->Le Liban est un pays ouvert aux investissements etrangers.<br \/>\nLes avantages du Liban sont nombreux ce qui encourage les investissements.<br \/>\nLe pays est en premier lieu ouvert au commerce international et aux investissements.<br \/>\nLe syst\u00e8me est un syst\u00e8me \u00e9conomique libre avec une r\u00e8glementation flexible sur les mouvements de capitaux. Dot\u00e9e d&rsquo;une main d&rsquo;oeuvre qualifi\u00e9e et eduqu\u00e9e et d&rsquo;un niveau de vie \u00e9lev\u00e9 (h\u00f4pitaux, universit\u00e9s de haut niveau etc&#8230;)<\/p>\n<p>Le Liban est un milieu attirant pour les investissements et les projets \u00e9conomiques.<br \/>\nLes comptes bancaires au Liban sont aussi couverts par le secret bancaire absolu ce qui offre aux investisseurs la confidentialit\u00e9 en terme des affaires.<\/p>\n<p>&nbsp;<\/p>\n","protected":false},"excerpt":{"rendered":"<p>Investissements Etrangers au Liban Le Liban est un pays ouvert aux investissements etrangers. Les avantages du Liban sont nombreux ce qui encourage les investissements. Le pays est en premier lieu ouvert au commerce international et aux investissements. Le syst\u00e8me est un syst\u00e8me \u00e9conomique libre avec une r\u00e8glementation flexible sur les mouvements de capitaux. Dot\u00e9e d&rsquo;une [&hellip;]<\/p>\n","protected":false},"author":2,"featured_media":0,"parent":798,"menu_order":0,"comment_status":"closed","ping_status":"closed","template":"","meta":{"_joinchat":[],"footnotes":""},"class_list":["post-174","page","type-page","status-publish","hentry"],"yoast_head":"<!-- This site is optimized with the Yoast SEO plugin v24.4 - https:\/\/yoast.com\/wordpress\/plugins\/seo\/ -->\n<title>Investissements \u00e9trangers au Liban<\/title>\n<meta name=\"robots\" content=\"index, follow, max-snippet:-1, max-image-preview:large, max-video-preview:-1\" \/>\n<link rel=\"canonical\" href=\"https:\/\/mattarlaw.com\/fr\/librairie-avocats-beyrouth\/\u0627\u0644\u0627\u0633\u062a\u062b\u0645\u0627\u0631\u0627\u062a-\u0627\u0644\u0623\u062c\u0646\u0628\u064a\u0629-\u0641\u064a-\u0644\u0628\u0646\u0627\u0646\" \/>\n<meta property=\"og:locale\" content=\"fr_FR\" \/>\n<meta property=\"og:locale:alternate\" content=\"en_US\" \/>\n<meta property=\"og:locale:alternate\" content=\"ar\" \/>\n<meta property=\"og:type\" content=\"article\" \/>\n<meta property=\"og:title\" content=\"Investissements \u00e9trangers au Liban\" \/>\n<meta property=\"og:description\" content=\"Investissements Etrangers au Liban Le Liban est un pays ouvert aux investissements etrangers. Les avantages du Liban sont nombreux ce qui encourage les investissements. Le pays est en premier lieu ouvert au commerce international et aux investissements. Le syst\u00e8me est un syst\u00e8me \u00e9conomique libre avec une r\u00e8glementation flexible sur les mouvements de capitaux. Dot\u00e9e d&rsquo;une [&hellip;]\" \/>\n<meta property=\"og:url\" content=\"https:\/\/mattarlaw.com\/fr\/librairie-avocats-beyrouth\/investissements-etrangers-au-liban\/\" \/>\n<meta property=\"og:site_name\" content=\"Mattar Law Firm, Beirut.\" \/>\n<meta property=\"article:publisher\" content=\"https:\/\/www.facebook.com\/mattarlaw\/\" \/>\n<meta property=\"article:modified_time\" content=\"2025-03-07T11:37:04+00:00\" \/>\n<meta property=\"og:image\" content=\"https:\/\/mattarlaw.com\/wp-content\/uploads\/2023\/08\/Untitled-design-96.png\" \/>\n\t<meta property=\"og:image:width\" content=\"512\" \/>\n\t<meta property=\"og:image:height\" content=\"512\" \/>\n\t<meta property=\"og:image:type\" content=\"image\/png\" \/>\n<meta name=\"twitter:card\" content=\"summary_large_image\" \/>\n<meta name=\"twitter:site\" content=\"@MattarLawFirm\" \/>\n<meta name=\"twitter:label1\" content=\"Dur\u00e9e de lecture estim\u00e9e\" \/>\n\t<meta name=\"twitter:data1\" content=\"1 minute\" \/>\n<script type=\"application\/ld+json\" class=\"yoast-schema-graph\">{\"@context\":\"https:\/\/schema.org\",\"@graph\":[{\"@type\":\"WebPage\",\"@id\":\"https:\/\/mattarlaw.com\/ar\/library\/\u0627\u0644\u0627\u0633\u062a\u062b\u0645\u0627\u0631\u0627\u062a-\u0627\u0644\u0623\u062c\u0646\u0628\u064a\u0629-\u0641\u064a-\u0644\u0628\u0646\u0627\u0646\/\",\"url\":\"https:\/\/mattarlaw.com\/ar\/library\/\u0627\u0644\u0627\u0633\u062a\u062b\u0645\u0627\u0631\u0627\u062a-\u0627\u0644\u0623\u062c\u0646\u0628\u064a\u0629-\u0641\u064a-\u0644\u0628\u0646\u0627\u0646\/\",\"name\":\"Investissements \u00e9trangers au Liban\",\"isPartOf\":{\"@id\":\"https:\/\/mattarlaw.com\/#website\"},\"datePublished\":\"2013-08-06T13:03:47+00:00\",\"dateModified\":\"2025-03-07T11:37:04+00:00\",\"breadcrumb\":{\"@id\":\"https:\/\/mattarlaw.com\/ar\/library\/\u0627\u0644\u0627\u0633\u062a\u062b\u0645\u0627\u0631\u0627\u062a-\u0627\u0644\u0623\u062c\u0646\u0628\u064a\u0629-\u0641\u064a-\u0644\u0628\u0646\u0627\u0646\/#breadcrumb\"},\"inLanguage\":\"fr-FR\",\"potentialAction\":[{\"@type\":\"ReadAction\",\"target\":[\"https:\/\/mattarlaw.com\/ar\/library\/\u0627\u0644\u0627\u0633\u062a\u062b\u0645\u0627\u0631\u0627\u062a-\u0627\u0644\u0623\u062c\u0646\u0628\u064a\u0629-\u0641\u064a-\u0644\u0628\u0646\u0627\u0646\/\"]}]},{\"@type\":\"BreadcrumbList\",\"@id\":\"https:\/\/mattarlaw.com\/ar\/library\/\u0627\u0644\u0627\u0633\u062a\u062b\u0645\u0627\u0631\u0627\u062a-\u0627\u0644\u0623\u062c\u0646\u0628\u064a\u0629-\u0641\u064a-\u0644\u0628\u0646\u0627\u0646\/#breadcrumb\",\"itemListElement\":[{\"@type\":\"ListItem\",\"position\":1,\"name\":\"Home\",\"item\":\"https:\/\/mattarlaw.com\/\"},{\"@type\":\"ListItem\",\"position\":2,\"name\":\"\u0627\u0644\u0645\u0643\u062a\u0628\u0629\",\"item\":\"https:\/\/mattarlaw.com\/ar\/library\/\"},{\"@type\":\"ListItem\",\"position\":3,\"name\":\"\u0627\u0644\u0627\u0633\u062a\u062b\u0645\u0627\u0631\u0627\u062a \u0627\u0644\u0623\u062c\u0646\u0628\u064a\u0629 \u0641\u064a \u0644\u0628\u0646\u0627\u0646\"}]},{\"@type\":\"WebSite\",\"@id\":\"https:\/\/mattarlaw.com\/#website\",\"url\":\"https:\/\/mattarlaw.com\/\",\"name\":\"Mattar Law Firm\",\"description\":\"Mattar Law Firm, A Tradition of Legal Excellence Throughout Generations.\",\"publisher\":{\"@id\":\"https:\/\/mattarlaw.com\/#organization\"},\"alternateName\":\"Mattarlaw\",\"potentialAction\":[{\"@type\":\"SearchAction\",\"target\":{\"@type\":\"EntryPoint\",\"urlTemplate\":\"https:\/\/mattarlaw.com\/?s={search_term_string}\"},\"query-input\":{\"@type\":\"PropertyValueSpecification\",\"valueRequired\":true,\"valueName\":\"search_term_string\"}}],\"inLanguage\":\"fr-FR\"},{\"@type\":\"Organization\",\"@id\":\"https:\/\/mattarlaw.com\/fr\/#organization\",\"name\":\"Mattar Law Firm - Cabinet D'avocats Mattar - \u0645\u0643\u062a\u0628 \u0645\u0637\u0631 \u0644\u0644\u0645\u062d\u0627\u0645\u0627\u0629\",\"url\":\"https:\/\/mattarlaw.com\/\",\"logo\":{\"@type\":\"ImageObject\",\"url\":\"https:\/\/mattarlaw.com\/wp-content\/uploads\/2023\/08\/Logo-7.png\"},\"image\":{\"@id\":\"https:\/\/mattarlaw.com\/#\/schema\/logo\/image\/\"},\"sameAs\":[\"https:\/\/www.facebook.com\/mattarlaw\/\",\"https:\/\/x.com\/MattarLawFirm\",\"https:\/\/www.instagram.com\/mattarlawfirm\/\",\"https:\/\/www.linkedin.com\/company\/mattar-law-firm\"],\"alternateName\":[\"Mattar Law Firm\",\"Cabinet D'avocats Mattar\",\"\u0645\u0643\u062a\u0628 \u0645\u0637\u0631 \u0644\u0644\u0645\u062d\u0627\u0645\u0627\u0629\"],\"foundingDate\":\"1963\",\"founder\":{\"@type\":\"Person\",\"name\":\"Salah A. Mattar\"},\"memberOf\":[{\"@type\":\"Organization\",\"name\":\"Beirut Bar Association\"}],\"award\":[\"Golden Medal \u2013 Beirut Bar Association of Lawyers in Beirut (2013)\"],\"address\":{\"@type\":\"PostalAddress\",\"streetAddress\":\"Badaro, Sami El Solh Street, Fakih Bldg, 7th Floor\",\"addressLocality\":\"Beirut\",\"addressCountry\":\"LB\"},\"contactPoint\":[{\"@type\":\"ContactPoint\",\"telephone\":\"+961 3 359 646\",\"contactType\":\"customer service\",\"areaServed\":[\"LB\",\"Worldwide\"],\"availableLanguage\":[\"English\",\"Arabic\",\"French\"]}],\"subOrganization\":[{\"@type\":\"Organization\",\"name\":\"Mattar Law Firm Dubai (Associate Office)\",\"address\":{\"@type\":\"PostalAddress\",\"addressLocality\":\"Dubai\",\"addressCountry\":\"AE\"}},{\"@type\":\"Organization\",\"name\":\"Mattar Law Firm London (Associate Office)\",\"address\":{\"@type\":\"PostalAddress\",\"addressLocality\":\"London\",\"addressCountry\":\"GB\"}},{\"@type\":\"Organization\",\"name\":\"Mattar Law Firm Paris (Associate Office)\",\"address\":{\"@type\":\"PostalAddress\",\"addressLocality\":\"Paris\",\"addressCountry\":\"FR\"}},{\"@type\":\"Organization\",\"name\":\"Mattar Law Firm Rome (Associate Office)\",\"address\":{\"@type\":\"PostalAddress\",\"addressLocality\":\"Rome\",\"addressCountry\":\"IT\"}}]}]}<\/script>\n<!-- \/ Yoast SEO plugin. -->","yoast_head_json":{"title":"Investissements \u00e9trangers au Liban","robots":{"index":"index","follow":"follow","max-snippet":"max-snippet:-1","max-image-preview":"max-image-preview:large","max-video-preview":"max-video-preview:-1"},"canonical":"https:\/\/mattarlaw.com\/fr\/librairie-avocats-beyrouth\/\u0627\u0644\u0627\u0633\u062a\u062b\u0645\u0627\u0631\u0627\u062a-\u0627\u0644\u0623\u062c\u0646\u0628\u064a\u0629-\u0641\u064a-\u0644\u0628\u0646\u0627\u0646","og_locale":"fr_FR","og_type":"article","og_title":"[:en]Foreign Investments in Lebanon[:fr]Investissements \u00e9trangers au Liban[:ar]\u0627\u0644\u0627\u0633\u062a\u062b\u0645\u0627\u0631\u0627\u062a \u0627\u0644\u0623\u062c\u0646\u0628\u064a\u0629 \u0641\u064a \u0644\u0628\u0646\u0627\u0646[:] - Mattar Law Firm, Beirut.","og_description":"Investissements Etrangers au Liban Le Liban est un pays ouvert aux investissements etrangers. Les avantages du Liban sont nombreux ce qui encourage les investissements. Le pays est en premier lieu ouvert au commerce international et aux investissements. Le syst\u00e8me est un syst\u00e8me \u00e9conomique libre avec une r\u00e8glementation flexible sur les mouvements de capitaux. Dot\u00e9e d&rsquo;une [&hellip;]","og_url":"https:\/\/mattarlaw.com\/fr\/librairie-avocats-beyrouth\/investissements-etrangers-au-liban\/","og_site_name":"Mattar Law Firm, Beirut.","article_publisher":"https:\/\/www.facebook.com\/mattarlaw\/","article_modified_time":"2025-03-07T11:37:04+00:00","og_image":[{"width":512,"height":512,"url":"https:\/\/mattarlaw.com\/wp-content\/uploads\/2023\/08\/Untitled-design-96.png","type":"image\/png"}],"twitter_card":"summary_large_image","twitter_site":"@MattarLawFirm","twitter_misc":{"Dur\u00e9e de lecture estim\u00e9e":"1 minute"},"schema":{"@context":"https:\/\/schema.org","@graph":[{"@type":"WebPage","@id":"https:\/\/mattarlaw.com\/ar\/library\/\u0627\u0644\u0627\u0633\u062a\u062b\u0645\u0627\u0631\u0627\u062a-\u0627\u0644\u0623\u062c\u0646\u0628\u064a\u0629-\u0641\u064a-\u0644\u0628\u0646\u0627\u0646\/","url":"https:\/\/mattarlaw.com\/ar\/library\/\u0627\u0644\u0627\u0633\u062a\u062b\u0645\u0627\u0631\u0627\u062a-\u0627\u0644\u0623\u062c\u0646\u0628\u064a\u0629-\u0641\u064a-\u0644\u0628\u0646\u0627\u0646\/","name":"Investissements \u00e9trangers au Liban","isPartOf":{"@id":"https:\/\/mattarlaw.com\/#website"},"datePublished":"2013-08-06T13:03:47+00:00","dateModified":"2025-03-07T11:37:04+00:00","breadcrumb":{"@id":"https:\/\/mattarlaw.com\/ar\/library\/\u0627\u0644\u0627\u0633\u062a\u062b\u0645\u0627\u0631\u0627\u062a-\u0627\u0644\u0623\u062c\u0646\u0628\u064a\u0629-\u0641\u064a-\u0644\u0628\u0646\u0627\u0646\/#breadcrumb"},"inLanguage":"fr-FR","potentialAction":[{"@type":"ReadAction","target":["https:\/\/mattarlaw.com\/ar\/library\/\u0627\u0644\u0627\u0633\u062a\u062b\u0645\u0627\u0631\u0627\u062a-\u0627\u0644\u0623\u062c\u0646\u0628\u064a\u0629-\u0641\u064a-\u0644\u0628\u0646\u0627\u0646\/"]}]},{"@type":"BreadcrumbList","@id":"https:\/\/mattarlaw.com\/ar\/library\/\u0627\u0644\u0627\u0633\u062a\u062b\u0645\u0627\u0631\u0627\u062a-\u0627\u0644\u0623\u062c\u0646\u0628\u064a\u0629-\u0641\u064a-\u0644\u0628\u0646\u0627\u0646\/#breadcrumb","itemListElement":[{"@type":"ListItem","position":1,"name":"Home","item":"https:\/\/mattarlaw.com\/"},{"@type":"ListItem","position":2,"name":"\u0627\u0644\u0645\u0643\u062a\u0628\u0629","item":"https:\/\/mattarlaw.com\/ar\/library\/"},{"@type":"ListItem","position":3,"name":"\u0627\u0644\u0627\u0633\u062a\u062b\u0645\u0627\u0631\u0627\u062a \u0627\u0644\u0623\u062c\u0646\u0628\u064a\u0629 \u0641\u064a \u0644\u0628\u0646\u0627\u0646"}]},{"@type":"WebSite","@id":"https:\/\/mattarlaw.com\/#website","url":"https:\/\/mattarlaw.com\/","name":"Mattar Law Firm","description":"Mattar Law Firm, A Tradition of Legal Excellence Throughout Generations.","publisher":{"@id":"https:\/\/mattarlaw.com\/#organization"},"alternateName":"Mattarlaw","potentialAction":[{"@type":"SearchAction","target":{"@type":"EntryPoint","urlTemplate":"https:\/\/mattarlaw.com\/?s={search_term_string}"},"query-input":{"@type":"PropertyValueSpecification","valueRequired":true,"valueName":"search_term_string"}}],"inLanguage":"fr-FR"},{"@type":"Organization","@id":"https:\/\/mattarlaw.com\/fr\/#organization","name":"Mattar Law Firm - Cabinet D'avocats Mattar - \u0645\u0643\u062a\u0628 \u0645\u0637\u0631 \u0644\u0644\u0645\u062d\u0627\u0645\u0627\u0629","url":"https:\/\/mattarlaw.com\/","logo":{"@type":"ImageObject","url":"https:\/\/mattarlaw.com\/wp-content\/uploads\/2023\/08\/Logo-7.png"},"image":{"@id":"https:\/\/mattarlaw.com\/#\/schema\/logo\/image\/"},"sameAs":["https:\/\/www.facebook.com\/mattarlaw\/","https:\/\/x.com\/MattarLawFirm","https:\/\/www.instagram.com\/mattarlawfirm\/","https:\/\/www.linkedin.com\/company\/mattar-law-firm"],"alternateName":["Mattar Law Firm","Cabinet D'avocats Mattar","\u0645\u0643\u062a\u0628 \u0645\u0637\u0631 \u0644\u0644\u0645\u062d\u0627\u0645\u0627\u0629"],"foundingDate":"1963","founder":{"@type":"Person","name":"Salah A. Mattar"},"memberOf":[{"@type":"Organization","name":"Beirut Bar Association"}],"award":["Golden Medal \u2013 Beirut Bar Association of Lawyers in Beirut (2013)"],"address":{"@type":"PostalAddress","streetAddress":"Badaro, Sami El Solh Street, Fakih Bldg, 7th Floor","addressLocality":"Beirut","addressCountry":"LB"},"contactPoint":[{"@type":"ContactPoint","telephone":"+961 3 359 646","contactType":"customer service","areaServed":["LB","Worldwide"],"availableLanguage":["English","Arabic","French"]}],"subOrganization":[{"@type":"Organization","name":"Mattar Law Firm Dubai (Associate Office)","address":{"@type":"PostalAddress","addressLocality":"Dubai","addressCountry":"AE"}},{"@type":"Organization","name":"Mattar Law Firm London (Associate Office)","address":{"@type":"PostalAddress","addressLocality":"London","addressCountry":"GB"}},{"@type":"Organization","name":"Mattar Law Firm Paris (Associate Office)","address":{"@type":"PostalAddress","addressLocality":"Paris","addressCountry":"FR"}},{"@type":"Organization","name":"Mattar Law Firm Rome (Associate Office)","address":{"@type":"PostalAddress","addressLocality":"Rome","addressCountry":"IT"}}]}]}},"_links":{"self":[{"href":"https:\/\/mattarlaw.com\/fr\/wp-json\/wp\/v2\/pages\/174","targetHints":{"allow":["GET"]}}],"collection":[{"href":"https:\/\/mattarlaw.com\/fr\/wp-json\/wp\/v2\/pages"}],"about":[{"href":"https:\/\/mattarlaw.com\/fr\/wp-json\/wp\/v2\/types\/page"}],"author":[{"embeddable":true,"href":"https:\/\/mattarlaw.com\/fr\/wp-json\/wp\/v2\/users\/2"}],"replies":[{"embeddable":true,"href":"https:\/\/mattarlaw.com\/fr\/wp-json\/wp\/v2\/comments?post=174"}],"version-history":[{"count":2,"href":"https:\/\/mattarlaw.com\/fr\/wp-json\/wp\/v2\/pages\/174\/revisions"}],"predecessor-version":[{"id":7192,"href":"https:\/\/mattarlaw.com\/fr\/wp-json\/wp\/v2\/pages\/174\/revisions\/7192"}],"up":[{"embeddable":true,"href":"https:\/\/mattarlaw.com\/fr\/wp-json\/wp\/v2\/pages\/798"}],"wp:attachment":[{"href":"https:\/\/mattarlaw.com\/fr\/wp-json\/wp\/v2\/media?parent=174"}],"curies":[{"name":"wp","href":"https:\/\/api.w.org\/{rel}","templated":true}]}}