{"id":5407,"date":"2024-12-11T12:00:25","date_gmt":"2024-12-11T12:00:25","guid":{"rendered":"https:\/\/mattarlaw.com\/?page_id=5407"},"modified":"2025-01-29T12:14:32","modified_gmt":"2025-01-29T12:14:32","slug":"salah-mattar","status":"publish","type":"page","link":"https:\/\/mattarlaw.com\/fr\/salah-mattar\/","title":{"rendered":"Salah A. Mattar"},"content":{"rendered":"\t\t<div data-elementor-type=\"wp-page\" data-elementor-id=\"5407\" class=\"elementor elementor-5407\">\n\t\t\t\t\t\t<section class=\"elementor-section elementor-top-section elementor-element elementor-element-be5afcd elementor-section-boxed elementor-section-height-default elementor-section-height-default\" data-id=\"be5afcd\" data-element_type=\"section\" data-settings=\"{&quot;wdt_bg_image&quot;:{&quot;url&quot;:&quot;&quot;,&quot;id&quot;:&quot;&quot;,&quot;size&quot;:&quot;&quot;},&quot;wdt_bg_image_laptop&quot;:{&quot;url&quot;:&quot;&quot;,&quot;id&quot;:&quot;&quot;,&quot;size&quot;:&quot;&quot;},&quot;wdt_bg_image_tablet_extra&quot;:{&quot;url&quot;:&quot;&quot;,&quot;id&quot;:&quot;&quot;,&quot;size&quot;:&quot;&quot;},&quot;wdt_bg_image_tablet&quot;:{&quot;url&quot;:&quot;&quot;,&quot;id&quot;:&quot;&quot;,&quot;size&quot;:&quot;&quot;},&quot;wdt_bg_image_mobile_extra&quot;:{&quot;url&quot;:&quot;&quot;,&quot;id&quot;:&quot;&quot;,&quot;size&quot;:&quot;&quot;},&quot;wdt_bg_image_mobile&quot;:{&quot;url&quot;:&quot;&quot;,&quot;id&quot;:&quot;&quot;,&quot;size&quot;:&quot;&quot;},&quot;wdt_bg_position&quot;:&quot;center center&quot;,&quot;wdt_animation_effect&quot;:&quot;none&quot;}\">\n\t\t\t\t\t\t<div class=\"elementor-container elementor-column-gap-default\">\n\t\t\t\t\t<div class=\"elementor-column elementor-col-100 elementor-top-column elementor-element elementor-element-f587bf3\" data-id=\"f587bf3\" data-element_type=\"column\">\n\t\t\t<div class=\"elementor-widget-wrap elementor-element-populated\">\n\t\t\t\t\t\t<div class=\"elementor-element elementor-element-8eddfea elementor-widget elementor-widget-text-editor\" data-id=\"8eddfea\" data-element_type=\"widget\" data-settings=\"{&quot;wdt_animation_effect&quot;:&quot;none&quot;}\" data-widget_type=\"text-editor.default\">\n\t\t\t\t<div class=\"elementor-widget-container\">\n\t\t\t\t\t\t\t\t\t<h5><img decoding=\"async\" src=\"https:\/\/mattarlaw.com\/wp-content\/uploads\/2013\/08\/salah.jpg\" alt=\"\" \/><\/h5><h5><strong>Salah A. Mattar<\/strong><\/h5><p>Partenaire Fondateur du Cabinet D\u2019avocats Mattar.<br \/>Avocat \u00e0 la cour depuis 1966.<br \/>Experience dans nombreux domaines juridiques notamment:\u00a0Droit Civil et Affaires et Droit Criminel.<\/p><div class=\"su-accordion\"><div class=\"su-spoiler su-spoiler-style-default\"><div class=\"su-spoiler-title\"><span class=\"Apple-style-span\">Avocat \u00e0 la cour<\/span><span class=\"Apple-style-span\">\u00a0depuis 1966.<\/span><\/div><div class=\"su-spoiler-content\"><p dir=\"LTR\"><strong>Naissance<\/strong><br \/>11\/04\/1940 \u2013 Tannourine, Liban.<\/p><p dir=\"LTR\"><strong>Education<\/strong><br \/>Fr\u00e8res Maristes, Antoura, Coll\u00e8ge des Ap\u00f4tres.<br \/>Courant en Arabe, Fran\u00e7ais et Anglais.<\/p><p dir=\"LTR\"><span class=\"Apple-style-span\"><strong>Dipl\u00f4me<\/strong><br \/><\/span>License en droit de L\u2019universit\u00e9 Saint Joseph. (Beyrouth)<\/p><p dir=\"LTR\"><span class=\"Apple-style-span\"><strong>Carri\u00e8re<\/strong><br \/><\/span>Avocat \u00e0 la cour de 1966, sp\u00e9cialis\u00e9 surtout en droit des affaires et droit criminel.<br \/>Secr\u00e9taire d\u2019\u00e9dition de \u00ab\u00a0Al-Adl\u00a0\u00bb (La justice ) magazine publi\u00e9 par le barreau des avocats de Beyrouth (1969-77)<br \/>Professeur de litt\u00e9rature Arabe(1959-63)<br \/>Affaire juridiques a l\u2019\u00e9tranger ( Paris, Londres, Le Caire, Caracas, Amman etc\u2026)<br \/>Visites politiques a plusieurs \u00e9tats: Etats-Unis, France, Argentine, Br\u00e9sil, Venezuela, Columbia, Egypte, Syrie, Jordanie\u2026<br \/>Co-Fondeur du conseil international pour la coop\u00e9ration islamo-chr\u00e9tienne.<\/p><p><strong><span class=\"Apple-style-span\">Publications (En Arabe)<\/span><\/strong><\/p><p><span class=\"Apple-style-span\"><strong>L\u00e9gales<\/strong><br \/><\/span>Loi civile optionnelle pour les statuts personnels (1970)<br \/>Loi des \u00e9lections et l\u2019\u00e9volution de la d\u00e9mocratie(1971)<br \/>Etudes dans la constitution el les Droits de l\u2019homme (1989)<br \/>Dictionnaire trilingue 1770 pages: Arabe, Fran\u00e7ais, Anglais (2001) en collaboration avec Dr. Rouhy Baalbaki et Feu avocat Maurice Nakhl\u00e9.<\/p><p><span class=\"Apple-style-span\">Litt\u00e9rature politique et Po\u00e8mes<br \/><\/span>Fakhreddine (Th\u00e9\u00e2tre politique \u2013 1969)<br \/>Liban: un message pour le future (1978)<br \/>Pour la libert\u00e9 et l\u2019amour (Po\u00e8mes: 1981)<br \/>Dimensions (1991)<br \/>La nouvelle Eve(1991)<\/p><p><strong><span class=\"Apple-style-span\">En Cours<br \/><\/span><\/strong>Comme un aigle se relevant de cendre (Po\u00e8mes)<br \/>Le Proc\u00e8s de J\u00e9sus (Po\u00e8mes)<br \/>La L\u00e9gende des pierres (Po\u00e8mes)<br \/>Les chansons de l\u2019amour (Po\u00e8mes)<br \/>Fameux Proc\u00e8s et Plaidoiries.<br \/>Avant l\u2019avocature et dans ses champs.<\/p><p dir=\"LTR\"><span class=\"Apple-style-span\"><strong>R\u00e9alisations<\/strong><br \/><\/span>Une nation ne peut \u00eatre b\u00e2tie sur distinction\u00a0\u00bb<br \/>Sur le plan National, il est s\u00e9culariste(Libert\u00e9 de pens\u00e9e, s\u00e9paration de la religion de l\u2019Etat) et il est un des premiers a mettre des projets de loi pour achever ce principe.<br \/>Sur le plan Libanais, Salah Mattar a recherche de 1970 \u00e0 moderniser l\u2019\u00e9tat reforme totale et son changement d\u00e9mocratique ainsi que la supr\u00e9matie de la loi.<br \/>Il est un courageux d\u00e9fendant du d\u00e9veloppement du peuple Libanais, et en general, des droits de l\u2019homme et des libert\u00e9s.<br \/>Il insiste qu\u2019il ne devrait y avoir aucune contradiction entre arabisme et Libaneisme, la seconde inclue les caract\u00e9ristiques du Linam et ses missions humanitaires, la premi\u00e8re \u00e9tant la plus grande coop\u00e9ration entre le Liban et les Etats Arabes.<\/p><p dir=\"LTR\"><strong><span class=\"Apple-style-span\">Prix et Nominations<br \/><\/span><\/strong>2003 Prix de l\u2019accomplissement Universel<br \/>2003 Prix de l\u2019accomplissement de vie<br \/>Prix international de paix<br \/>Prix de l\u2019accomplissement de vie universel<br \/>2014 M\u00e9daille de l\u2019excellence pour la longue pratique de l\u2019avocature (50 ann\u00e9es) delivr\u00e9e par le barreau des avocats de Beyrouth.<\/p><\/div><\/div><\/div>\t\t\t\t\t\t\t\t<\/div>\n\t\t\t\t<\/div>\n\t\t\t\t\t<\/div>\n\t\t<\/div>\n\t\t\t\t\t<\/div>\n\t\t<\/section>\n\t\t\t\t<\/div>\n\t\t","protected":false},"excerpt":{"rendered":"<p>Salah A. Mattar Partenaire Fondateur du Cabinet D\u2019avocats Mattar.Avocat \u00e0 la cour depuis 1966.Experience dans nombreux domaines juridiques notamment:\u00a0Droit Civil et Affaires et Droit Criminel. Avocat \u00e0 la cour\u00a0depuis 1966. Naissance11\/04\/1940 \u2013 Tannourine, Liban. EducationFr\u00e8res Maristes, Antoura, Coll\u00e8ge des Ap\u00f4tres.Courant en Arabe, Fran\u00e7ais et Anglais. Dipl\u00f4meLicense en droit de L\u2019universit\u00e9 Saint Joseph. (Beyrouth) Carri\u00e8reAvocat \u00e0 [&hellip;]<\/p>\n","protected":false},"author":1,"featured_media":0,"parent":0,"menu_order":0,"comment_status":"closed","ping_status":"closed","template":"","meta":{"_joinchat":[],"footnotes":""},"class_list":["post-5407","page","type-page","status-publish","hentry"],"yoast_head":"<!-- This site is optimized with the Yoast SEO plugin v24.4 - https:\/\/yoast.com\/wordpress\/plugins\/seo\/ -->\n<title>Salah A. Mattar<\/title>\n<meta name=\"robots\" content=\"index, follow, max-snippet:-1, max-image-preview:large, max-video-preview:-1\" \/>\n<link rel=\"canonical\" href=\"https:\/\/mattarlaw.com\/fr\/salah-mattar\/\" \/>\n<meta property=\"og:locale\" content=\"fr_FR\" \/>\n<meta property=\"og:locale:alternate\" content=\"en_US\" \/>\n<meta property=\"og:locale:alternate\" content=\"ar\" \/>\n<meta property=\"og:type\" content=\"article\" \/>\n<meta property=\"og:title\" content=\"Salah A. Mattar\" \/>\n<meta property=\"og:description\" content=\"Salah A. Mattar Partenaire Fondateur du Cabinet D\u2019avocats Mattar.Avocat \u00e0 la cour depuis 1966.Experience dans nombreux domaines juridiques notamment:\u00a0Droit Civil et Affaires et Droit Criminel. Avocat \u00e0 la cour\u00a0depuis 1966. Naissance11\/04\/1940 \u2013 Tannourine, Liban. EducationFr\u00e8res Maristes, Antoura, Coll\u00e8ge des Ap\u00f4tres.Courant en Arabe, Fran\u00e7ais et Anglais. Dipl\u00f4meLicense en droit de L\u2019universit\u00e9 Saint Joseph. (Beyrouth) Carri\u00e8reAvocat \u00e0 [&hellip;]\" \/>\n<meta property=\"og:url\" content=\"https:\/\/mattarlaw.com\/fr\/salah-mattar\/\" \/>\n<meta property=\"og:site_name\" content=\"Mattar Law Firm, Beirut.\" \/>\n<meta property=\"article:publisher\" content=\"https:\/\/www.facebook.com\/mattarlaw\/\" \/>\n<meta property=\"article:modified_time\" content=\"2025-01-29T12:14:32+00:00\" \/>\n<meta property=\"og:image\" content=\"https:\/\/mattarlaw.com\/wp-content\/uploads\/2013\/08\/salah.jpg\" \/>\n<meta name=\"twitter:card\" content=\"summary_large_image\" \/>\n<meta name=\"twitter:site\" content=\"@MattarLawFirm\" \/>\n<meta name=\"twitter:label1\" content=\"Dur\u00e9e de lecture estim\u00e9e\" \/>\n\t<meta name=\"twitter:data1\" content=\"2 minutes\" \/>\n<script type=\"application\/ld+json\" class=\"yoast-schema-graph\">{\"@context\":\"https:\/\/schema.org\",\"@graph\":[{\"@type\":\"WebPage\",\"@id\":\"https:\/\/mattarlaw.com\/salah-a-mattar\/\",\"url\":\"https:\/\/mattarlaw.com\/salah-a-mattar\/\",\"name\":\"Salah A. Mattar\",\"isPartOf\":{\"@id\":\"https:\/\/mattarlaw.com\/#website\"},\"primaryImageOfPage\":{\"@id\":\"https:\/\/mattarlaw.com\/salah-a-mattar\/#primaryimage\"},\"image\":{\"@id\":\"https:\/\/mattarlaw.com\/salah-a-mattar\/#primaryimage\"},\"thumbnailUrl\":\"https:\/\/mattarlaw.com\/wp-content\/uploads\/2013\/08\/salah.jpg\",\"datePublished\":\"2024-12-11T12:00:25+00:00\",\"dateModified\":\"2025-01-29T12:14:32+00:00\",\"breadcrumb\":{\"@id\":\"https:\/\/mattarlaw.com\/salah-a-mattar\/#breadcrumb\"},\"inLanguage\":\"fr-FR\",\"potentialAction\":[{\"@type\":\"ReadAction\",\"target\":[\"https:\/\/mattarlaw.com\/salah-a-mattar\/\"]}]},{\"@type\":\"ImageObject\",\"inLanguage\":\"fr-FR\",\"@id\":\"https:\/\/mattarlaw.com\/salah-a-mattar\/#primaryimage\",\"url\":\"https:\/\/mattarlaw.com\/wp-content\/uploads\/2013\/08\/salah.jpg\",\"contentUrl\":\"https:\/\/mattarlaw.com\/wp-content\/uploads\/2013\/08\/salah.jpg\"},{\"@type\":\"BreadcrumbList\",\"@id\":\"https:\/\/mattarlaw.com\/salah-a-mattar\/#breadcrumb\",\"itemListElement\":[{\"@type\":\"ListItem\",\"position\":1,\"name\":\"Home\",\"item\":\"https:\/\/mattarlaw.com\/\"},{\"@type\":\"ListItem\",\"position\":2,\"name\":\"Salah A. Mattar\"}]},{\"@type\":\"WebSite\",\"@id\":\"https:\/\/mattarlaw.com\/#website\",\"url\":\"https:\/\/mattarlaw.com\/\",\"name\":\"Mattar Law Firm\",\"description\":\"Mattar Law Firm, A Tradition of Legal Excellence Throughout Generations.\",\"publisher\":{\"@id\":\"https:\/\/mattarlaw.com\/#organization\"},\"alternateName\":\"Mattarlaw\",\"potentialAction\":[{\"@type\":\"SearchAction\",\"target\":{\"@type\":\"EntryPoint\",\"urlTemplate\":\"https:\/\/mattarlaw.com\/?s={search_term_string}\"},\"query-input\":{\"@type\":\"PropertyValueSpecification\",\"valueRequired\":true,\"valueName\":\"search_term_string\"}}],\"inLanguage\":\"fr-FR\"},{\"@type\":\"Organization\",\"@id\":\"https:\/\/mattarlaw.com\/fr\/#organization\",\"name\":\"Mattar Law Firm - Cabinet D'avocats Mattar - \u0645\u0643\u062a\u0628 \u0645\u0637\u0631 \u0644\u0644\u0645\u062d\u0627\u0645\u0627\u0629\",\"url\":\"https:\/\/mattarlaw.com\/\",\"logo\":{\"@type\":\"ImageObject\",\"url\":\"https:\/\/mattarlaw.com\/wp-content\/uploads\/2023\/08\/Logo-7.png\"},\"image\":{\"@id\":\"https:\/\/mattarlaw.com\/#\/schema\/logo\/image\/\"},\"sameAs\":[\"https:\/\/www.facebook.com\/mattarlaw\/\",\"https:\/\/x.com\/MattarLawFirm\",\"https:\/\/www.instagram.com\/mattarlawfirm\/\",\"https:\/\/www.linkedin.com\/company\/mattar-law-firm\"],\"alternateName\":[\"Mattar Law Firm\",\"Cabinet D'avocats Mattar\",\"\u0645\u0643\u062a\u0628 \u0645\u0637\u0631 \u0644\u0644\u0645\u062d\u0627\u0645\u0627\u0629\"],\"foundingDate\":\"1963\",\"founder\":{\"@type\":\"Person\",\"name\":\"Salah A. Mattar\"},\"memberOf\":[{\"@type\":\"Organization\",\"name\":\"Beirut Bar Association\"}],\"award\":[\"Golden Medal \u2013 Beirut Bar Association of Lawyers in Beirut (2013)\"],\"address\":{\"@type\":\"PostalAddress\",\"streetAddress\":\"Badaro, Sami El Solh Street, Fakih Bldg, 7th Floor\",\"addressLocality\":\"Beirut\",\"addressCountry\":\"LB\"},\"contactPoint\":[{\"@type\":\"ContactPoint\",\"telephone\":\"+961 3 359 646\",\"contactType\":\"customer service\",\"areaServed\":[\"LB\",\"Worldwide\"],\"availableLanguage\":[\"English\",\"Arabic\",\"French\"]}],\"subOrganization\":[{\"@type\":\"Organization\",\"name\":\"Mattar Law Firm Dubai (Associate Office)\",\"address\":{\"@type\":\"PostalAddress\",\"addressLocality\":\"Dubai\",\"addressCountry\":\"AE\"}},{\"@type\":\"Organization\",\"name\":\"Mattar Law Firm London (Associate Office)\",\"address\":{\"@type\":\"PostalAddress\",\"addressLocality\":\"London\",\"addressCountry\":\"GB\"}},{\"@type\":\"Organization\",\"name\":\"Mattar Law Firm Paris (Associate Office)\",\"address\":{\"@type\":\"PostalAddress\",\"addressLocality\":\"Paris\",\"addressCountry\":\"FR\"}},{\"@type\":\"Organization\",\"name\":\"Mattar Law Firm Rome (Associate Office)\",\"address\":{\"@type\":\"PostalAddress\",\"addressLocality\":\"Rome\",\"addressCountry\":\"IT\"}}]}]}<\/script>\n<!-- \/ Yoast SEO plugin. -->","yoast_head_json":{"title":"Salah A. Mattar","robots":{"index":"index","follow":"follow","max-snippet":"max-snippet:-1","max-image-preview":"max-image-preview:large","max-video-preview":"max-video-preview:-1"},"canonical":"https:\/\/mattarlaw.com\/fr\/salah-mattar\/","og_locale":"fr_FR","og_type":"article","og_title":"[:en]Salah A. Mattar[:ar]Salah A. Mattar[:] - Mattar Law Firm, Beirut.","og_description":"Salah A. Mattar Partenaire Fondateur du Cabinet D\u2019avocats Mattar.Avocat \u00e0 la cour depuis 1966.Experience dans nombreux domaines juridiques notamment:\u00a0Droit Civil et Affaires et Droit Criminel. Avocat \u00e0 la cour\u00a0depuis 1966. Naissance11\/04\/1940 \u2013 Tannourine, Liban. EducationFr\u00e8res Maristes, Antoura, Coll\u00e8ge des Ap\u00f4tres.Courant en Arabe, Fran\u00e7ais et Anglais. Dipl\u00f4meLicense en droit de L\u2019universit\u00e9 Saint Joseph. (Beyrouth) Carri\u00e8reAvocat \u00e0 [&hellip;]","og_url":"https:\/\/mattarlaw.com\/fr\/salah-mattar\/","og_site_name":"Mattar Law Firm, Beirut.","article_publisher":"https:\/\/www.facebook.com\/mattarlaw\/","article_modified_time":"2025-01-29T12:14:32+00:00","og_image":[{"url":"https:\/\/mattarlaw.com\/wp-content\/uploads\/2013\/08\/salah.jpg","type":"","width":"","height":""}],"twitter_card":"summary_large_image","twitter_site":"@MattarLawFirm","twitter_misc":{"Dur\u00e9e de lecture estim\u00e9e":"2 minutes"},"schema":{"@context":"https:\/\/schema.org","@graph":[{"@type":"WebPage","@id":"https:\/\/mattarlaw.com\/salah-a-mattar\/","url":"https:\/\/mattarlaw.com\/salah-a-mattar\/","name":"Salah A. Mattar","isPartOf":{"@id":"https:\/\/mattarlaw.com\/#website"},"primaryImageOfPage":{"@id":"https:\/\/mattarlaw.com\/salah-a-mattar\/#primaryimage"},"image":{"@id":"https:\/\/mattarlaw.com\/salah-a-mattar\/#primaryimage"},"thumbnailUrl":"https:\/\/mattarlaw.com\/wp-content\/uploads\/2013\/08\/salah.jpg","datePublished":"2024-12-11T12:00:25+00:00","dateModified":"2025-01-29T12:14:32+00:00","breadcrumb":{"@id":"https:\/\/mattarlaw.com\/salah-a-mattar\/#breadcrumb"},"inLanguage":"fr-FR","potentialAction":[{"@type":"ReadAction","target":["https:\/\/mattarlaw.com\/salah-a-mattar\/"]}]},{"@type":"ImageObject","inLanguage":"fr-FR","@id":"https:\/\/mattarlaw.com\/salah-a-mattar\/#primaryimage","url":"https:\/\/mattarlaw.com\/wp-content\/uploads\/2013\/08\/salah.jpg","contentUrl":"https:\/\/mattarlaw.com\/wp-content\/uploads\/2013\/08\/salah.jpg"},{"@type":"BreadcrumbList","@id":"https:\/\/mattarlaw.com\/salah-a-mattar\/#breadcrumb","itemListElement":[{"@type":"ListItem","position":1,"name":"Home","item":"https:\/\/mattarlaw.com\/"},{"@type":"ListItem","position":2,"name":"Salah A. Mattar"}]},{"@type":"WebSite","@id":"https:\/\/mattarlaw.com\/#website","url":"https:\/\/mattarlaw.com\/","name":"Mattar Law Firm","description":"Mattar Law Firm, A Tradition of Legal Excellence Throughout Generations.","publisher":{"@id":"https:\/\/mattarlaw.com\/#organization"},"alternateName":"Mattarlaw","potentialAction":[{"@type":"SearchAction","target":{"@type":"EntryPoint","urlTemplate":"https:\/\/mattarlaw.com\/?s={search_term_string}"},"query-input":{"@type":"PropertyValueSpecification","valueRequired":true,"valueName":"search_term_string"}}],"inLanguage":"fr-FR"},{"@type":"Organization","@id":"https:\/\/mattarlaw.com\/fr\/#organization","name":"Mattar Law Firm - Cabinet D'avocats Mattar - \u0645\u0643\u062a\u0628 \u0645\u0637\u0631 \u0644\u0644\u0645\u062d\u0627\u0645\u0627\u0629","url":"https:\/\/mattarlaw.com\/","logo":{"@type":"ImageObject","url":"https:\/\/mattarlaw.com\/wp-content\/uploads\/2023\/08\/Logo-7.png"},"image":{"@id":"https:\/\/mattarlaw.com\/#\/schema\/logo\/image\/"},"sameAs":["https:\/\/www.facebook.com\/mattarlaw\/","https:\/\/x.com\/MattarLawFirm","https:\/\/www.instagram.com\/mattarlawfirm\/","https:\/\/www.linkedin.com\/company\/mattar-law-firm"],"alternateName":["Mattar Law Firm","Cabinet D'avocats Mattar","\u0645\u0643\u062a\u0628 \u0645\u0637\u0631 \u0644\u0644\u0645\u062d\u0627\u0645\u0627\u0629"],"foundingDate":"1963","founder":{"@type":"Person","name":"Salah A. Mattar"},"memberOf":[{"@type":"Organization","name":"Beirut Bar Association"}],"award":["Golden Medal \u2013 Beirut Bar Association of Lawyers in Beirut (2013)"],"address":{"@type":"PostalAddress","streetAddress":"Badaro, Sami El Solh Street, Fakih Bldg, 7th Floor","addressLocality":"Beirut","addressCountry":"LB"},"contactPoint":[{"@type":"ContactPoint","telephone":"+961 3 359 646","contactType":"customer service","areaServed":["LB","Worldwide"],"availableLanguage":["English","Arabic","French"]}],"subOrganization":[{"@type":"Organization","name":"Mattar Law Firm Dubai (Associate Office)","address":{"@type":"PostalAddress","addressLocality":"Dubai","addressCountry":"AE"}},{"@type":"Organization","name":"Mattar Law Firm London (Associate Office)","address":{"@type":"PostalAddress","addressLocality":"London","addressCountry":"GB"}},{"@type":"Organization","name":"Mattar Law Firm Paris (Associate Office)","address":{"@type":"PostalAddress","addressLocality":"Paris","addressCountry":"FR"}},{"@type":"Organization","name":"Mattar Law Firm Rome (Associate Office)","address":{"@type":"PostalAddress","addressLocality":"Rome","addressCountry":"IT"}}]}]}},"_links":{"self":[{"href":"https:\/\/mattarlaw.com\/fr\/wp-json\/wp\/v2\/pages\/5407","targetHints":{"allow":["GET"]}}],"collection":[{"href":"https:\/\/mattarlaw.com\/fr\/wp-json\/wp\/v2\/pages"}],"about":[{"href":"https:\/\/mattarlaw.com\/fr\/wp-json\/wp\/v2\/types\/page"}],"author":[{"embeddable":true,"href":"https:\/\/mattarlaw.com\/fr\/wp-json\/wp\/v2\/users\/1"}],"replies":[{"embeddable":true,"href":"https:\/\/mattarlaw.com\/fr\/wp-json\/wp\/v2\/comments?post=5407"}],"version-history":[{"count":0,"href":"https:\/\/mattarlaw.com\/fr\/wp-json\/wp\/v2\/pages\/5407\/revisions"}],"wp:attachment":[{"href":"https:\/\/mattarlaw.com\/fr\/wp-json\/wp\/v2\/media?parent=5407"}],"curies":[{"name":"wp","href":"https:\/\/api.w.org\/{rel}","templated":true}]}}