{"id":5492,"date":"2024-12-17T14:08:44","date_gmt":"2024-12-17T14:08:44","guid":{"rendered":"https:\/\/mattarlaw.com\/?page_id=5492"},"modified":"2025-01-10T14:28:25","modified_gmt":"2025-01-10T14:28:25","slug":"avocats-libanais-droit-commercial-affaires","status":"publish","type":"page","link":"https:\/\/mattarlaw.com\/fr\/avocats-libanais-droit-commercial-affaires\/","title":{"rendered":"Droit Commercial, Soci\u00e9t\u00e9s &#038; Affaires"},"content":{"rendered":"\n<p><\/p>\n\n\n\n<h1 class=\"wp-block-heading\">Droit Commercial, Soci\u00e9t\u00e9s &#038; Affaires<br><\/h1>\n\n\n\n<p>Le Cabinet D\u2019avocats Mattar a une vaste exp\u00e9rience en mati\u00e8re de droit des soci\u00e9t\u00e9s telles que la structuration et la restructuration, insolvabilit\u00e9 et redressement, ainsi que tous les aspects li\u00e9s aux affaires, le droit commercial et celui des soci\u00e9t\u00e9s.<br>Nos avocats peuvent g\u00e9rer diverses op\u00e9rations telles que les fusions et acquisitions, les titres et fonds propres, les coentreprises, les offres publiques d\u2019acquisition, &nbsp;bourses, les partenariats public-priv\u00e9 (PPP), etc \u2026<\/p>\n\n\n\n<p>Le Cabinet &nbsp;est \u00e9galement connu pour g\u00e9rer les fortunes de famille et les biens d\u2019entreprise ainsi que la structuration du patrimoine et des biens.<\/p>\n\n\n\n<p>Avec des bureaux et des partenaires dans la r\u00e9gion MENA et de par le monde entier, Le Cabinet fournit des solutions et des conseils adapt\u00e9s \u00e0 nos clients, o\u00f9 qu\u2019ils soient.<\/p>\n\n\n\n<p>Ces solutions peuvent \u00eatre locales ou sous la forme d\u2019entit\u00e9s offshore dans plusieurs juridictions.<\/p>\n\n\n\n<p>Le Cabinet &nbsp;fournit des solutions d\u2019affaires compl\u00e8tes avec des experts dans nombreux domaines &nbsp;du droit, de la fiscalit\u00e9 et de la comptabilit\u00e9 et dans de nombreuses juridictions afin de r\u00e9pondre \u00e0 la demande et pour obtenir la satisfaction de nos clients.<\/p>\n\n\n\n<p><\/p>\n\n\n\n<p><\/p>\n","protected":false},"excerpt":{"rendered":"<p>Droit Commercial, Soci\u00e9t\u00e9s &#038; Affaires Le Cabinet D\u2019avocats Mattar a une vaste exp\u00e9rience en mati\u00e8re de droit des soci\u00e9t\u00e9s telles que la structuration et la restructuration, insolvabilit\u00e9 et redressement, ainsi que tous les aspects li\u00e9s aux affaires, le droit commercial et celui des soci\u00e9t\u00e9s.Nos avocats peuvent g\u00e9rer diverses op\u00e9rations telles que les fusions et acquisitions, [&hellip;]<\/p>\n","protected":false},"author":1,"featured_media":0,"parent":0,"menu_order":0,"comment_status":"closed","ping_status":"closed","template":"","meta":{"_joinchat":[],"footnotes":""},"class_list":["post-5492","page","type-page","status-publish","hentry"],"yoast_head":"<!-- This site is optimized with the Yoast SEO plugin v24.4 - https:\/\/yoast.com\/wordpress\/plugins\/seo\/ -->\n<title>Droit Commercial, Soci\u00e9t\u00e9s &amp; Affaires<\/title>\n<meta name=\"robots\" content=\"index, follow, max-snippet:-1, max-image-preview:large, max-video-preview:-1\" \/>\n<link rel=\"canonical\" href=\"https:\/\/mattarlaw.com\/fr\/avocats-libanais-droit-commercial-affaires\/\" \/>\n<meta property=\"og:locale\" content=\"fr_FR\" \/>\n<meta property=\"og:locale:alternate\" content=\"en_US\" \/>\n<meta property=\"og:locale:alternate\" content=\"ar\" \/>\n<meta property=\"og:type\" content=\"article\" \/>\n<meta property=\"og:title\" content=\"Droit Commercial, Soci\u00e9t\u00e9s &amp; Affaires\" \/>\n<meta property=\"og:description\" content=\"Droit Commercial, Soci\u00e9t\u00e9s &amp; Affaires Le Cabinet D\u2019avocats Mattar a une vaste exp\u00e9rience en mati\u00e8re de droit des soci\u00e9t\u00e9s telles que la structuration et la restructuration, insolvabilit\u00e9 et redressement, ainsi que tous les aspects li\u00e9s aux affaires, le droit commercial et celui des soci\u00e9t\u00e9s.Nos avocats peuvent g\u00e9rer diverses op\u00e9rations telles que les fusions et acquisitions, [&hellip;]\" \/>\n<meta property=\"og:url\" content=\"https:\/\/mattarlaw.com\/fr\/avocats-libanais-droit-commercial-affaires\/\" \/>\n<meta property=\"og:site_name\" content=\"Mattar Law Firm, Beirut.\" \/>\n<meta property=\"article:publisher\" content=\"https:\/\/www.facebook.com\/mattarlaw\/\" \/>\n<meta property=\"article:modified_time\" content=\"2025-01-10T14:28:25+00:00\" \/>\n<meta property=\"og:image\" content=\"https:\/\/mattarlaw.com\/wp-content\/uploads\/2023\/08\/Untitled-design-96.png\" \/>\n\t<meta property=\"og:image:width\" content=\"512\" \/>\n\t<meta property=\"og:image:height\" content=\"512\" \/>\n\t<meta property=\"og:image:type\" content=\"image\/png\" \/>\n<meta name=\"twitter:card\" content=\"summary_large_image\" \/>\n<meta name=\"twitter:site\" content=\"@MattarLawFirm\" \/>\n<meta name=\"twitter:label1\" content=\"Dur\u00e9e de lecture estim\u00e9e\" \/>\n\t<meta name=\"twitter:data1\" content=\"1 minute\" \/>\n<script type=\"application\/ld+json\" class=\"yoast-schema-graph\">{\"@context\":\"https:\/\/schema.org\",\"@graph\":[{\"@type\":\"WebPage\",\"@id\":\"https:\/\/mattarlaw.com\/business-commercial-lawyers-lebanon\/\",\"url\":\"https:\/\/mattarlaw.com\/business-commercial-lawyers-lebanon\/\",\"name\":\"Droit Commercial, Soci\u00e9t\u00e9s & Affaires\",\"isPartOf\":{\"@id\":\"https:\/\/mattarlaw.com\/#website\"},\"datePublished\":\"2024-12-17T14:08:44+00:00\",\"dateModified\":\"2025-01-10T14:28:25+00:00\",\"breadcrumb\":{\"@id\":\"https:\/\/mattarlaw.com\/business-commercial-lawyers-lebanon\/#breadcrumb\"},\"inLanguage\":\"fr-FR\",\"potentialAction\":[{\"@type\":\"ReadAction\",\"target\":[\"https:\/\/mattarlaw.com\/business-commercial-lawyers-lebanon\/\"]}]},{\"@type\":\"BreadcrumbList\",\"@id\":\"https:\/\/mattarlaw.com\/business-commercial-lawyers-lebanon\/#breadcrumb\",\"itemListElement\":[{\"@type\":\"ListItem\",\"position\":1,\"name\":\"Home\",\"item\":\"https:\/\/mattarlaw.com\/\"},{\"@type\":\"ListItem\",\"position\":2,\"name\":\"Business &#038; Corporate Lawyers &#8211; Mattar Law Firm Lebanon\"}]},{\"@type\":\"WebSite\",\"@id\":\"https:\/\/mattarlaw.com\/#website\",\"url\":\"https:\/\/mattarlaw.com\/\",\"name\":\"Mattar Law Firm\",\"description\":\"Mattar Law Firm, A Tradition of Legal Excellence Throughout Generations.\",\"publisher\":{\"@id\":\"https:\/\/mattarlaw.com\/#organization\"},\"alternateName\":\"Mattarlaw\",\"potentialAction\":[{\"@type\":\"SearchAction\",\"target\":{\"@type\":\"EntryPoint\",\"urlTemplate\":\"https:\/\/mattarlaw.com\/?s={search_term_string}\"},\"query-input\":{\"@type\":\"PropertyValueSpecification\",\"valueRequired\":true,\"valueName\":\"search_term_string\"}}],\"inLanguage\":\"fr-FR\"},{\"@type\":\"Organization\",\"@id\":\"https:\/\/mattarlaw.com\/fr\/#organization\",\"name\":\"Mattar Law Firm - Cabinet D'avocats Mattar - \u0645\u0643\u062a\u0628 \u0645\u0637\u0631 \u0644\u0644\u0645\u062d\u0627\u0645\u0627\u0629\",\"url\":\"https:\/\/mattarlaw.com\/\",\"logo\":{\"@type\":\"ImageObject\",\"url\":\"https:\/\/mattarlaw.com\/wp-content\/uploads\/2023\/08\/Logo-7.png\"},\"image\":{\"@id\":\"https:\/\/mattarlaw.com\/#\/schema\/logo\/image\/\"},\"sameAs\":[\"https:\/\/www.facebook.com\/mattarlaw\/\",\"https:\/\/x.com\/MattarLawFirm\",\"https:\/\/www.instagram.com\/mattarlawfirm\/\",\"https:\/\/www.linkedin.com\/company\/mattar-law-firm\"],\"alternateName\":[\"Mattar Law Firm\",\"Cabinet D'avocats Mattar\",\"\u0645\u0643\u062a\u0628 \u0645\u0637\u0631 \u0644\u0644\u0645\u062d\u0627\u0645\u0627\u0629\"],\"foundingDate\":\"1963\",\"founder\":{\"@type\":\"Person\",\"name\":\"Salah A. Mattar\"},\"memberOf\":[{\"@type\":\"Organization\",\"name\":\"Beirut Bar Association\"}],\"award\":[\"Golden Medal \u2013 Beirut Bar Association of Lawyers in Beirut (2013)\"],\"address\":{\"@type\":\"PostalAddress\",\"streetAddress\":\"Badaro, Sami El Solh Street, Fakih Bldg, 7th Floor\",\"addressLocality\":\"Beirut\",\"addressCountry\":\"LB\"},\"contactPoint\":[{\"@type\":\"ContactPoint\",\"telephone\":\"+961 3 359 646\",\"contactType\":\"customer service\",\"areaServed\":[\"LB\",\"Worldwide\"],\"availableLanguage\":[\"English\",\"Arabic\",\"French\"]}],\"subOrganization\":[{\"@type\":\"Organization\",\"name\":\"Mattar Law Firm Dubai (Associate Office)\",\"address\":{\"@type\":\"PostalAddress\",\"addressLocality\":\"Dubai\",\"addressCountry\":\"AE\"}},{\"@type\":\"Organization\",\"name\":\"Mattar Law Firm London (Associate Office)\",\"address\":{\"@type\":\"PostalAddress\",\"addressLocality\":\"London\",\"addressCountry\":\"GB\"}},{\"@type\":\"Organization\",\"name\":\"Mattar Law Firm Paris (Associate Office)\",\"address\":{\"@type\":\"PostalAddress\",\"addressLocality\":\"Paris\",\"addressCountry\":\"FR\"}},{\"@type\":\"Organization\",\"name\":\"Mattar Law Firm Rome (Associate Office)\",\"address\":{\"@type\":\"PostalAddress\",\"addressLocality\":\"Rome\",\"addressCountry\":\"IT\"}}]}]}<\/script>\n<!-- \/ Yoast SEO plugin. -->","yoast_head_json":{"title":"Droit Commercial, Soci\u00e9t\u00e9s & Affaires","robots":{"index":"index","follow":"follow","max-snippet":"max-snippet:-1","max-image-preview":"max-image-preview:large","max-video-preview":"max-video-preview:-1"},"canonical":"https:\/\/mattarlaw.com\/fr\/avocats-libanais-droit-commercial-affaires\/","og_locale":"fr_FR","og_type":"article","og_title":"[:en]Business & Corporate Lawyers - Mattar Law Firm Lebanon[:fr]Droit Commercial, Soci\u00e9t\u00e9s &amp; Affaires[:ar]\u0642\u0627\u0646\u0648\u0646 \u0627\u0644\u062a\u062c\u0627\u0631\u0629\u060c \u0627\u0644\u0634\u0631\u0643\u0627\u062a \u0648 \u0627\u0644\u0627\u0639\u0645\u0627\u0644[:] - Mattar Law Firm, Beirut.","og_description":"Droit Commercial, Soci\u00e9t\u00e9s &#038; Affaires Le Cabinet D\u2019avocats Mattar a une vaste exp\u00e9rience en mati\u00e8re de droit des soci\u00e9t\u00e9s telles que la structuration et la restructuration, insolvabilit\u00e9 et redressement, ainsi que tous les aspects li\u00e9s aux affaires, le droit commercial et celui des soci\u00e9t\u00e9s.Nos avocats peuvent g\u00e9rer diverses op\u00e9rations telles que les fusions et acquisitions, [&hellip;]","og_url":"https:\/\/mattarlaw.com\/fr\/avocats-libanais-droit-commercial-affaires\/","og_site_name":"Mattar Law Firm, Beirut.","article_publisher":"https:\/\/www.facebook.com\/mattarlaw\/","article_modified_time":"2025-01-10T14:28:25+00:00","og_image":[{"width":512,"height":512,"url":"https:\/\/mattarlaw.com\/wp-content\/uploads\/2023\/08\/Untitled-design-96.png","type":"image\/png"}],"twitter_card":"summary_large_image","twitter_site":"@MattarLawFirm","twitter_misc":{"Dur\u00e9e de lecture estim\u00e9e":"1 minute"},"schema":{"@context":"https:\/\/schema.org","@graph":[{"@type":"WebPage","@id":"https:\/\/mattarlaw.com\/business-commercial-lawyers-lebanon\/","url":"https:\/\/mattarlaw.com\/business-commercial-lawyers-lebanon\/","name":"Droit Commercial, Soci\u00e9t\u00e9s & Affaires","isPartOf":{"@id":"https:\/\/mattarlaw.com\/#website"},"datePublished":"2024-12-17T14:08:44+00:00","dateModified":"2025-01-10T14:28:25+00:00","breadcrumb":{"@id":"https:\/\/mattarlaw.com\/business-commercial-lawyers-lebanon\/#breadcrumb"},"inLanguage":"fr-FR","potentialAction":[{"@type":"ReadAction","target":["https:\/\/mattarlaw.com\/business-commercial-lawyers-lebanon\/"]}]},{"@type":"BreadcrumbList","@id":"https:\/\/mattarlaw.com\/business-commercial-lawyers-lebanon\/#breadcrumb","itemListElement":[{"@type":"ListItem","position":1,"name":"Home","item":"https:\/\/mattarlaw.com\/"},{"@type":"ListItem","position":2,"name":"Business &#038; Corporate Lawyers &#8211; Mattar Law Firm Lebanon"}]},{"@type":"WebSite","@id":"https:\/\/mattarlaw.com\/#website","url":"https:\/\/mattarlaw.com\/","name":"Mattar Law Firm","description":"Mattar Law Firm, A Tradition of Legal Excellence Throughout Generations.","publisher":{"@id":"https:\/\/mattarlaw.com\/#organization"},"alternateName":"Mattarlaw","potentialAction":[{"@type":"SearchAction","target":{"@type":"EntryPoint","urlTemplate":"https:\/\/mattarlaw.com\/?s={search_term_string}"},"query-input":{"@type":"PropertyValueSpecification","valueRequired":true,"valueName":"search_term_string"}}],"inLanguage":"fr-FR"},{"@type":"Organization","@id":"https:\/\/mattarlaw.com\/fr\/#organization","name":"Mattar Law Firm - Cabinet D'avocats Mattar - \u0645\u0643\u062a\u0628 \u0645\u0637\u0631 \u0644\u0644\u0645\u062d\u0627\u0645\u0627\u0629","url":"https:\/\/mattarlaw.com\/","logo":{"@type":"ImageObject","url":"https:\/\/mattarlaw.com\/wp-content\/uploads\/2023\/08\/Logo-7.png"},"image":{"@id":"https:\/\/mattarlaw.com\/#\/schema\/logo\/image\/"},"sameAs":["https:\/\/www.facebook.com\/mattarlaw\/","https:\/\/x.com\/MattarLawFirm","https:\/\/www.instagram.com\/mattarlawfirm\/","https:\/\/www.linkedin.com\/company\/mattar-law-firm"],"alternateName":["Mattar Law Firm","Cabinet D'avocats Mattar","\u0645\u0643\u062a\u0628 \u0645\u0637\u0631 \u0644\u0644\u0645\u062d\u0627\u0645\u0627\u0629"],"foundingDate":"1963","founder":{"@type":"Person","name":"Salah A. Mattar"},"memberOf":[{"@type":"Organization","name":"Beirut Bar Association"}],"award":["Golden Medal \u2013 Beirut Bar Association of Lawyers in Beirut (2013)"],"address":{"@type":"PostalAddress","streetAddress":"Badaro, Sami El Solh Street, Fakih Bldg, 7th Floor","addressLocality":"Beirut","addressCountry":"LB"},"contactPoint":[{"@type":"ContactPoint","telephone":"+961 3 359 646","contactType":"customer service","areaServed":["LB","Worldwide"],"availableLanguage":["English","Arabic","French"]}],"subOrganization":[{"@type":"Organization","name":"Mattar Law Firm Dubai (Associate Office)","address":{"@type":"PostalAddress","addressLocality":"Dubai","addressCountry":"AE"}},{"@type":"Organization","name":"Mattar Law Firm London (Associate Office)","address":{"@type":"PostalAddress","addressLocality":"London","addressCountry":"GB"}},{"@type":"Organization","name":"Mattar Law Firm Paris (Associate Office)","address":{"@type":"PostalAddress","addressLocality":"Paris","addressCountry":"FR"}},{"@type":"Organization","name":"Mattar Law Firm Rome (Associate Office)","address":{"@type":"PostalAddress","addressLocality":"Rome","addressCountry":"IT"}}]}]}},"_links":{"self":[{"href":"https:\/\/mattarlaw.com\/fr\/wp-json\/wp\/v2\/pages\/5492","targetHints":{"allow":["GET"]}}],"collection":[{"href":"https:\/\/mattarlaw.com\/fr\/wp-json\/wp\/v2\/pages"}],"about":[{"href":"https:\/\/mattarlaw.com\/fr\/wp-json\/wp\/v2\/types\/page"}],"author":[{"embeddable":true,"href":"https:\/\/mattarlaw.com\/fr\/wp-json\/wp\/v2\/users\/1"}],"replies":[{"embeddable":true,"href":"https:\/\/mattarlaw.com\/fr\/wp-json\/wp\/v2\/comments?post=5492"}],"version-history":[{"count":0,"href":"https:\/\/mattarlaw.com\/fr\/wp-json\/wp\/v2\/pages\/5492\/revisions"}],"wp:attachment":[{"href":"https:\/\/mattarlaw.com\/fr\/wp-json\/wp\/v2\/media?parent=5492"}],"curies":[{"name":"wp","href":"https:\/\/api.w.org\/{rel}","templated":true}]}}