{"id":5744,"date":"2025-01-03T13:22:11","date_gmt":"2025-01-03T13:22:11","guid":{"rendered":"https:\/\/mattarlaw.com\/?page_id=5744"},"modified":"2025-01-10T09:57:05","modified_gmt":"2025-01-10T09:57:05","slug":"recouvrement-creances-dettes-liban","status":"publish","type":"page","link":"https:\/\/mattarlaw.com\/fr\/recouvrement-creances-dettes-liban\/","title":{"rendered":"Recouvrement de Dettes"},"content":{"rendered":"\n<h1 class=\"wp-block-heading\">Recouvrement de Dettes<br><\/h1>\n\n\n\n<p>Le Cabinet D\u2019avocats Mattar offre une gamme compl\u00e8te de services juridiques en mati\u00e8re de recouvrement de dettes et a g\u00e9r\u00e9 avec succ\u00e8s de nombreux cas de recouvrement de cr\u00e9ances d\u2019une grande importance dans la r\u00e9gion.<\/p>\n\n\n\n<p>Avec son exp\u00e9rience, le Cabinet a d\u00e9velopp\u00e9 une approche efficace, rentable de r\u00e9cup\u00e9ration des dettes qui, dans la plupart des cas, se termine par la collecttion satisfaisante de la dette.<\/p>\n\n\n\n<p>Cette approche comprend l\u2019envoi des lettres de notification et de mise en garde pour paiement, et de prendre toutes les mesures conservatoires n\u00e9cessaires pour garantir les dettes des clients jusqu\u2019\u00e0 la phase d\u2019ex\u00e9cution o\u00f9 la dette est recueillie devant les tribunaux ou \u00e0 l\u2019amiable.<\/p>\n\n\n\n<p>Le Cabinet a r\u00e9cup\u00e9r\u00e9 des dettes de grande importance pour ses clients et reste un pionnier dans ce domaine.<\/p>\n\n\n\n<p><\/p>\n\n\n\n<p><\/p>\n\n\n\n<p><\/p>\n","protected":false},"excerpt":{"rendered":"<p>Recouvrement de Dettes Le Cabinet D\u2019avocats Mattar offre une gamme compl\u00e8te de services juridiques en mati\u00e8re de recouvrement de dettes et a g\u00e9r\u00e9 avec succ\u00e8s de nombreux cas de recouvrement de cr\u00e9ances d\u2019une grande importance dans la r\u00e9gion. Avec son exp\u00e9rience, le Cabinet a d\u00e9velopp\u00e9 une approche efficace, rentable de r\u00e9cup\u00e9ration des dettes qui, dans [&hellip;]<\/p>\n","protected":false},"author":1,"featured_media":0,"parent":0,"menu_order":0,"comment_status":"closed","ping_status":"closed","template":"","meta":{"_joinchat":[],"footnotes":""},"class_list":["post-5744","page","type-page","status-publish","hentry"],"yoast_head":"<!-- This site is optimized with the Yoast SEO plugin v24.4 - https:\/\/yoast.com\/wordpress\/plugins\/seo\/ -->\n<title>Recouvrement de Dettes<\/title>\n<meta name=\"robots\" content=\"index, follow, max-snippet:-1, max-image-preview:large, max-video-preview:-1\" \/>\n<link rel=\"canonical\" href=\"https:\/\/mattarlaw.com\/fr\/recouvrement-creances-dettes-liban\/\" \/>\n<meta property=\"og:locale\" content=\"fr_FR\" \/>\n<meta property=\"og:locale:alternate\" content=\"en_US\" \/>\n<meta property=\"og:locale:alternate\" content=\"ar\" \/>\n<meta property=\"og:type\" content=\"article\" \/>\n<meta property=\"og:title\" content=\"Recouvrement de Dettes\" \/>\n<meta property=\"og:description\" content=\"Recouvrement de Dettes Le Cabinet D\u2019avocats Mattar offre une gamme compl\u00e8te de services juridiques en mati\u00e8re de recouvrement de dettes et a g\u00e9r\u00e9 avec succ\u00e8s de nombreux cas de recouvrement de cr\u00e9ances d\u2019une grande importance dans la r\u00e9gion. Avec son exp\u00e9rience, le Cabinet a d\u00e9velopp\u00e9 une approche efficace, rentable de r\u00e9cup\u00e9ration des dettes qui, dans [&hellip;]\" \/>\n<meta property=\"og:url\" content=\"https:\/\/mattarlaw.com\/fr\/recouvrement-creances-dettes-liban\/\" \/>\n<meta property=\"og:site_name\" content=\"Mattar Law Firm, Beirut.\" \/>\n<meta property=\"article:publisher\" content=\"https:\/\/www.facebook.com\/mattarlaw\/\" \/>\n<meta property=\"article:modified_time\" content=\"2025-01-10T09:57:05+00:00\" \/>\n<meta property=\"og:image\" content=\"https:\/\/mattarlaw.com\/wp-content\/uploads\/2023\/08\/Untitled-design-96.png\" \/>\n\t<meta property=\"og:image:width\" content=\"512\" \/>\n\t<meta property=\"og:image:height\" content=\"512\" \/>\n\t<meta property=\"og:image:type\" content=\"image\/png\" \/>\n<meta name=\"twitter:card\" content=\"summary_large_image\" \/>\n<meta name=\"twitter:site\" content=\"@MattarLawFirm\" \/>\n<meta name=\"twitter:label1\" content=\"Dur\u00e9e de lecture estim\u00e9e\" \/>\n\t<meta name=\"twitter:data1\" content=\"1 minute\" \/>\n<script type=\"application\/ld+json\" class=\"yoast-schema-graph\">{\"@context\":\"https:\/\/schema.org\",\"@graph\":[{\"@type\":\"WebPage\",\"@id\":\"https:\/\/mattarlaw.com\/debt-recovery-collection-lebanon\/\",\"url\":\"https:\/\/mattarlaw.com\/debt-recovery-collection-lebanon\/\",\"name\":\"Recouvrement de Dettes\",\"isPartOf\":{\"@id\":\"https:\/\/mattarlaw.com\/#website\"},\"datePublished\":\"2025-01-03T13:22:11+00:00\",\"dateModified\":\"2025-01-10T09:57:05+00:00\",\"breadcrumb\":{\"@id\":\"https:\/\/mattarlaw.com\/debt-recovery-collection-lebanon\/#breadcrumb\"},\"inLanguage\":\"fr-FR\",\"potentialAction\":[{\"@type\":\"ReadAction\",\"target\":[\"https:\/\/mattarlaw.com\/debt-recovery-collection-lebanon\/\"]}]},{\"@type\":\"BreadcrumbList\",\"@id\":\"https:\/\/mattarlaw.com\/debt-recovery-collection-lebanon\/#breadcrumb\",\"itemListElement\":[{\"@type\":\"ListItem\",\"position\":1,\"name\":\"Home\",\"item\":\"https:\/\/mattarlaw.com\/\"},{\"@type\":\"ListItem\",\"position\":2,\"name\":\"Debt Collection \/ Recovery\"}]},{\"@type\":\"WebSite\",\"@id\":\"https:\/\/mattarlaw.com\/#website\",\"url\":\"https:\/\/mattarlaw.com\/\",\"name\":\"Mattar Law Firm\",\"description\":\"Mattar Law Firm, A Tradition of Legal Excellence Throughout Generations.\",\"publisher\":{\"@id\":\"https:\/\/mattarlaw.com\/#organization\"},\"alternateName\":\"Mattarlaw\",\"potentialAction\":[{\"@type\":\"SearchAction\",\"target\":{\"@type\":\"EntryPoint\",\"urlTemplate\":\"https:\/\/mattarlaw.com\/?s={search_term_string}\"},\"query-input\":{\"@type\":\"PropertyValueSpecification\",\"valueRequired\":true,\"valueName\":\"search_term_string\"}}],\"inLanguage\":\"fr-FR\"},{\"@type\":\"Organization\",\"@id\":\"https:\/\/mattarlaw.com\/fr\/#organization\",\"name\":\"Mattar Law Firm - Cabinet D'avocats Mattar - \u0645\u0643\u062a\u0628 \u0645\u0637\u0631 \u0644\u0644\u0645\u062d\u0627\u0645\u0627\u0629\",\"url\":\"https:\/\/mattarlaw.com\/\",\"logo\":{\"@type\":\"ImageObject\",\"url\":\"https:\/\/mattarlaw.com\/wp-content\/uploads\/2023\/08\/Logo-7.png\"},\"image\":{\"@id\":\"https:\/\/mattarlaw.com\/#\/schema\/logo\/image\/\"},\"sameAs\":[\"https:\/\/www.facebook.com\/mattarlaw\/\",\"https:\/\/x.com\/MattarLawFirm\",\"https:\/\/www.instagram.com\/mattarlawfirm\/\",\"https:\/\/www.linkedin.com\/company\/mattar-law-firm\"],\"alternateName\":[\"Mattar Law Firm\",\"Cabinet D'avocats Mattar\",\"\u0645\u0643\u062a\u0628 \u0645\u0637\u0631 \u0644\u0644\u0645\u062d\u0627\u0645\u0627\u0629\"],\"foundingDate\":\"1963\",\"founder\":{\"@type\":\"Person\",\"name\":\"Salah A. Mattar\"},\"memberOf\":[{\"@type\":\"Organization\",\"name\":\"Beirut Bar Association\"}],\"award\":[\"Golden Medal \u2013 Beirut Bar Association of Lawyers in Beirut (2013)\"],\"address\":{\"@type\":\"PostalAddress\",\"streetAddress\":\"Badaro, Sami El Solh Street, Fakih Bldg, 7th Floor\",\"addressLocality\":\"Beirut\",\"addressCountry\":\"LB\"},\"contactPoint\":[{\"@type\":\"ContactPoint\",\"telephone\":\"+961 3 359 646\",\"contactType\":\"customer service\",\"areaServed\":[\"LB\",\"Worldwide\"],\"availableLanguage\":[\"English\",\"Arabic\",\"French\"]}],\"subOrganization\":[{\"@type\":\"Organization\",\"name\":\"Mattar Law Firm Dubai (Associate Office)\",\"address\":{\"@type\":\"PostalAddress\",\"addressLocality\":\"Dubai\",\"addressCountry\":\"AE\"}},{\"@type\":\"Organization\",\"name\":\"Mattar Law Firm London (Associate Office)\",\"address\":{\"@type\":\"PostalAddress\",\"addressLocality\":\"London\",\"addressCountry\":\"GB\"}},{\"@type\":\"Organization\",\"name\":\"Mattar Law Firm Paris (Associate Office)\",\"address\":{\"@type\":\"PostalAddress\",\"addressLocality\":\"Paris\",\"addressCountry\":\"FR\"}},{\"@type\":\"Organization\",\"name\":\"Mattar Law Firm Rome (Associate Office)\",\"address\":{\"@type\":\"PostalAddress\",\"addressLocality\":\"Rome\",\"addressCountry\":\"IT\"}}]}]}<\/script>\n<!-- \/ Yoast SEO plugin. -->","yoast_head_json":{"title":"Recouvrement de Dettes","robots":{"index":"index","follow":"follow","max-snippet":"max-snippet:-1","max-image-preview":"max-image-preview:large","max-video-preview":"max-video-preview:-1"},"canonical":"https:\/\/mattarlaw.com\/fr\/recouvrement-creances-dettes-liban\/","og_locale":"fr_FR","og_type":"article","og_title":"[:en]Debt Collection \/ Recovery[:fr]Recouvrement de Dettes[:ar]\u062a\u062d\u0635\u064a\u0644 \u0627\u0644\u062f\u064a\u0648\u0646 \/ \u0627\u0644\u0627\u0645\u0648\u0627\u0644[:] - Mattar Law Firm, Beirut.","og_description":"Recouvrement de Dettes Le Cabinet D\u2019avocats Mattar offre une gamme compl\u00e8te de services juridiques en mati\u00e8re de recouvrement de dettes et a g\u00e9r\u00e9 avec succ\u00e8s de nombreux cas de recouvrement de cr\u00e9ances d\u2019une grande importance dans la r\u00e9gion. Avec son exp\u00e9rience, le Cabinet a d\u00e9velopp\u00e9 une approche efficace, rentable de r\u00e9cup\u00e9ration des dettes qui, dans [&hellip;]","og_url":"https:\/\/mattarlaw.com\/fr\/recouvrement-creances-dettes-liban\/","og_site_name":"Mattar Law Firm, Beirut.","article_publisher":"https:\/\/www.facebook.com\/mattarlaw\/","article_modified_time":"2025-01-10T09:57:05+00:00","og_image":[{"width":512,"height":512,"url":"https:\/\/mattarlaw.com\/wp-content\/uploads\/2023\/08\/Untitled-design-96.png","type":"image\/png"}],"twitter_card":"summary_large_image","twitter_site":"@MattarLawFirm","twitter_misc":{"Dur\u00e9e de lecture estim\u00e9e":"1 minute"},"schema":{"@context":"https:\/\/schema.org","@graph":[{"@type":"WebPage","@id":"https:\/\/mattarlaw.com\/debt-recovery-collection-lebanon\/","url":"https:\/\/mattarlaw.com\/debt-recovery-collection-lebanon\/","name":"Recouvrement de Dettes","isPartOf":{"@id":"https:\/\/mattarlaw.com\/#website"},"datePublished":"2025-01-03T13:22:11+00:00","dateModified":"2025-01-10T09:57:05+00:00","breadcrumb":{"@id":"https:\/\/mattarlaw.com\/debt-recovery-collection-lebanon\/#breadcrumb"},"inLanguage":"fr-FR","potentialAction":[{"@type":"ReadAction","target":["https:\/\/mattarlaw.com\/debt-recovery-collection-lebanon\/"]}]},{"@type":"BreadcrumbList","@id":"https:\/\/mattarlaw.com\/debt-recovery-collection-lebanon\/#breadcrumb","itemListElement":[{"@type":"ListItem","position":1,"name":"Home","item":"https:\/\/mattarlaw.com\/"},{"@type":"ListItem","position":2,"name":"Debt Collection \/ Recovery"}]},{"@type":"WebSite","@id":"https:\/\/mattarlaw.com\/#website","url":"https:\/\/mattarlaw.com\/","name":"Mattar Law Firm","description":"Mattar Law Firm, A Tradition of Legal Excellence Throughout Generations.","publisher":{"@id":"https:\/\/mattarlaw.com\/#organization"},"alternateName":"Mattarlaw","potentialAction":[{"@type":"SearchAction","target":{"@type":"EntryPoint","urlTemplate":"https:\/\/mattarlaw.com\/?s={search_term_string}"},"query-input":{"@type":"PropertyValueSpecification","valueRequired":true,"valueName":"search_term_string"}}],"inLanguage":"fr-FR"},{"@type":"Organization","@id":"https:\/\/mattarlaw.com\/fr\/#organization","name":"Mattar Law Firm - Cabinet D'avocats Mattar - \u0645\u0643\u062a\u0628 \u0645\u0637\u0631 \u0644\u0644\u0645\u062d\u0627\u0645\u0627\u0629","url":"https:\/\/mattarlaw.com\/","logo":{"@type":"ImageObject","url":"https:\/\/mattarlaw.com\/wp-content\/uploads\/2023\/08\/Logo-7.png"},"image":{"@id":"https:\/\/mattarlaw.com\/#\/schema\/logo\/image\/"},"sameAs":["https:\/\/www.facebook.com\/mattarlaw\/","https:\/\/x.com\/MattarLawFirm","https:\/\/www.instagram.com\/mattarlawfirm\/","https:\/\/www.linkedin.com\/company\/mattar-law-firm"],"alternateName":["Mattar Law Firm","Cabinet D'avocats Mattar","\u0645\u0643\u062a\u0628 \u0645\u0637\u0631 \u0644\u0644\u0645\u062d\u0627\u0645\u0627\u0629"],"foundingDate":"1963","founder":{"@type":"Person","name":"Salah A. Mattar"},"memberOf":[{"@type":"Organization","name":"Beirut Bar Association"}],"award":["Golden Medal \u2013 Beirut Bar Association of Lawyers in Beirut (2013)"],"address":{"@type":"PostalAddress","streetAddress":"Badaro, Sami El Solh Street, Fakih Bldg, 7th Floor","addressLocality":"Beirut","addressCountry":"LB"},"contactPoint":[{"@type":"ContactPoint","telephone":"+961 3 359 646","contactType":"customer service","areaServed":["LB","Worldwide"],"availableLanguage":["English","Arabic","French"]}],"subOrganization":[{"@type":"Organization","name":"Mattar Law Firm Dubai (Associate Office)","address":{"@type":"PostalAddress","addressLocality":"Dubai","addressCountry":"AE"}},{"@type":"Organization","name":"Mattar Law Firm London (Associate Office)","address":{"@type":"PostalAddress","addressLocality":"London","addressCountry":"GB"}},{"@type":"Organization","name":"Mattar Law Firm Paris (Associate Office)","address":{"@type":"PostalAddress","addressLocality":"Paris","addressCountry":"FR"}},{"@type":"Organization","name":"Mattar Law Firm Rome (Associate Office)","address":{"@type":"PostalAddress","addressLocality":"Rome","addressCountry":"IT"}}]}]}},"_links":{"self":[{"href":"https:\/\/mattarlaw.com\/fr\/wp-json\/wp\/v2\/pages\/5744","targetHints":{"allow":["GET"]}}],"collection":[{"href":"https:\/\/mattarlaw.com\/fr\/wp-json\/wp\/v2\/pages"}],"about":[{"href":"https:\/\/mattarlaw.com\/fr\/wp-json\/wp\/v2\/types\/page"}],"author":[{"embeddable":true,"href":"https:\/\/mattarlaw.com\/fr\/wp-json\/wp\/v2\/users\/1"}],"replies":[{"embeddable":true,"href":"https:\/\/mattarlaw.com\/fr\/wp-json\/wp\/v2\/comments?post=5744"}],"version-history":[{"count":0,"href":"https:\/\/mattarlaw.com\/fr\/wp-json\/wp\/v2\/pages\/5744\/revisions"}],"wp:attachment":[{"href":"https:\/\/mattarlaw.com\/fr\/wp-json\/wp\/v2\/media?parent=5744"}],"curies":[{"name":"wp","href":"https:\/\/api.w.org\/{rel}","templated":true}]}}