{"id":6874,"date":"2025-02-18T13:41:04","date_gmt":"2025-02-18T13:41:04","guid":{"rendered":"https:\/\/chocolate-chamois-199443.hostingersite.com\/?page_id=6874"},"modified":"2025-08-24T18:02:11","modified_gmt":"2025-08-24T16:02:11","slug":"casier-judiciaire-liban","status":"publish","type":"page","link":"https:\/\/mattarlaw.com\/fr\/avocat-penal-liban\/casier-judiciaire-liban","title":{"rendered":"Casier Judiciaire au Liban"},"content":{"rendered":"\r\n<h1 class=\"wp-block-heading\">Casier Judiciaire au Liban<\/h1>\r\n\r\n\r\n\r\n<p>Le cabinet d&rsquo;avocats Mattar aide ses clients \u00e0 obtenir un certificat de police souvent d\u00e9livr\u00e9 \u00e0 la suite d&rsquo;une v\u00e9rification des ant\u00e9c\u00e9dents effectu\u00e9e par la police ou une agence gouvernementale au Liban pour \u00e9num\u00e9rer tous les casiers judiciaires connus que le demandeur pourrait avoir pendant son s\u00e9jour. Les casiers judiciaires peuvent inclure une arrestation, une condamnation et \u00e9ventuellement des poursuites p\u00e9nales.<\/p>\r\n\r\n\r\n\r\n<p>Un certificat de police est \u00e9galement connu sous le nom d&rsquo; ant\u00e9c\u00e9dent judiciaire<b> , <\/b>fiche de police , repris de justice ,\u00a0certificat de bon citoyen, certificat de bonne conduite, certificat de police, v\u00e9rification des ant\u00e9c\u00e9dents de la police nationale, certificat de bonne moralit\u00e9\/certificat de bonne moralit\u00e9 ou extraits de casier judiciaire.<\/p>\r\n\r\n\r\n\r\n<p>Son objectif :<\/p>\r\n\r\n\r\n\r\n<ul class=\"wp-block-list\">\r\n<li>v\u00e9rifier les ant\u00e9c\u00e9dents criminels d&rsquo;un individu (ou leur absence) au Liban.<\/li>\r\n\r\n\r\n\r\n<li>Utilisations courantes : immigration, emploi, demandes de visa, etc.<\/li>\r\n<\/ul>\r\n\r\n\r\n\r\n<p>Les personnes qui ont besoin d\u2019une autorisation de police sont g\u00e9n\u00e9ralement :<\/p>\r\n\r\n\r\n\r\n<ul class=\"wp-block-list\">\r\n<li>Les personnes qui r\u00e9sident au Liban depuis une p\u00e9riode significative.<\/li>\r\n\r\n\r\n\r\n<li>Citoyens libanais vivant \u00e0 l&rsquo;\u00e9tranger.<\/li>\r\n\r\n\r\n\r\n<li>Ressortissants \u00e9trangers ayant d\u00e9j\u00e0 v\u00e9cu au Liban.<\/li>\r\n\r\n\r\n\r\n<li>Toute personne tenue de fournir une preuve de ses ant\u00e9c\u00e9dents judiciaires au Liban.<\/li>\r\n<\/ul>\r\n\r\n\r\n\r\n<p>Nos services comprennent :<\/p>\r\n\r\n\r\n\r\n<ul class=\"wp-block-list\">\r\n<li>\u00c9valuation de l\u2019admissibilit\u00e9 et des exigences.<\/li>\r\n\r\n\r\n\r\n<li>Pr\u00e9paration et d\u00e9p\u00f4t du dossier.<\/li>\r\n\r\n\r\n\r\n<li>Gestion des communications avec les autorit\u00e9s libanaises.<\/li>\r\n\r\n\r\n\r\n<li>Obtention du certificat en votre nom (surtout si le client est \u00e0 l&rsquo;\u00e9tranger).<\/li>\r\n\r\n\r\n\r\n<li>Fournir des traductions certifi\u00e9es (si n\u00e9cessaire).<\/li>\r\n\r\n\r\n\r\n<li>Conseils et accompagnement juridique tout au long du processus.<\/li>\r\n<\/ul>\r\n","protected":false},"excerpt":{"rendered":"<p>Casier Judiciaire au Liban Le cabinet d&rsquo;avocats Mattar aide ses clients \u00e0 obtenir un certificat de police souvent d\u00e9livr\u00e9 \u00e0 la suite d&rsquo;une v\u00e9rification des ant\u00e9c\u00e9dents effectu\u00e9e par la police ou une agence gouvernementale au Liban pour \u00e9num\u00e9rer tous les casiers judiciaires connus que le demandeur pourrait avoir pendant son s\u00e9jour. Les casiers judiciaires peuvent [&hellip;]<\/p>\n","protected":false},"author":6,"featured_media":0,"parent":5785,"menu_order":0,"comment_status":"closed","ping_status":"closed","template":"","meta":{"_joinchat":[],"footnotes":""},"class_list":["post-6874","page","type-page","status-publish","hentry"],"yoast_head":"<!-- This site is optimized with the Yoast SEO plugin v27.4 - https:\/\/yoast.com\/product\/yoast-seo-wordpress\/ -->\n<title>Obtenir Un Casier Judiciaire au Liban | Avocats \u00e0 Beyrouth<\/title>\n<meta name=\"description\" content=\"Le cabinet d&#039;avocats Mattar obtient pour ses clients des casiers judiciaires, pour les Libanais et ressortissants \u00e9trangers.\" \/>\n<meta name=\"robots\" content=\"index, follow, max-snippet:-1, max-image-preview:large, max-video-preview:-1\" \/>\n<link rel=\"canonical\" href=\"https:\/\/mattarlaw.com\/fr\/avocat-penal-liban\/casier-judiciaire-liban\" \/>\n<meta property=\"og:locale\" content=\"fr_FR\" \/>\n<meta property=\"og:locale:alternate\" content=\"en_US\" \/>\n<meta property=\"og:locale:alternate\" content=\"ar\" \/>\n<meta property=\"og:type\" content=\"article\" \/>\n<meta property=\"og:title\" content=\"Obtenir Un Casier Judiciaire au Liban | Avocats \u00e0 Beyrouth\" \/>\n<meta property=\"og:description\" content=\"Le cabinet d&#039;avocats Mattar obtient pour ses clients des casiers judiciaires, pour les Libanais et ressortissants \u00e9trangers.\" \/>\n<meta property=\"og:url\" content=\"https:\/\/mattarlaw.com\/fr\/avocat-penal-liban\/casier-judiciaire-liban\/\" \/>\n<meta property=\"og:site_name\" content=\"Mattar Law Firm, Beirut.\" \/>\n<meta property=\"article:publisher\" content=\"https:\/\/www.facebook.com\/mattarlaw\/\" \/>\n<meta property=\"article:modified_time\" content=\"2025-08-24T16:02:11+00:00\" \/>\n<meta property=\"og:image\" content=\"https:\/\/mattarlaw.com\/wp-content\/uploads\/2023\/08\/Untitled-design-96.png\" \/>\n\t<meta property=\"og:image:width\" content=\"512\" \/>\n\t<meta property=\"og:image:height\" content=\"512\" \/>\n\t<meta property=\"og:image:type\" content=\"image\/png\" \/>\n<meta name=\"twitter:card\" content=\"summary_large_image\" \/>\n<meta name=\"twitter:site\" content=\"@MattarLawFirm\" \/>\n<meta name=\"twitter:label1\" content=\"Dur\u00e9e de lecture estim\u00e9e\" \/>\n\t<meta name=\"twitter:data1\" content=\"3 minutes\" \/>\n<script type=\"application\/ld+json\" class=\"yoast-schema-graph\">{\"@context\":\"https:\\\/\\\/schema.org\",\"@graph\":[{\"@type\":\"WebPage\",\"@id\":\"https:\\\/\\\/mattarlaw.com\\\/fr\\\/avocat-penal-liban\\\/casier-judiciaire-liban\\\/\",\"url\":\"https:\\\/\\\/mattarlaw.com\\\/fr\\\/avocat-penal-liban\\\/casier-judiciaire-liban\\\/\",\"name\":\"Obtenir Un Casier Judiciaire au Liban | Avocats \u00e0 Beyrouth\",\"isPartOf\":{\"@id\":\"https:\\\/\\\/mattarlaw.com\\\/#website\"},\"datePublished\":\"2025-02-18T13:41:04+00:00\",\"dateModified\":\"2025-08-24T16:02:11+00:00\",\"description\":\"Le cabinet d'avocats Mattar obtient pour ses clients des casiers judiciaires, pour les Libanais et ressortissants \u00e9trangers.\",\"breadcrumb\":{\"@id\":\"https:\\\/\\\/mattarlaw.com\\\/fr\\\/avocat-penal-liban\\\/casier-judiciaire-liban\\\/#breadcrumb\"},\"inLanguage\":\"fr-FR\",\"potentialAction\":[{\"@type\":\"ReadAction\",\"target\":[\"https:\\\/\\\/mattarlaw.com\\\/fr\\\/avocat-penal-liban\\\/casier-judiciaire-liban\\\/\"]}]},{\"@type\":\"BreadcrumbList\",\"@id\":\"https:\\\/\\\/mattarlaw.com\\\/fr\\\/avocat-penal-liban\\\/casier-judiciaire-liban\\\/#breadcrumb\",\"itemListElement\":[{\"@type\":\"ListItem\",\"position\":1,\"name\":\"Home\",\"item\":\"https:\\\/\\\/chocolate-chamois-199443.hostingersite.com\\\/\"},{\"@type\":\"ListItem\",\"position\":2,\"name\":\"Droit P\u00e9nal\",\"item\":\"https:\\\/\\\/mattarlaw.com\\\/fr\\\/avocat-penal-liban\\\/\"},{\"@type\":\"ListItem\",\"position\":3,\"name\":\"Casier Judiciaire au Liban\"}]},{\"@type\":\"WebSite\",\"@id\":\"https:\\\/\\\/mattarlaw.com\\\/#website\",\"url\":\"https:\\\/\\\/mattarlaw.com\\\/\",\"name\":\"Mattar Law Firm\",\"description\":\"Mattar Law Firm, A Tradition of Legal Excellence Throughout Generations.\",\"publisher\":{\"@id\":\"https:\\\/\\\/mattarlaw.com\\\/#organization\"},\"alternateName\":\"Mattarlaw\",\"potentialAction\":[{\"@type\":\"SearchAction\",\"target\":{\"@type\":\"EntryPoint\",\"urlTemplate\":\"https:\\\/\\\/mattarlaw.com\\\/?s={search_term_string}\"},\"query-input\":{\"@type\":\"PropertyValueSpecification\",\"valueRequired\":true,\"valueName\":\"search_term_string\"}}],\"inLanguage\":\"fr-FR\"},{\"@type\":\"Organization\",\"@id\":\"https:\\\/\\\/mattarlaw.com\\\/fr\\\/#organization\",\"name\":\"Mattar Law Firm - Cabinet D'avocats Mattar - \u0645\u0643\u062a\u0628 \u0645\u0637\u0631 \u0644\u0644\u0645\u062d\u0627\u0645\u0627\u0629\",\"url\":\"https:\\\/\\\/mattarlaw.com\\\/\",\"logo\":{\"@type\":\"ImageObject\",\"url\":\"http:\\\/\\\/mattarlaw.com\\\/wp-content\\\/uploads\\\/2023\\\/08\\\/Logo-7.png\"},\"image\":{\"@id\":\"https:\\\/\\\/mattarlaw.com\\\/#\\\/schema\\\/logo\\\/image\\\/\"},\"sameAs\":[\"https:\\\/\\\/www.facebook.com\\\/mattarlaw\\\/\",\"https:\\\/\\\/x.com\\\/MattarLawFirm\",\"https:\\\/\\\/www.instagram.com\\\/mattarlawfirm\\\/\",\"https:\\\/\\\/www.linkedin.com\\\/company\\\/mattar-law-firm\"],\"alternateName\":[\"Mattar Law Firm\",\"Cabinet D'avocats Mattar\",\"\u0645\u0643\u062a\u0628 \u0645\u0637\u0631 \u0644\u0644\u0645\u062d\u0627\u0645\u0627\u0629\"],\"foundingDate\":\"1963\",\"founder\":{\"@type\":\"Person\",\"name\":\"Salah A. Mattar\"},\"memberOf\":[{\"@type\":\"Organization\",\"name\":\"Beirut Bar Association\"}],\"award\":[\"Golden Medal \u2013 Beirut Bar Association of Lawyers in Beirut (2013)\"],\"address\":{\"@type\":\"PostalAddress\",\"streetAddress\":\"Badaro, Sami El Solh Street, Fakih Bldg, 7th Floor\",\"addressLocality\":\"Beirut\",\"addressCountry\":\"LB\"},\"contactPoint\":[{\"@type\":\"ContactPoint\",\"telephone\":\"+961 3 359 646\",\"contactType\":\"customer service\",\"areaServed\":[\"LB\",\"Worldwide\"],\"availableLanguage\":[\"English\",\"Arabic\",\"French\"]}],\"subOrganization\":[{\"@type\":\"Organization\",\"name\":\"Mattar Law Firm Dubai (Associate Office)\",\"address\":{\"@type\":\"PostalAddress\",\"addressLocality\":\"Dubai\",\"addressCountry\":\"AE\"}},{\"@type\":\"Organization\",\"name\":\"Mattar Law Firm London (Associate Office)\",\"address\":{\"@type\":\"PostalAddress\",\"addressLocality\":\"London\",\"addressCountry\":\"GB\"}},{\"@type\":\"Organization\",\"name\":\"Mattar Law Firm Paris (Associate Office)\",\"address\":{\"@type\":\"PostalAddress\",\"addressLocality\":\"Paris\",\"addressCountry\":\"FR\"}},{\"@type\":\"Organization\",\"name\":\"Mattar Law Firm Rome (Associate Office)\",\"address\":{\"@type\":\"PostalAddress\",\"addressLocality\":\"Rome\",\"addressCountry\":\"IT\"}}]}]}<\/script>\n<!-- \/ Yoast SEO plugin. -->","yoast_head_json":{"title":"Obtenir Un Casier Judiciaire au Liban | Avocats \u00e0 Beyrouth","description":"Le cabinet d'avocats Mattar obtient pour ses clients des casiers judiciaires, pour les Libanais et ressortissants \u00e9trangers.","robots":{"index":"index","follow":"follow","max-snippet":"max-snippet:-1","max-image-preview":"max-image-preview:large","max-video-preview":"max-video-preview:-1"},"canonical":"https:\/\/mattarlaw.com\/fr\/avocat-penal-liban\/casier-judiciaire-liban","og_locale":"fr_FR","og_type":"article","og_title":"Obtenir Un Casier Judiciaire au Liban | Avocats \u00e0 Beyrouth","og_description":"Le cabinet d'avocats Mattar obtient pour ses clients des casiers judiciaires, pour les Libanais et ressortissants \u00e9trangers.","og_url":"https:\/\/mattarlaw.com\/fr\/avocat-penal-liban\/casier-judiciaire-liban\/","og_site_name":"Mattar Law Firm, Beirut.","article_publisher":"https:\/\/www.facebook.com\/mattarlaw\/","article_modified_time":"2025-08-24T16:02:11+00:00","og_image":[{"width":512,"height":512,"url":"https:\/\/mattarlaw.com\/wp-content\/uploads\/2023\/08\/Untitled-design-96.png","type":"image\/png"}],"twitter_card":"summary_large_image","twitter_site":"@MattarLawFirm","twitter_misc":{"Dur\u00e9e de lecture estim\u00e9e":"3 minutes"},"schema":{"@context":"https:\/\/schema.org","@graph":[{"@type":"WebPage","@id":"https:\/\/mattarlaw.com\/fr\/avocat-penal-liban\/casier-judiciaire-liban\/","url":"https:\/\/mattarlaw.com\/fr\/avocat-penal-liban\/casier-judiciaire-liban\/","name":"Obtenir Un Casier Judiciaire au Liban | Avocats \u00e0 Beyrouth","isPartOf":{"@id":"https:\/\/mattarlaw.com\/#website"},"datePublished":"2025-02-18T13:41:04+00:00","dateModified":"2025-08-24T16:02:11+00:00","description":"Le cabinet d'avocats Mattar obtient pour ses clients des casiers judiciaires, pour les Libanais et ressortissants \u00e9trangers.","breadcrumb":{"@id":"https:\/\/mattarlaw.com\/fr\/avocat-penal-liban\/casier-judiciaire-liban\/#breadcrumb"},"inLanguage":"fr-FR","potentialAction":[{"@type":"ReadAction","target":["https:\/\/mattarlaw.com\/fr\/avocat-penal-liban\/casier-judiciaire-liban\/"]}]},{"@type":"BreadcrumbList","@id":"https:\/\/mattarlaw.com\/fr\/avocat-penal-liban\/casier-judiciaire-liban\/#breadcrumb","itemListElement":[{"@type":"ListItem","position":1,"name":"Home","item":"https:\/\/chocolate-chamois-199443.hostingersite.com\/"},{"@type":"ListItem","position":2,"name":"Droit P\u00e9nal","item":"https:\/\/mattarlaw.com\/fr\/avocat-penal-liban\/"},{"@type":"ListItem","position":3,"name":"Casier Judiciaire au Liban"}]},{"@type":"WebSite","@id":"https:\/\/mattarlaw.com\/#website","url":"https:\/\/mattarlaw.com\/","name":"Mattar Law Firm","description":"Mattar Law Firm, A Tradition of Legal Excellence Throughout Generations.","publisher":{"@id":"https:\/\/mattarlaw.com\/#organization"},"alternateName":"Mattarlaw","potentialAction":[{"@type":"SearchAction","target":{"@type":"EntryPoint","urlTemplate":"https:\/\/mattarlaw.com\/?s={search_term_string}"},"query-input":{"@type":"PropertyValueSpecification","valueRequired":true,"valueName":"search_term_string"}}],"inLanguage":"fr-FR"},{"@type":"Organization","@id":"https:\/\/mattarlaw.com\/fr\/#organization","name":"Mattar Law Firm - Cabinet D'avocats Mattar - \u0645\u0643\u062a\u0628 \u0645\u0637\u0631 \u0644\u0644\u0645\u062d\u0627\u0645\u0627\u0629","url":"https:\/\/mattarlaw.com\/","logo":{"@type":"ImageObject","url":"http:\/\/mattarlaw.com\/wp-content\/uploads\/2023\/08\/Logo-7.png"},"image":{"@id":"https:\/\/mattarlaw.com\/#\/schema\/logo\/image\/"},"sameAs":["https:\/\/www.facebook.com\/mattarlaw\/","https:\/\/x.com\/MattarLawFirm","https:\/\/www.instagram.com\/mattarlawfirm\/","https:\/\/www.linkedin.com\/company\/mattar-law-firm"],"alternateName":["Mattar Law Firm","Cabinet D'avocats Mattar","\u0645\u0643\u062a\u0628 \u0645\u0637\u0631 \u0644\u0644\u0645\u062d\u0627\u0645\u0627\u0629"],"foundingDate":"1963","founder":{"@type":"Person","name":"Salah A. Mattar"},"memberOf":[{"@type":"Organization","name":"Beirut Bar Association"}],"award":["Golden Medal \u2013 Beirut Bar Association of Lawyers in Beirut (2013)"],"address":{"@type":"PostalAddress","streetAddress":"Badaro, Sami El Solh Street, Fakih Bldg, 7th Floor","addressLocality":"Beirut","addressCountry":"LB"},"contactPoint":[{"@type":"ContactPoint","telephone":"+961 3 359 646","contactType":"customer service","areaServed":["LB","Worldwide"],"availableLanguage":["English","Arabic","French"]}],"subOrganization":[{"@type":"Organization","name":"Mattar Law Firm Dubai (Associate Office)","address":{"@type":"PostalAddress","addressLocality":"Dubai","addressCountry":"AE"}},{"@type":"Organization","name":"Mattar Law Firm London (Associate Office)","address":{"@type":"PostalAddress","addressLocality":"London","addressCountry":"GB"}},{"@type":"Organization","name":"Mattar Law Firm Paris (Associate Office)","address":{"@type":"PostalAddress","addressLocality":"Paris","addressCountry":"FR"}},{"@type":"Organization","name":"Mattar Law Firm Rome (Associate Office)","address":{"@type":"PostalAddress","addressLocality":"Rome","addressCountry":"IT"}}]}]}},"_links":{"self":[{"href":"https:\/\/mattarlaw.com\/fr\/wp-json\/wp\/v2\/pages\/6874","targetHints":{"allow":["GET"]}}],"collection":[{"href":"https:\/\/mattarlaw.com\/fr\/wp-json\/wp\/v2\/pages"}],"about":[{"href":"https:\/\/mattarlaw.com\/fr\/wp-json\/wp\/v2\/types\/page"}],"author":[{"embeddable":true,"href":"https:\/\/mattarlaw.com\/fr\/wp-json\/wp\/v2\/users\/6"}],"replies":[{"embeddable":true,"href":"https:\/\/mattarlaw.com\/fr\/wp-json\/wp\/v2\/comments?post=6874"}],"version-history":[{"count":0,"href":"https:\/\/mattarlaw.com\/fr\/wp-json\/wp\/v2\/pages\/6874\/revisions"}],"up":[{"embeddable":true,"href":"https:\/\/mattarlaw.com\/fr\/wp-json\/wp\/v2\/pages\/5785"}],"wp:attachment":[{"href":"https:\/\/mattarlaw.com\/fr\/wp-json\/wp\/v2\/media?parent=6874"}],"curies":[{"name":"wp","href":"https:\/\/api.w.org\/{rel}","templated":true}]}}