{"id":7890,"date":"2026-04-20T13:02:15","date_gmt":"2026-04-20T11:02:15","guid":{"rendered":"https:\/\/mattarlaw.com\/?page_id=7890"},"modified":"2026-04-22T15:51:00","modified_gmt":"2026-04-22T13:51:00","slug":"investissements-au-liban","status":"publish","type":"page","link":"https:\/\/mattarlaw.com\/fr\/investissements-au-liban\/","title":{"rendered":"Affaires et Investissements au Liban"},"content":{"rendered":"<div dir=\"rtl\">\n<h1 style=\"text-align: left;\">Affaires et Investissements au Liban<\/h1>\n<\/div>\n<p>Situ\u00e9 \u00e0 un carrefour g\u00e9opolitique strat\u00e9gique situ\u00e9 sur la c\u00f4te orientale de la mer m\u00e9diterran\u00e9enne, le Liban a une aire de 10.400 kilom\u00e8tres carr\u00e9s (4.015 milles carr\u00e9s), prolongeant 217 kilom\u00e8tres (135 milles) NE\u2013SW et 56 kilom\u00e8tres (35 milles) SE\u2013NW. Plusieurs facteurs aident \u00e0 contribuer \u00e0 fournir au Liban un environnement propice pour des investissements locaux et internationaux. En effet, avec son r\u00e9gime \u00e9conomique lib\u00e9ral, il constitue un environnement s\u00fbr d\u2019affaires, avec l\u2019acc\u00e8s large qu\u2019il donne aux march\u00e9s de le Moyen-Orient et sa main-d\u2019oeuvre extr\u00eamement habile, le pays peut garantir aux investisseurs les meilleures conditions pour le d\u00e9veloppement de leurs entreprises. Sans pour autant oublier le syst\u00e8me bancaire solide, s\u00e9cure avec le secret professionel. En Dessous vous trouverez les principaux secteurs d\u2019investissements au Liban.<\/p>\n<p><a title=\"Immobilier et Propri\u00e9t\u00e9 au Liban\" href=\"https:\/\/mattarlaw.com\/fr\/immobilier-proprietes-liban-avocats\/\">1- Immobilier et Propri\u00e9t\u00e9 au Liban<\/a><br \/>\n<a title=\"Formation de Soci\u00e9t\u00e9s au Liban\" href=\"https:\/\/mattarlaw.com\/fr\/formation-societes-liban\/\">2- Cr\u00e9ation de Soci\u00e9t\u00e9s Locales ou Offshore et d\u2019entreprises et Formation d\u2019entit\u00e9 d\u2019affaires et de Companies au Liban.<\/a><br \/>\n<a title=\"Former une Soci\u00e9t\u00e9 au Liban\" href=\"https:\/\/mattarlaw.com\/fr\/former-une-societe-au-liban\/\">3- Pourquoi former une soci\u00e9t\u00e9 offshore ou locale au Liban?<\/a><br \/>\n<a title=\"Soci\u00e9t\u00e9s Offshore au Liban\" href=\"https:\/\/mattarlaw.com\/fr\/societes-offshore-liban\/\">4- Soci\u00e9t\u00e9s Offshore au Liban<\/a><br \/>\n<a title=\"P\u00e9trole et Gaz au Liban\" href=\"https:\/\/mattarlaw.com\/fr\/petrole-et-gaz-avocats-liban\/\">5- P\u00e9trole et Gaz au Liban \u2013 Aide et Conseils D\u2019avocats<\/a><\/p>\n","protected":false},"excerpt":{"rendered":"<p>Affaires et Investissements au Liban Situ\u00e9 \u00e0 un carrefour g\u00e9opolitique strat\u00e9gique situ\u00e9 sur la c\u00f4te orientale de la mer m\u00e9diterran\u00e9enne, le Liban a une aire de 10.400 kilom\u00e8tres carr\u00e9s (4.015 milles carr\u00e9s), prolongeant 217 kilom\u00e8tres (135 milles) NE\u2013SW et 56 kilom\u00e8tres (35 milles) SE\u2013NW. Plusieurs facteurs aident \u00e0 contribuer \u00e0 fournir au Liban un environnement [&hellip;]<\/p>\n","protected":false},"author":1,"featured_media":0,"parent":0,"menu_order":0,"comment_status":"closed","ping_status":"closed","template":"","meta":{"_joinchat":[],"footnotes":""},"class_list":["post-7890","page","type-page","status-publish","hentry"],"yoast_head":"<!-- This site is optimized with the Yoast SEO plugin v27.4 - https:\/\/yoast.com\/product\/yoast-seo-wordpress\/ -->\n<title>Affaires et Investissements au Liban<\/title>\n<meta name=\"robots\" content=\"index, follow, max-snippet:-1, max-image-preview:large, max-video-preview:-1\" \/>\n<link rel=\"canonical\" href=\"https:\/\/mattarlaw.com\/fr\/investissements-au-liban\/\" \/>\n<meta property=\"og:locale\" content=\"fr_FR\" \/>\n<meta property=\"og:locale:alternate\" content=\"en_US\" \/>\n<meta property=\"og:locale:alternate\" content=\"ar\" \/>\n<meta property=\"og:type\" content=\"article\" \/>\n<meta property=\"og:title\" content=\"Affaires et Investissements au Liban\" \/>\n<meta property=\"og:description\" content=\"Affaires et Investissements au Liban Situ\u00e9 \u00e0 un carrefour g\u00e9opolitique strat\u00e9gique situ\u00e9 sur la c\u00f4te orientale de la mer m\u00e9diterran\u00e9enne, le Liban a une aire de 10.400 kilom\u00e8tres carr\u00e9s (4.015 milles carr\u00e9s), prolongeant 217 kilom\u00e8tres (135 milles) NE\u2013SW et 56 kilom\u00e8tres (35 milles) SE\u2013NW. Plusieurs facteurs aident \u00e0 contribuer \u00e0 fournir au Liban un environnement [&hellip;]\" \/>\n<meta property=\"og:url\" content=\"https:\/\/mattarlaw.com\/fr\/investissements-au-liban\/\" \/>\n<meta property=\"og:site_name\" content=\"Mattar Law Firm, Beirut.\" \/>\n<meta property=\"article:publisher\" content=\"https:\/\/www.facebook.com\/mattarlaw\/\" \/>\n<meta property=\"article:modified_time\" content=\"2026-04-22T13:51:00+00:00\" \/>\n<meta property=\"og:image\" content=\"https:\/\/mattarlaw.com\/wp-content\/uploads\/2023\/08\/Untitled-design-96.png\" \/>\n\t<meta property=\"og:image:width\" content=\"512\" \/>\n\t<meta property=\"og:image:height\" content=\"512\" \/>\n\t<meta property=\"og:image:type\" content=\"image\/png\" \/>\n<meta name=\"twitter:card\" content=\"summary_large_image\" \/>\n<meta name=\"twitter:site\" content=\"@MattarLawFirm\" \/>\n<meta name=\"twitter:label1\" content=\"Dur\u00e9e de lecture estim\u00e9e\" \/>\n\t<meta name=\"twitter:data1\" content=\"1 minute\" \/>\n<script type=\"application\/ld+json\" class=\"yoast-schema-graph\">{\"@context\":\"https:\\\/\\\/schema.org\",\"@graph\":[{\"@type\":\"WebPage\",\"@id\":\"https:\\\/\\\/mattarlaw.com\\\/investments-in-lebanon\\\/\",\"url\":\"https:\\\/\\\/mattarlaw.com\\\/investments-in-lebanon\\\/\",\"name\":\"Affaires et Investissements au Liban\",\"isPartOf\":{\"@id\":\"https:\\\/\\\/mattarlaw.com\\\/fr\\\/#website\"},\"datePublished\":\"2026-04-20T11:02:15+00:00\",\"dateModified\":\"2026-04-22T13:51:00+00:00\",\"breadcrumb\":{\"@id\":\"https:\\\/\\\/mattarlaw.com\\\/investments-in-lebanon\\\/#breadcrumb\"},\"inLanguage\":\"fr-FR\",\"potentialAction\":[{\"@type\":\"ReadAction\",\"target\":[\"https:\\\/\\\/mattarlaw.com\\\/investments-in-lebanon\\\/\"]}]},{\"@type\":\"BreadcrumbList\",\"@id\":\"https:\\\/\\\/mattarlaw.com\\\/investments-in-lebanon\\\/#breadcrumb\",\"itemListElement\":[{\"@type\":\"ListItem\",\"position\":1,\"name\":\"Home\",\"item\":\"https:\\\/\\\/mattarlaw.com\\\/fr\\\/\"},{\"@type\":\"ListItem\",\"position\":2,\"name\":\"Business and Investments Lawyers in Lebanon\"}]},{\"@type\":\"WebSite\",\"@id\":\"https:\\\/\\\/mattarlaw.com\\\/fr\\\/#website\",\"url\":\"https:\\\/\\\/mattarlaw.com\\\/fr\\\/\",\"name\":\"Mattar Law Firm\",\"description\":\"Mattar Law Firm, A Tradition of Legal Excellence Throughout Generations.\",\"publisher\":{\"@id\":\"https:\\\/\\\/mattarlaw.com\\\/fr\\\/#organization\"},\"alternateName\":\"Mattarlaw\",\"potentialAction\":[{\"@type\":\"SearchAction\",\"target\":{\"@type\":\"EntryPoint\",\"urlTemplate\":\"https:\\\/\\\/mattarlaw.com\\\/fr\\\/?s={search_term_string}\"},\"query-input\":{\"@type\":\"PropertyValueSpecification\",\"valueRequired\":true,\"valueName\":\"search_term_string\"}}],\"inLanguage\":\"fr-FR\"},{\"@type\":\"Organization\",\"@id\":\"https:\\\/\\\/mattarlaw.com\\\/fr\\\/#organization\",\"name\":\"Mattar Law Firm - Cabinet D'avocats Mattar - \u0645\u0643\u062a\u0628 \u0645\u0637\u0631 \u0644\u0644\u0645\u062d\u0627\u0645\u0627\u0629\",\"url\":\"https:\\\/\\\/mattarlaw.com\\\/fr\\\/\",\"logo\":{\"@type\":\"ImageObject\",\"url\":\"http:\\\/\\\/mattarlaw.com\\\/wp-content\\\/uploads\\\/2023\\\/08\\\/Logo-7.png\"},\"image\":{\"@id\":\"https:\\\/\\\/mattarlaw.com\\\/fr\\\/#\\\/schema\\\/logo\\\/image\\\/\"},\"sameAs\":[\"https:\\\/\\\/www.facebook.com\\\/mattarlaw\\\/\",\"https:\\\/\\\/x.com\\\/MattarLawFirm\",\"https:\\\/\\\/www.instagram.com\\\/mattarlawfirm\\\/\",\"https:\\\/\\\/www.linkedin.com\\\/company\\\/mattar-law-firm\"],\"alternateName\":[\"Mattar Law Firm\",\"Cabinet D'avocats Mattar\",\"\u0645\u0643\u062a\u0628 \u0645\u0637\u0631 \u0644\u0644\u0645\u062d\u0627\u0645\u0627\u0629\"],\"foundingDate\":\"1963\",\"founder\":{\"@type\":\"Person\",\"name\":\"Salah A. Mattar\"},\"memberOf\":[{\"@type\":\"Organization\",\"name\":\"Beirut Bar Association\"}],\"award\":[\"Golden Medal \u2013 Beirut Bar Association of Lawyers in Beirut (2013)\"],\"address\":{\"@type\":\"PostalAddress\",\"streetAddress\":\"Badaro, Sami El Solh Street, Fakih Bldg, 7th Floor\",\"addressLocality\":\"Beirut\",\"addressCountry\":\"LB\"},\"contactPoint\":[{\"@type\":\"ContactPoint\",\"telephone\":\"+961 3 359 646\",\"contactType\":\"customer service\",\"areaServed\":[\"LB\",\"Worldwide\"],\"availableLanguage\":[\"English\",\"Arabic\",\"French\"]}],\"subOrganization\":[{\"@type\":\"Organization\",\"name\":\"Mattar Law Firm Dubai (Associate Office)\",\"address\":{\"@type\":\"PostalAddress\",\"addressLocality\":\"Dubai\",\"addressCountry\":\"AE\"}},{\"@type\":\"Organization\",\"name\":\"Mattar Law Firm London (Associate Office)\",\"address\":{\"@type\":\"PostalAddress\",\"addressLocality\":\"London\",\"addressCountry\":\"GB\"}},{\"@type\":\"Organization\",\"name\":\"Mattar Law Firm Paris (Associate Office)\",\"address\":{\"@type\":\"PostalAddress\",\"addressLocality\":\"Paris\",\"addressCountry\":\"FR\"}},{\"@type\":\"Organization\",\"name\":\"Mattar Law Firm Rome (Associate Office)\",\"address\":{\"@type\":\"PostalAddress\",\"addressLocality\":\"Rome\",\"addressCountry\":\"IT\"}}]}]}<\/script>\n<!-- \/ Yoast SEO plugin. -->","yoast_head_json":{"title":"Affaires et Investissements au Liban","robots":{"index":"index","follow":"follow","max-snippet":"max-snippet:-1","max-image-preview":"max-image-preview:large","max-video-preview":"max-video-preview:-1"},"canonical":"https:\/\/mattarlaw.com\/fr\/investissements-au-liban\/","og_locale":"fr_FR","og_type":"article","og_title":"[:en]Business and Investments Lawyers in Lebanon[:fr]Affaires et Investissements au Liban[:ar]\u0627\u0644\u0623\u0639\u0645\u0627\u0644 \u0627\u0644\u062a\u062c\u0627\u0631\u064a\u0629 \u0648\u0627\u0644\u0627\u0633\u062a\u062b\u0645\u0627\u0631\u0627\u062a \u0641\u064a \u0644\u0628\u0646\u0627\u0646[:] - Mattar Law Firm, Beirut.","og_description":"Affaires et Investissements au Liban Situ\u00e9 \u00e0 un carrefour g\u00e9opolitique strat\u00e9gique situ\u00e9 sur la c\u00f4te orientale de la mer m\u00e9diterran\u00e9enne, le Liban a une aire de 10.400 kilom\u00e8tres carr\u00e9s (4.015 milles carr\u00e9s), prolongeant 217 kilom\u00e8tres (135 milles) NE\u2013SW et 56 kilom\u00e8tres (35 milles) SE\u2013NW. Plusieurs facteurs aident \u00e0 contribuer \u00e0 fournir au Liban un environnement [&hellip;]","og_url":"https:\/\/mattarlaw.com\/fr\/investissements-au-liban\/","og_site_name":"Mattar Law Firm, Beirut.","article_publisher":"https:\/\/www.facebook.com\/mattarlaw\/","article_modified_time":"2026-04-22T13:51:00+00:00","og_image":[{"width":512,"height":512,"url":"https:\/\/mattarlaw.com\/wp-content\/uploads\/2023\/08\/Untitled-design-96.png","type":"image\/png"}],"twitter_card":"summary_large_image","twitter_site":"@MattarLawFirm","twitter_misc":{"Dur\u00e9e de lecture estim\u00e9e":"1 minute"},"schema":{"@context":"https:\/\/schema.org","@graph":[{"@type":"WebPage","@id":"https:\/\/mattarlaw.com\/investments-in-lebanon\/","url":"https:\/\/mattarlaw.com\/investments-in-lebanon\/","name":"Affaires et Investissements au Liban","isPartOf":{"@id":"https:\/\/mattarlaw.com\/fr\/#website"},"datePublished":"2026-04-20T11:02:15+00:00","dateModified":"2026-04-22T13:51:00+00:00","breadcrumb":{"@id":"https:\/\/mattarlaw.com\/investments-in-lebanon\/#breadcrumb"},"inLanguage":"fr-FR","potentialAction":[{"@type":"ReadAction","target":["https:\/\/mattarlaw.com\/investments-in-lebanon\/"]}]},{"@type":"BreadcrumbList","@id":"https:\/\/mattarlaw.com\/investments-in-lebanon\/#breadcrumb","itemListElement":[{"@type":"ListItem","position":1,"name":"Home","item":"https:\/\/mattarlaw.com\/fr\/"},{"@type":"ListItem","position":2,"name":"Business and Investments Lawyers in Lebanon"}]},{"@type":"WebSite","@id":"https:\/\/mattarlaw.com\/fr\/#website","url":"https:\/\/mattarlaw.com\/fr\/","name":"Mattar Law Firm","description":"Mattar Law Firm, A Tradition of Legal Excellence Throughout Generations.","publisher":{"@id":"https:\/\/mattarlaw.com\/fr\/#organization"},"alternateName":"Mattarlaw","potentialAction":[{"@type":"SearchAction","target":{"@type":"EntryPoint","urlTemplate":"https:\/\/mattarlaw.com\/fr\/?s={search_term_string}"},"query-input":{"@type":"PropertyValueSpecification","valueRequired":true,"valueName":"search_term_string"}}],"inLanguage":"fr-FR"},{"@type":"Organization","@id":"https:\/\/mattarlaw.com\/fr\/#organization","name":"Mattar Law Firm - Cabinet D'avocats Mattar - \u0645\u0643\u062a\u0628 \u0645\u0637\u0631 \u0644\u0644\u0645\u062d\u0627\u0645\u0627\u0629","url":"https:\/\/mattarlaw.com\/fr\/","logo":{"@type":"ImageObject","url":"http:\/\/mattarlaw.com\/wp-content\/uploads\/2023\/08\/Logo-7.png"},"image":{"@id":"https:\/\/mattarlaw.com\/fr\/#\/schema\/logo\/image\/"},"sameAs":["https:\/\/www.facebook.com\/mattarlaw\/","https:\/\/x.com\/MattarLawFirm","https:\/\/www.instagram.com\/mattarlawfirm\/","https:\/\/www.linkedin.com\/company\/mattar-law-firm"],"alternateName":["Mattar Law Firm","Cabinet D'avocats Mattar","\u0645\u0643\u062a\u0628 \u0645\u0637\u0631 \u0644\u0644\u0645\u062d\u0627\u0645\u0627\u0629"],"foundingDate":"1963","founder":{"@type":"Person","name":"Salah A. Mattar"},"memberOf":[{"@type":"Organization","name":"Beirut Bar Association"}],"award":["Golden Medal \u2013 Beirut Bar Association of Lawyers in Beirut (2013)"],"address":{"@type":"PostalAddress","streetAddress":"Badaro, Sami El Solh Street, Fakih Bldg, 7th Floor","addressLocality":"Beirut","addressCountry":"LB"},"contactPoint":[{"@type":"ContactPoint","telephone":"+961 3 359 646","contactType":"customer service","areaServed":["LB","Worldwide"],"availableLanguage":["English","Arabic","French"]}],"subOrganization":[{"@type":"Organization","name":"Mattar Law Firm Dubai (Associate Office)","address":{"@type":"PostalAddress","addressLocality":"Dubai","addressCountry":"AE"}},{"@type":"Organization","name":"Mattar Law Firm London (Associate Office)","address":{"@type":"PostalAddress","addressLocality":"London","addressCountry":"GB"}},{"@type":"Organization","name":"Mattar Law Firm Paris (Associate Office)","address":{"@type":"PostalAddress","addressLocality":"Paris","addressCountry":"FR"}},{"@type":"Organization","name":"Mattar Law Firm Rome (Associate Office)","address":{"@type":"PostalAddress","addressLocality":"Rome","addressCountry":"IT"}}]}]}},"_links":{"self":[{"href":"https:\/\/mattarlaw.com\/fr\/wp-json\/wp\/v2\/pages\/7890","targetHints":{"allow":["GET"]}}],"collection":[{"href":"https:\/\/mattarlaw.com\/fr\/wp-json\/wp\/v2\/pages"}],"about":[{"href":"https:\/\/mattarlaw.com\/fr\/wp-json\/wp\/v2\/types\/page"}],"author":[{"embeddable":true,"href":"https:\/\/mattarlaw.com\/fr\/wp-json\/wp\/v2\/users\/1"}],"replies":[{"embeddable":true,"href":"https:\/\/mattarlaw.com\/fr\/wp-json\/wp\/v2\/comments?post=7890"}],"version-history":[{"count":1,"href":"https:\/\/mattarlaw.com\/fr\/wp-json\/wp\/v2\/pages\/7890\/revisions"}],"predecessor-version":[{"id":8033,"href":"https:\/\/mattarlaw.com\/fr\/wp-json\/wp\/v2\/pages\/7890\/revisions\/8033"}],"wp:attachment":[{"href":"https:\/\/mattarlaw.com\/fr\/wp-json\/wp\/v2\/media?parent=7890"}],"curies":[{"name":"wp","href":"https:\/\/api.w.org\/{rel}","templated":true}]}}